{"id":69220,"date":"2018-07-18T17:43:04","date_gmt":"2018-07-18T15:43:04","guid":{"rendered":"https:\/\/www.campingangers.com\/professionnels\/"},"modified":"2026-03-26T10:36:32","modified_gmt":"2026-03-26T09:36:32","slug":"professionnels","status":"publish","type":"page","link":"https:\/\/www.campingangers.com\/nl\/professionnels\/","title":{"rendered":"Professionnels"},"content":{"rendered":"<div class=\"wpb-content-wrapper\"><p>[vc_row][vc_column][vc_single_image image=&#8221;66940&#8243; img_size=&#8221;1900&#215;500&#8243; alignment=&#8221;center&#8221;][\/vc_column][\/vc_row][vc_row][vc_column]<div class=\"wrappedcontent\">[vc_row_inner equal_height=&#8221;yes&#8221; gap=&#8221;35&#8243; css=&#8221;.vc_custom_1619450934876{margin-left: -0.5px !important;}&#8221;][vc_column_inner][vc_column_text]<\/p>\n<h2 style=\"text-align: center;\"><strong>WELKOM BIJ CITYKAMP ANGERS<\/strong><\/h2>\n<p>[\/vc_column_text][\/vc_column_inner][\/vc_row_inner][vc_row_inner equal_height=&#8221;yes&#8221; gap=&#8221;35&#8243; css=&#8221;.vc_custom_1619450934876{margin-left: -0.5px !important;}&#8221;][vc_column_inner][vc_column_text]<\/p>\n<p style=\"text-align: center;\"><span style=\"font-size: 14pt;\"><strong>De beste prijs-kwaliteitverhouding voor de accommodatie van uw teams!<br \/>\n<\/strong><\/span><br \/>\n<span style=\"font-size: 14pt;\">Accommodatie nodig tijdens een beurs, een zakelijke cursus, een werkbezoek of een bouwproject, voor \u00e9\u00e9n nacht of enkele weken? Citykamp Angers Lac de Maine is h\u00e9t voordelige alternatief voor het traditionele hotelaanbod.<\/span><\/p>\n<p>[\/vc_column_text][\/vc_column_inner][\/vc_row_inner]<div class=\"text-center btnwrap\"><a class=\"btn btn-huttopia-cta\" href=\"mailto:pros@huttopia.com\" role=\"button\" target=\"\" onclick=\"dataLayer.push({'event':'clickCity', 'clickText':'WE HELPEN U GRAAG BIJ HET ORGANISEREN VAN UW ZAKENREIS'})\">WE HELPEN U GRAAG BIJ HET ORGANISEREN VAN UW ZAKENREIS<\/a><\/div>[vc_empty_space height=&#8221;20px&#8221;][vc_row_inner equal_height=&#8221;yes&#8221; gap=&#8221;35&#8243; css=&#8221;.vc_custom_1617287850663{margin-left: -0.5px !important;background-color: #ffffff !important;}&#8221;][vc_column_inner width=&#8221;1\/2&#8243;][vc_single_image image=&#8221;66946&#8243; img_size=&#8221;600&#215;300&#8243;][\/vc_column_inner][vc_column_inner width=&#8221;1\/2&#8243;][vc_empty_space height=&#8221;25px&#8221;][vc_column_text]<\/p>\n<p style=\"text-align: center;\"><span style=\"font-size: 18pt;\"><strong><span style=\"color: #e84e1b;\">&#8211; VLAKBIJ DE STAD &#8211;<\/span><\/strong><\/span><\/p>\n<p style=\"text-align: center;\"><span style=\"font-size: 14pt;\">Dankzij zijn gunstige centrale ligging biedt Citykamp Angers Lac de Maine direct toegang tot het stadscentrum, het Parc d\u2019Exposition, het congrescentrum Jean Monnier, de Universiteit en het universitair ziekenhuis en de verschillende bedrijventerreinen in Angers.<\/span><\/p>\n<p>[\/vc_column_text][\/vc_column_inner][\/vc_row_inner][vc_empty_space height=&#8221;30px&#8221;][vc_column_text css=&#8221;&#8221;]<\/p>\n<p style=\"text-align: center;\"><span style=\"font-size: 18pt;\"><strong><span style=\"color: #e84e1b;\">&#8211; VOORDELIGE EN COMFORTABELE ACCOMMODATIE-OPLOSSINGEN &#8211;<\/span><\/strong><\/span><\/p>\n<p style=\"text-align: center;\"><span style=\"font-size: 14pt;\"><strong>De volledig uitgeruste accommodaties zijn de basis waar uw medewerkers hun eigen gang kunnen gaan.<\/strong><\/span><br \/>\n<span style=\"font-size: 14pt;\">Citykamp Angers biedt uw teams het comfort van een hotel en de keus uit individuele of gedeelde slaapkamers!<\/span><\/p>\n<p>[\/vc_column_text][vc_empty_space][vc_row_inner equal_height=&#8221;yes&#8221; gap=&#8221;25&#8243; css=&#8221;.vc_custom_1617288066895{margin-left: -0.5px !important;}&#8221;][vc_column_inner width=&#8221;1\/3&#8243;][vc_masonry_media_grid element_width=&#8221;12&#8243; gap=&#8221;0&#8243; grid_id=&#8221;vc_gid:1774517782958-4c7a28e7-3663-10&#8243; include=&#8221;66952&#8243;][vc_empty_space height=&#8221;20px&#8221;][vc_text_separator title=&#8221;CHALET EVASION&#8221; color=&#8221;custom&#8221; border_width=&#8221;2&#8243; accent_color=&#8221;#e84e1b&#8221;][\/vc_column_inner][vc_column_inner width=&#8221;1\/3&#8243;][vc_masonry_media_grid element_width=&#8221;12&#8243; gap=&#8221;0&#8243; grid_id=&#8221;vc_gid:1774517782959-940c82f9-d082-5&#8243; include=&#8221;66964&#8243;][vc_empty_space height=&#8221;20px&#8221;][vc_text_separator title=&#8221;MOBILE-HOME&#8221; color=&#8221;custom&#8221; border_width=&#8221;2&#8243; accent_color=&#8221;#e84e1b&#8221;][\/vc_column_inner][vc_column_inner width=&#8221;1\/3&#8243;][vc_masonry_media_grid element_width=&#8221;12&#8243; gap=&#8221;0&#8243; grid_id=&#8221;vc_gid:1774517782960-6fc89821-6358-0&#8243; include=&#8221;69210&#8243;][vc_empty_space height=&#8221;20px&#8221;][vc_text_separator title=&#8221;CHALET VICTORIA&#8221; color=&#8221;custom&#8221; border_width=&#8221;2&#8243; accent_color=&#8221;#e84e1b&#8221;][\/vc_column_inner][\/vc_row_inner][vc_empty_space][vc_row_inner equal_height=&#8221;yes&#8221; gap=&#8221;20&#8243; css=&#8221;.vc_custom_1617288435944{margin-left: -0.5px !important;}&#8221;][vc_column_inner width=&#8221;1\/6&#8243;][vc_icon icon_fontawesome=&#8221;far fa-calendar-check&#8221; color=&#8221;custom&#8221; align=&#8221;center&#8221; custom_color=&#8221;#e84e1b&#8221;][vc_column_text css=&#8221;.vc_custom_1622130567319{margin-top: -40px !important;}&#8221;]<\/p>\n<p style=\"text-align: center;\"><span style=\"color: #e84e1b;\"><strong>Receptie 7 dagen per week geopend<\/strong><\/span><\/p>\n<p>[\/vc_column_text][\/vc_column_inner][vc_column_inner width=&#8221;1\/6&#8243;][vc_icon icon_fontawesome=&#8221;fas fa-wifi&#8221; color=&#8221;custom&#8221; align=&#8221;center&#8221; custom_color=&#8221;#e84e1b&#8221;][vc_column_text css=&#8221;.vc_custom_1774517789427{margin-top: -40px !important;}&#8221;]<\/p>\n<p style=\"text-align: center;\"><span style=\"color: #e84e1b;\"><strong>Gratis WiFi<\/strong><\/span><span style=\"color: #e84e1b;\"><strong><br \/>\n<\/strong><\/span><\/p>\n<p>[\/vc_column_text][\/vc_column_inner][vc_column_inner width=&#8221;1\/6&#8243;][vc_icon icon_fontawesome=&#8221;fas fa-parking&#8221; color=&#8221;custom&#8221; align=&#8221;center&#8221; custom_color=&#8221;#e84e1b&#8221;][vc_column_text css=&#8221;.vc_custom_1622130584843{margin-top: -40px !important;}&#8221;]<\/p>\n<p style=\"text-align: center;\"><span style=\"color: #e84e1b;\"><strong>Gratis parkeren<\/strong><\/span><\/p>\n<p>[\/vc_column_text][\/vc_column_inner][vc_column_inner width=&#8221;1\/6&#8243;][vc_icon icon_fontawesome=&#8221;fas fa-bed&#8221; color=&#8221;custom&#8221; align=&#8221;center&#8221; custom_color=&#8221;#e84e1b&#8221;][vc_column_text css=&#8221;.vc_custom_1622130596470{margin-top: -40px !important;}&#8221;]<\/p>\n<p style=\"text-align: center;\"><span style=\"color: #ffffff;\"><span style=\"color: #e84e1b;\"><strong>Lakens en handdoeken<\/strong><\/span><br \/>\n<span style=\"color: #e84e1b;\">inbegrepen of optioneel<\/span><\/span><\/p>\n<p>[\/vc_column_text][\/vc_column_inner][vc_column_inner width=&#8221;1\/6&#8243;][vc_icon icon_fontawesome=&#8221;fas fa-utensils&#8221; color=&#8221;custom&#8221; align=&#8221;center&#8221; custom_color=&#8221;#e84e1b&#8221;][vc_column_text css=&#8221;.vc_custom_1622130604261{margin-top: -40px !important;}&#8221;]<\/p>\n<p style=\"text-align: center;\"><span style=\"color: #e84e1b;\"><strong>Caf\u00e9-restaurant en kleine kruidenierswinkel<\/strong><\/span><\/p>\n<p>[\/vc_column_text][\/vc_column_inner][vc_column_inner width=&#8221;1\/6&#8243;][vc_icon icon_fontawesome=&#8221;fas fa-coffee&#8221; color=&#8221;custom&#8221; align=&#8221;center&#8221; custom_color=&#8221;#e84e1b&#8221;][vc_column_text css=&#8221;.vc_custom_1622130622516{margin-top: -40px !important;}&#8221;]<\/p>\n<p style=\"text-align: center;\"><span style=\"color: #e84e1b;\"><strong>Ontbijt<\/strong><\/span><\/p>\n<p>[\/vc_column_text][\/vc_column_inner][\/vc_row_inner][vc_empty_space]<div class=\"text-center btnwrap\"><a class=\"btn btn-huttopia-cta\" href=\"mailto:pros@huttopia.com\" role=\"button\" target=\"\" onclick=\"dataLayer.push({'event':'clickCity', 'clickText':'BOEK NU'})\">BOEK NU<\/a><\/div><\/div>[\/vc_column][\/vc_row][vc_row css=&#8221;.vc_custom_1617288231942{background-color: #e8e8e8 !important;}&#8221;][vc_column]<div class=\"wrappedcontent\">[vc_column_text]<\/p>\n<p style=\"text-align: center;\"><span style=\"color: #e84e1b; font-size: 18pt;\"><strong>&#8211; VOOR AL UW ZAKENREIZEN &#8211;<\/strong><\/span><\/p>\n<p>[\/vc_column_text][vc_empty_space height=&#8221;20px&#8221;][vc_row_inner equal_height=&#8221;yes&#8221; gap=&#8221;35&#8243; css=&#8221;.vc_custom_1617288262618{margin-left: -0.5px !important;}&#8221;][vc_column_inner width=&#8221;1\/3&#8243; css=&#8221;.vc_custom_1617288402446{background-color: #ffffff !important;}&#8221;][vc_masonry_media_grid element_width=&#8221;12&#8243; gap=&#8221;0&#8243; grid_id=&#8221;vc_gid:1774517782962-0f591df6-0354-1&#8243; include=&#8221;69118&#8243;][vc_empty_space height=&#8221;15px&#8221;][vc_column_text css=&#8221;.vc_custom_1622130651288{padding-right: 10px !important;padding-bottom: 10px !important;padding-left: 10px !important;}&#8221;]<\/p>\n<p style=\"text-align: center;\"><span style=\"color: #e84e1b;\"><strong>Voor bedrijven die hun teams willen ontvangen, tegen de beste prijs\/kwaliteitsverhouding<\/strong><\/span><\/p>\n<p style=\"text-align: center;\">Van 1 tot 150 personen<\/p>\n<p>[\/vc_column_text][\/vc_column_inner][vc_column_inner width=&#8221;1\/3&#8243; css=&#8221;.vc_custom_1617288398584{background-color: #ffffff !important;}&#8221;][vc_masonry_media_grid element_width=&#8221;12&#8243; gap=&#8221;0&#8243; grid_id=&#8221;vc_gid:1774517782963-97b2409f-df2f-9&#8243; include=&#8221;69124&#8243;][vc_empty_space height=&#8221;15px&#8221;][vc_column_text css=&#8221;.vc_custom_1622130663795{padding-right: 10px !important;padding-bottom: 10px !important;padding-left: 10px !important;}&#8221;]<\/p>\n<p style=\"text-align: center;\"><span style=\"color: #e84e1b;\"><strong>Voor al uw zakenreizen<\/strong><\/span><\/p>\n<p style=\"text-align: center;\">Een (bouw)project in Angers of de Loirestreek<br \/>\nEen beurs in het Congrescentrum of het Parc des Expositions van Angers<br \/>\nEen cursus of tijdelijk contract in Angers<br \/>\nReguliere zakenreizen in de omgeving van Maine-et-Loire<\/p>\n<p>[\/vc_column_text][\/vc_column_inner][vc_column_inner width=&#8221;1\/3&#8243; css=&#8221;.vc_custom_1617288394342{background-color: #ffffff !important;}&#8221;][vc_masonry_media_grid element_width=&#8221;12&#8243; gap=&#8221;0&#8243; grid_id=&#8221;vc_gid:1774517782964-71c692eb-304d-2&#8243; include=&#8221;69130&#8243;][vc_empty_space height=&#8221;15px&#8221;][vc_column_text css=&#8221;.vc_custom_1622130676787{padding-right: 10px !important;padding-bottom: 10px !important;padding-left: 10px !important;}&#8221;]<\/p>\n<p style=\"text-align: center;\"><span style=\"color: #e84e1b;\"><strong>U bent het hele jaar welkom<\/strong><\/span><\/p>\n<p style=\"text-align: center;\">Voor korte, middellange of lange termijn<br \/>\nVan 1 nacht tot meerdere maanden<\/p>\n<p>[\/vc_column_text][\/vc_column_inner][\/vc_row_inner]<\/div>[\/vc_column][\/vc_row][vc_row][vc_column]<div class=\"wrappedcontent\">[vc_row_inner equal_height=&#8221;yes&#8221; gap=&#8221;35&#8243; css=&#8221;.vc_custom_1617288717590{margin-left: -0.5px !important;}&#8221;][vc_column_inner][vc_column_text]<\/p>\n<p style=\"text-align: center;\"><span style=\"color: #e84e1b; font-size: 18pt;\"><strong>&#8211; UW CITYKAMP ANGERS IS EENVOUDIG BEREIKBAAR &#8211;<\/strong><\/span><\/p>\n<p style=\"text-align: center;\"><span style=\"font-size: 14pt;\"><strong>Optimaliseer uw reistijd in Angers en omgeving!<\/strong><\/span><\/p>\n<p>[\/vc_column_text][\/vc_column_inner][\/vc_row_inner][vc_empty_space height=&#8221;20px&#8221;][vc_row_inner equal_height=&#8221;yes&#8221; gap=&#8221;20&#8243; css=&#8221;.vc_custom_1617288807225{margin-left: -0.5px !important;}&#8221;][vc_column_inner width=&#8221;1\/4&#8243; css=&#8221;.vc_custom_1617288812663{background-color: #e8e8e8 !important;}&#8221;][vc_icon icon_fontawesome=&#8221;fas fa-car-side&#8221; color=&#8221;custom&#8221; align=&#8221;center&#8221; custom_color=&#8221;#e84e1b&#8221;][vc_column_text css=&#8221;.vc_custom_1622130718911{margin-top: -40px !important;padding-top: 10px !important;padding-right: 10px !important;padding-bottom: 10px !important;padding-left: 10px !important;}&#8221;]<\/p>\n<p style=\"text-align: center;\"><strong>Met de auto<\/strong><br \/>\n<span style=\"font-size: 10pt;\"><strong>Vanaf Parijs:<\/strong> A11, afslag 15 \u00ab Angers Centre \u00bb<\/span><br \/>\n<span style=\"font-size: 10pt;\"><strong>Vanaf Bordeaux:<\/strong> A87, afslag 20 \u00ab Angers Centre \/ Angers-Sud \u00bb<\/span><\/p>\n<p>[\/vc_column_text][\/vc_column_inner][vc_column_inner width=&#8221;1\/4&#8243; css=&#8221;.vc_custom_1617288816568{background-color: #e8e8e8 !important;}&#8221;][vc_icon icon_fontawesome=&#8221;fas fa-bus-alt&#8221; color=&#8221;custom&#8221; align=&#8221;center&#8221; custom_color=&#8221;#e84e1b&#8221;][vc_column_text css=&#8221;.vc_custom_1622130732350{margin-top: -40px !important;padding-top: 10px !important;padding-right: 10px !important;padding-bottom: 10px !important;padding-left: 10px !important;}&#8221;]<\/p>\n<p style=\"text-align: center;\"><strong>Openbaar vervoer<\/strong><br \/>\n<span style=\"font-size: 10pt;\"><strong>Bus :<\/strong> (10 min. lopen)<\/span><\/p>\n<p>[\/vc_column_text][\/vc_column_inner][vc_column_inner width=&#8221;1\/4&#8243; css=&#8221;.vc_custom_1617288820257{background-color: #e8e8e8 !important;}&#8221;][vc_icon icon_fontawesome=&#8221;fas fa-subway&#8221; color=&#8221;custom&#8221; align=&#8221;center&#8221; custom_color=&#8221;#e84e1b&#8221;][vc_column_text css=&#8221;.vc_custom_1622130753016{margin-top: -40px !important;padding-top: 10px !important;padding-right: 10px !important;padding-bottom: 10px !important;padding-left: 10px !important;}&#8221;]<\/p>\n<p style=\"text-align: center;\"><strong>Treinstation<\/strong><br \/>\n<span style=\"font-size: 10pt;\"><strong>Angers Saint-Laud:<\/strong> (6 km)<\/span><\/p>\n<p>[\/vc_column_text][\/vc_column_inner][vc_column_inner width=&#8221;1\/4&#8243; css=&#8221;.vc_custom_1617288825991{background-color: #e8e8e8 !important;}&#8221;][vc_icon icon_fontawesome=&#8221;fas fa-plane&#8221; color=&#8221;custom&#8221; align=&#8221;center&#8221; custom_color=&#8221;#e84e1b&#8221;][vc_column_text css=&#8221;.vc_custom_1622130762800{margin-top: -40px !important;padding-top: 10px !important;padding-right: 10px !important;padding-bottom: 10px !important;padding-left: 10px !important;}&#8221;]<\/p>\n<p style=\"text-align: center;\"><strong>Luchthavens<\/strong><br \/>\n<span style=\"font-size: 10pt;\"><strong>A\u00e9roport d&#8217;Angers :<\/strong> (30 min)<\/span><br \/>\n<span style=\"font-size: 10pt;\"><strong>Nantes Atlantique :<\/strong> (1 h)<\/span><\/p>\n<p>[\/vc_column_text][\/vc_column_inner][\/vc_row_inner]<\/div>[\/vc_column][\/vc_row][vc_row css=&#8221;.vc_custom_1617289034721{background-color: #e84e1b !important;}&#8221;][vc_column]<div class=\"wrappedcontent\">[vc_column_text]<\/p>\n<p style=\"text-align: center;\"><span style=\"font-size: 18pt; color: #ffffff;\"><strong>E\u00e9n contactpersoon die u van A tot Z bij uw project begeleidt<\/strong><\/span><\/p>\n<p>[\/vc_column_text][vc_empty_space height=&#8221;20px&#8221;][vc_row_inner gap=&#8221;20&#8243; css=&#8221;.vc_custom_1617289069552{margin-left: -0.5px !important;}&#8221;][vc_column_inner width=&#8221;1\/3&#8243;][vc_icon icon_fontawesome=&#8221;fas fa-phone-alt&#8221; color=&#8221;custom&#8221; align=&#8221;center&#8221; custom_color=&#8221;#ffffff&#8221;][vc_column_text css=&#8221;.vc_custom_1646067361180{margin-top: -40px !important;padding-top: 10px !important;padding-bottom: 10px !important;}&#8221;]<\/p>\n<p style=\"text-align: center;\"><span style=\"color: #ffffff; font-size: 14pt;\"><strong><a style=\"color: #ffffff;\" href=\"tel:0477522308\">+33 4 77 52 23 08<\/a><\/strong><br \/>\n(Voor aankomst overdag: <a style=\"color: #ffffff;\" href=\"tel:0241819737\">+33 (0)2 41 81 97 37<\/a>)<\/span><\/p>\n<p>[\/vc_column_text][\/vc_column_inner][vc_column_inner width=&#8221;1\/3&#8243;][vc_icon icon_fontawesome=&#8221;far fa-envelope&#8221; color=&#8221;custom&#8221; align=&#8221;center&#8221; custom_color=&#8221;#ffffff&#8221;][vc_column_text css=&#8221;.vc_custom_1619451670366{margin-top: -40px !important;padding-top: 10px !important;padding-bottom: 10px !important;}&#8221;]<\/p>\n<p style=\"text-align: center;\"><span style=\"color: #ffffff; font-size: 14pt;\"><strong><a style=\"color: #ffffff;\" href=\"mailto:pros@huttopia.com\">pros@huttopia.com<\/a><\/strong><\/span><\/p>\n<p>[\/vc_column_text][\/vc_column_inner][vc_column_inner width=&#8221;1\/3&#8243;][vc_icon icon_fontawesome=&#8221;fas fa-globe&#8221; color=&#8221;custom&#8221; align=&#8221;center&#8221; custom_color=&#8221;#ffffff&#8221;][vc_column_text css=&#8221;.vc_custom_1622130783252{margin-top: -40px !important;padding-top: 10px !important;padding-bottom: 10px !important;}&#8221;]<\/p>\n<p style=\"text-align: center;\"><span style=\"color: #ffffff; font-size: 14pt;\"><strong><a style=\"color: #ffffff;\" href=\"https:\/\/www.campingangers.com\/contact\/\">Online contactformulier<\/a><\/strong><\/span><\/p>\n<p>[\/vc_column_text][\/vc_column_inner][\/vc_row_inner]<\/div>[\/vc_column][\/vc_row][vc_row][vc_column]<div class=\"wrappedcontent\">[vc_masonry_media_grid style=&#8221;load-more&#8221; items_per_page=&#8221;3&#8243; item=&#8221;945&#8243; btn_title=&#8221;MEER WETEN&#8221; btn_style=&#8221;modern&#8221; btn_shape=&#8221;square&#8221; btn_color=&#8221;default&#8221; btn_size=&#8221;xs&#8221; btn_align=&#8221;center&#8221; grid_id=&#8221;vc_gid:1774517782966-f7288b37-72f4-5&#8243; include=&#8221;69136,69142,69148,69154&#8243;]<\/div>[\/vc_column][\/vc_row]<\/p>\n<\/div>","protected":false},"excerpt":{"rendered":"<p>[vc_row][vc_column][vc_single_image image=&#8221;66940&#8243; img_size=&#8221;1900&#215;500&#8243; alignment=&#8221;center&#8221;][\/vc_column][\/vc_row][vc_row][vc_column][\/vc_column][\/vc_row][vc_row css=&#8221;.vc_custom_1617288231942{background-color: #e8e8e8 !important;}&#8221;][vc_column][\/vc_column][\/vc_row][vc_row][vc_column][\/vc_column][\/vc_row][vc_row css=&#8221;.vc_custom_1617289034721{background-color: #e84e1b !important;}&#8221;][vc_column][\/vc_column][\/vc_row][vc_row][vc_column][\/vc_column][\/vc_row]<\/p>\n","protected":false},"author":1,"featured_media":0,"parent":0,"menu_order":0,"comment_status":"closed","ping_status":"closed","template":"","meta":{"footnotes":""},"class_list":["post-69220","page","type-page","status-publish","hentry"],"yoast_head":"<!-- This site is optimized with the Yoast SEO plugin v25.6 - https:\/\/yoast.com\/wordpress\/plugins\/seo\/ -->\n<title>Professionnels - Camping d&#039;Angers - Lac de Maine<\/title>\n<meta name=\"description\" content=\"Het Citykamp van Angers Lac de Maine is het economische alternatief voor de traditionele hotels voor uw professionele verblijven.\" \/>\n<meta name=\"robots\" content=\"index, follow, max-snippet:-1, max-image-preview:large, max-video-preview:-1\" \/>\n<link rel=\"canonical\" href=\"https:\/\/www.campingangers.com\/nl\/professionnels\/\" \/>\n<meta property=\"og:locale\" content=\"nl_NL\" \/>\n<meta property=\"og:type\" content=\"article\" \/>\n<meta property=\"og:title\" content=\"Professionnels - Camping d&#039;Angers - Lac de Maine\" \/>\n<meta property=\"og:description\" content=\"Het Citykamp van Angers Lac de Maine is het economische alternatief voor de traditionele hotels voor uw professionele verblijven.\" \/>\n<meta property=\"og:url\" content=\"https:\/\/www.campingangers.com\/nl\/professionnels\/\" \/>\n<meta property=\"og:site_name\" content=\"Camping d&#039;Angers - Lac de Maine\" \/>\n<meta property=\"article:modified_time\" content=\"2026-03-26T09:36:32+00:00\" \/>\n<meta name=\"twitter:card\" content=\"summary_large_image\" \/>\n<meta name=\"twitter:label1\" content=\"Est. reading time\" \/>\n\t<meta name=\"twitter:data1\" content=\"4 minuten\" \/>\n<script type=\"application\/ld+json\" class=\"yoast-schema-graph\">{\"@context\":\"https:\/\/schema.org\",\"@graph\":[{\"@type\":\"WebPage\",\"@id\":\"https:\/\/www.campingangers.com\/nl\/professionnels\/\",\"url\":\"https:\/\/www.campingangers.com\/nl\/professionnels\/\",\"name\":\"Professionnels - Camping d&#039;Angers - Lac de Maine\",\"isPartOf\":{\"@id\":\"https:\/\/www.campingangers.com\/nl\/#website\"},\"datePublished\":\"2018-07-18T15:43:04+00:00\",\"dateModified\":\"2026-03-26T09:36:32+00:00\",\"description\":\"Het Citykamp van Angers Lac de Maine is het economische alternatief voor de traditionele hotels voor uw professionele verblijven.\",\"breadcrumb\":{\"@id\":\"https:\/\/www.campingangers.com\/nl\/professionnels\/#breadcrumb\"},\"inLanguage\":\"nl\",\"potentialAction\":[{\"@type\":\"ReadAction\",\"target\":[\"https:\/\/www.campingangers.com\/nl\/professionnels\/\"]}]},{\"@type\":\"BreadcrumbList\",\"@id\":\"https:\/\/www.campingangers.com\/nl\/professionnels\/#breadcrumb\",\"itemListElement\":[{\"@type\":\"ListItem\",\"position\":1,\"name\":\"Accueil\",\"item\":\"https:\/\/www.campingangers.com\/nl\/\"},{\"@type\":\"ListItem\",\"position\":2,\"name\":\"Professionnels\"}]},{\"@type\":\"WebSite\",\"@id\":\"https:\/\/www.campingangers.com\/nl\/#website\",\"url\":\"https:\/\/www.campingangers.com\/nl\/\",\"name\":\"Camping d&#039;Angers - Lac de Maine\",\"description\":\"Un site utilisant Citykamp\",\"potentialAction\":[{\"@type\":\"SearchAction\",\"target\":{\"@type\":\"EntryPoint\",\"urlTemplate\":\"https:\/\/www.campingangers.com\/nl\/?s={search_term_string}\"},\"query-input\":{\"@type\":\"PropertyValueSpecification\",\"valueRequired\":true,\"valueName\":\"search_term_string\"}}],\"inLanguage\":\"nl\"}]}<\/script>\n<!-- \/ Yoast SEO plugin. -->","yoast_head_json":{"title":"Professionnels - Camping d&#039;Angers - Lac de Maine","description":"Het Citykamp van Angers Lac de Maine is het economische alternatief voor de traditionele hotels voor uw professionele verblijven.","robots":{"index":"index","follow":"follow","max-snippet":"max-snippet:-1","max-image-preview":"max-image-preview:large","max-video-preview":"max-video-preview:-1"},"canonical":"https:\/\/www.campingangers.com\/nl\/professionnels\/","og_locale":"nl_NL","og_type":"article","og_title":"Professionnels - Camping d&#039;Angers - Lac de Maine","og_description":"Het Citykamp van Angers Lac de Maine is het economische alternatief voor de traditionele hotels voor uw professionele verblijven.","og_url":"https:\/\/www.campingangers.com\/nl\/professionnels\/","og_site_name":"Camping d&#039;Angers - Lac de Maine","article_modified_time":"2026-03-26T09:36:32+00:00","twitter_card":"summary_large_image","twitter_misc":{"Est. reading time":"4 minuten"},"schema":{"@context":"https:\/\/schema.org","@graph":[{"@type":"WebPage","@id":"https:\/\/www.campingangers.com\/nl\/professionnels\/","url":"https:\/\/www.campingangers.com\/nl\/professionnels\/","name":"Professionnels - Camping d&#039;Angers - Lac de Maine","isPartOf":{"@id":"https:\/\/www.campingangers.com\/nl\/#website"},"datePublished":"2018-07-18T15:43:04+00:00","dateModified":"2026-03-26T09:36:32+00:00","description":"Het Citykamp van Angers Lac de Maine is het economische alternatief voor de traditionele hotels voor uw professionele verblijven.","breadcrumb":{"@id":"https:\/\/www.campingangers.com\/nl\/professionnels\/#breadcrumb"},"inLanguage":"nl","potentialAction":[{"@type":"ReadAction","target":["https:\/\/www.campingangers.com\/nl\/professionnels\/"]}]},{"@type":"BreadcrumbList","@id":"https:\/\/www.campingangers.com\/nl\/professionnels\/#breadcrumb","itemListElement":[{"@type":"ListItem","position":1,"name":"Accueil","item":"https:\/\/www.campingangers.com\/nl\/"},{"@type":"ListItem","position":2,"name":"Professionnels"}]},{"@type":"WebSite","@id":"https:\/\/www.campingangers.com\/nl\/#website","url":"https:\/\/www.campingangers.com\/nl\/","name":"Camping d&#039;Angers - Lac de Maine","description":"Un site utilisant Citykamp","potentialAction":[{"@type":"SearchAction","target":{"@type":"EntryPoint","urlTemplate":"https:\/\/www.campingangers.com\/nl\/?s={search_term_string}"},"query-input":{"@type":"PropertyValueSpecification","valueRequired":true,"valueName":"search_term_string"}}],"inLanguage":"nl"}]}},"_links":{"self":[{"href":"https:\/\/www.campingangers.com\/nl\/wp-json\/wp\/v2\/pages\/69220","targetHints":{"allow":["GET"]}}],"collection":[{"href":"https:\/\/www.campingangers.com\/nl\/wp-json\/wp\/v2\/pages"}],"about":[{"href":"https:\/\/www.campingangers.com\/nl\/wp-json\/wp\/v2\/types\/page"}],"author":[{"embeddable":true,"href":"https:\/\/www.campingangers.com\/nl\/wp-json\/wp\/v2\/users\/1"}],"replies":[{"embeddable":true,"href":"https:\/\/www.campingangers.com\/nl\/wp-json\/wp\/v2\/comments?post=69220"}],"version-history":[{"count":3,"href":"https:\/\/www.campingangers.com\/nl\/wp-json\/wp\/v2\/pages\/69220\/revisions"}],"predecessor-version":[{"id":89794,"href":"https:\/\/www.campingangers.com\/nl\/wp-json\/wp\/v2\/pages\/69220\/revisions\/89794"}],"wp:attachment":[{"href":"https:\/\/www.campingangers.com\/nl\/wp-json\/wp\/v2\/media?parent=69220"}],"curies":[{"name":"wp","href":"https:\/\/api.w.org\/{rel}","templated":true}]}}