{"id":562,"date":"2018-02-26T11:42:29","date_gmt":"2018-02-26T10:42:29","guid":{"rendered":"http:\/\/www.campingangers.com\/contact\/"},"modified":"2025-10-01T09:04:40","modified_gmt":"2025-10-01T07:04:40","slug":"contact","status":"publish","type":"page","link":"https:\/\/www.campingangers.com\/nl\/contact\/","title":{"rendered":"Contact"},"content":{"rendered":"<div class=\"wpb-content-wrapper\"><p>[vc_row][vc_column]<div class=\"wrappedcontent\">[vc_column_text css=&#8221;.vc_custom_1759302278926{padding-top: 15px !important;padding-right: 15px !important;padding-bottom: 15px !important;padding-left: 15px !important;background-color: #e8e8e8 !important;}&#8221;]<\/p>\n<p style=\"text-align: center;\"><span style=\"font-size: 14pt;\"><strong><span style=\"color: #d78200;\">Uw verblijf is afgelopen en u wilt een klacht aan ons doorgeven?<br \/>\n<\/span><\/strong><\/span><span style=\"color: #333333;\">Om de verwerking te vergemakkelijken, vragen we u ons speciale contactformulier te gebruiken door <span style=\"text-decoration: underline;\"><a style=\"color: #333333; text-decoration: underline;\" href=\"https:\/\/huttopia.wizville.fr\/survey\/campaign\/3247?placeid=921&amp;language=nl\" target=\"_blank\" rel=\"noopener noreferrer\">hier te klikken<\/a><\/span>.<\/span><\/p>\n<p>[\/vc_column_text][vc_empty_space height=&#8221;20px&#8221;][vc_column_text]<\/p>\n<p style=\"text-align: center;\"><span style=\"font-size: 14pt;\">Voor alle andere verzoeken kunt u het onderstaande formulier gebruiken.<br \/>\n<\/span><\/p>\n<p>[\/vc_column_text]<\/div>[\/vc_column][\/vc_row]<\/p>\n<\/div>","protected":false},"excerpt":{"rendered":"<p>[vc_row][vc_column][\/vc_column][\/vc_row]<\/p>\n","protected":false},"author":1,"featured_media":0,"parent":0,"menu_order":0,"comment_status":"closed","ping_status":"closed","template":"templates\/page-contact.php","meta":{"footnotes":""},"class_list":["post-562","page","type-page","status-publish","hentry"],"yoast_head":"<!-- This site is optimized with the Yoast SEO plugin v25.6 - https:\/\/yoast.com\/wordpress\/plugins\/seo\/ -->\n<title>Contact - Camping d&#039;Angers - Lac de Maine<\/title>\n<meta name=\"description\" content=\"Nous tenons \u00e0 ce que votre s\u00e9jour \u00e0 Huttopia soit le plus r\u00e9ussi possible. Pour toute remarque ou question, n&#039;h\u00e9sitez pas \u00e0 nous contacter via notre formulaire. Nous vous r\u00e9pondrons dans les plus brefs d\u00e9lais.\" \/>\n<meta name=\"robots\" content=\"index, follow, max-snippet:-1, max-image-preview:large, max-video-preview:-1\" \/>\n<link rel=\"canonical\" href=\"https:\/\/www.campingangers.com\/nl\/contact\/\" \/>\n<meta property=\"og:locale\" content=\"nl_NL\" \/>\n<meta property=\"og:type\" content=\"article\" \/>\n<meta property=\"og:title\" content=\"Contact - Camping d&#039;Angers - Lac de Maine\" \/>\n<meta property=\"og:description\" content=\"Nous tenons \u00e0 ce que votre s\u00e9jour \u00e0 Huttopia soit le plus r\u00e9ussi possible. Pour toute remarque ou question, n&#039;h\u00e9sitez pas \u00e0 nous contacter via notre formulaire. Nous vous r\u00e9pondrons dans les plus brefs d\u00e9lais.\" \/>\n<meta property=\"og:url\" content=\"https:\/\/www.campingangers.com\/nl\/contact\/\" \/>\n<meta property=\"og:site_name\" content=\"Camping d&#039;Angers - Lac de Maine\" \/>\n<meta property=\"article:modified_time\" content=\"2025-10-01T07:04:40+00:00\" \/>\n<meta name=\"twitter:card\" content=\"summary_large_image\" \/>\n<meta name=\"twitter:label1\" content=\"Est. reading time\" \/>\n\t<meta name=\"twitter:data1\" content=\"1 minuut\" \/>\n<script type=\"application\/ld+json\" class=\"yoast-schema-graph\">{\"@context\":\"https:\/\/schema.org\",\"@graph\":[{\"@type\":\"WebPage\",\"@id\":\"https:\/\/www.campingangers.com\/nl\/contact\/\",\"url\":\"https:\/\/www.campingangers.com\/nl\/contact\/\",\"name\":\"Contact - Camping d'Angers - Lac de Maine\",\"isPartOf\":{\"@id\":\"https:\/\/www.campingangers.com\/nl\/#website\"},\"datePublished\":\"2018-02-26T10:42:29+00:00\",\"dateModified\":\"2025-10-01T07:04:40+00:00\",\"description\":\"Nous tenons \u00e0 ce que votre s\u00e9jour \u00e0 Huttopia soit le plus r\u00e9ussi possible. Pour toute remarque ou question, n'h\u00e9sitez pas \u00e0 nous contacter via notre formulaire. Nous vous r\u00e9pondrons dans les plus brefs d\u00e9lais.\",\"breadcrumb\":{\"@id\":\"https:\/\/www.campingangers.com\/nl\/contact\/#breadcrumb\"},\"inLanguage\":\"nl\",\"potentialAction\":[{\"@type\":\"ReadAction\",\"target\":[\"https:\/\/www.campingangers.com\/nl\/contact\/\"]}]},{\"@type\":\"BreadcrumbList\",\"@id\":\"https:\/\/www.campingangers.com\/nl\/contact\/#breadcrumb\",\"itemListElement\":[{\"@type\":\"ListItem\",\"position\":1,\"name\":\"Accueil\",\"item\":\"https:\/\/www.campingangers.com\/nl\/\"},{\"@type\":\"ListItem\",\"position\":2,\"name\":\"Contact\"}]},{\"@type\":\"WebSite\",\"@id\":\"https:\/\/www.campingangers.com\/nl\/#website\",\"url\":\"https:\/\/www.campingangers.com\/nl\/\",\"name\":\"Camping d&#039;Angers - Lac de Maine\",\"description\":\"Un site utilisant Citykamp\",\"potentialAction\":[{\"@type\":\"SearchAction\",\"target\":{\"@type\":\"EntryPoint\",\"urlTemplate\":\"https:\/\/www.campingangers.com\/nl\/?s={search_term_string}\"},\"query-input\":{\"@type\":\"PropertyValueSpecification\",\"valueRequired\":true,\"valueName\":\"search_term_string\"}}],\"inLanguage\":\"nl\"}]}<\/script>\n<!-- \/ Yoast SEO plugin. -->","yoast_head_json":{"title":"Contact - Camping d'Angers - Lac de Maine","description":"Nous tenons \u00e0 ce que votre s\u00e9jour \u00e0 Huttopia soit le plus r\u00e9ussi possible. Pour toute remarque ou question, n'h\u00e9sitez pas \u00e0 nous contacter via notre formulaire. Nous vous r\u00e9pondrons dans les plus brefs d\u00e9lais.","robots":{"index":"index","follow":"follow","max-snippet":"max-snippet:-1","max-image-preview":"max-image-preview:large","max-video-preview":"max-video-preview:-1"},"canonical":"https:\/\/www.campingangers.com\/nl\/contact\/","og_locale":"nl_NL","og_type":"article","og_title":"Contact - Camping d'Angers - Lac de Maine","og_description":"Nous tenons \u00e0 ce que votre s\u00e9jour \u00e0 Huttopia soit le plus r\u00e9ussi possible. Pour toute remarque ou question, n'h\u00e9sitez pas \u00e0 nous contacter via notre formulaire. Nous vous r\u00e9pondrons dans les plus brefs d\u00e9lais.","og_url":"https:\/\/www.campingangers.com\/nl\/contact\/","og_site_name":"Camping d&#039;Angers - Lac de Maine","article_modified_time":"2025-10-01T07:04:40+00:00","twitter_card":"summary_large_image","twitter_misc":{"Est. reading time":"1 minuut"},"schema":{"@context":"https:\/\/schema.org","@graph":[{"@type":"WebPage","@id":"https:\/\/www.campingangers.com\/nl\/contact\/","url":"https:\/\/www.campingangers.com\/nl\/contact\/","name":"Contact - Camping d'Angers - Lac de Maine","isPartOf":{"@id":"https:\/\/www.campingangers.com\/nl\/#website"},"datePublished":"2018-02-26T10:42:29+00:00","dateModified":"2025-10-01T07:04:40+00:00","description":"Nous tenons \u00e0 ce que votre s\u00e9jour \u00e0 Huttopia soit le plus r\u00e9ussi possible. Pour toute remarque ou question, n'h\u00e9sitez pas \u00e0 nous contacter via notre formulaire. Nous vous r\u00e9pondrons dans les plus brefs d\u00e9lais.","breadcrumb":{"@id":"https:\/\/www.campingangers.com\/nl\/contact\/#breadcrumb"},"inLanguage":"nl","potentialAction":[{"@type":"ReadAction","target":["https:\/\/www.campingangers.com\/nl\/contact\/"]}]},{"@type":"BreadcrumbList","@id":"https:\/\/www.campingangers.com\/nl\/contact\/#breadcrumb","itemListElement":[{"@type":"ListItem","position":1,"name":"Accueil","item":"https:\/\/www.campingangers.com\/nl\/"},{"@type":"ListItem","position":2,"name":"Contact"}]},{"@type":"WebSite","@id":"https:\/\/www.campingangers.com\/nl\/#website","url":"https:\/\/www.campingangers.com\/nl\/","name":"Camping d&#039;Angers - Lac de Maine","description":"Un site utilisant Citykamp","potentialAction":[{"@type":"SearchAction","target":{"@type":"EntryPoint","urlTemplate":"https:\/\/www.campingangers.com\/nl\/?s={search_term_string}"},"query-input":{"@type":"PropertyValueSpecification","valueRequired":true,"valueName":"search_term_string"}}],"inLanguage":"nl"}]}},"_links":{"self":[{"href":"https:\/\/www.campingangers.com\/nl\/wp-json\/wp\/v2\/pages\/562","targetHints":{"allow":["GET"]}}],"collection":[{"href":"https:\/\/www.campingangers.com\/nl\/wp-json\/wp\/v2\/pages"}],"about":[{"href":"https:\/\/www.campingangers.com\/nl\/wp-json\/wp\/v2\/types\/page"}],"author":[{"embeddable":true,"href":"https:\/\/www.campingangers.com\/nl\/wp-json\/wp\/v2\/users\/1"}],"replies":[{"embeddable":true,"href":"https:\/\/www.campingangers.com\/nl\/wp-json\/wp\/v2\/comments?post=562"}],"version-history":[{"count":2,"href":"https:\/\/www.campingangers.com\/nl\/wp-json\/wp\/v2\/pages\/562\/revisions"}],"predecessor-version":[{"id":89716,"href":"https:\/\/www.campingangers.com\/nl\/wp-json\/wp\/v2\/pages\/562\/revisions\/89716"}],"wp:attachment":[{"href":"https:\/\/www.campingangers.com\/nl\/wp-json\/wp\/v2\/media?parent=562"}],"curies":[{"name":"wp","href":"https:\/\/api.w.org\/{rel}","templated":true}]}}