{"id":894,"date":"2018-05-31T17:31:32","date_gmt":"2018-05-31T15:31:32","guid":{"rendered":"http:\/\/www.campingangers.com\/politique-de-confidentialite\/"},"modified":"2023-01-05T10:54:35","modified_gmt":"2023-01-05T09:54:35","slug":"politica-di-protezione-dei-dati-personali","status":"publish","type":"page","link":"https:\/\/www.campingangers.com\/it\/politica-di-protezione-dei-dati-personali\/","title":{"rendered":"Politica di protezione dei dati personali"},"content":{"rendered":"<div class=\"wpb-content-wrapper\"><p>[vc_row][vc_column]<div class=\"wrappedcontent\">[vc_empty_space height=&#8221;65px&#8221;][vc_column_text]<\/p>\n<p style=\"text-align: center;\"><span style=\"font-size: 16pt; color: #e84e1b;\"><strong>Politica di protezione dei dati personali<\/strong><\/span><\/p>\n<p style=\"text-align: center;\">La privacy dei clienti \u00e8 importante per Huttopia.<br \/>\n\u00c8 per questo motivo che, in conformit\u00e0 con la regolamentazione in vigore sulla protezione dei dati personali, nella fattispecie il Regolamento Generale sulla Protezione dei Dati &#8220;GDPR&#8221;, abbiamo denominato un Delegato alla Protezione dei dei Dati e ci adoperiamo al massimo per applicare le raccomandazioni della CNIL.<\/p>\n<p style=\"text-align: center;\"><strong>Trattiamo i dati dei nostri utenti, clienti o potenziali clienti con le seguenti caratteristiche:<\/strong><\/p>\n<p>[\/vc_column_text]<\/div>[\/vc_column][\/vc_row][vc_row css=&#8221;.vc_custom_1615377187416{background-color: #e8e8e8 !important;}&#8221;][vc_column]<div class=\"wrappedcontent\">[vc_column_text]<span style=\"font-size: 14pt; color: #e84e1b;\"><strong>1. Dati raccolti<\/strong><\/span><\/p>\n<p>I dati di natura personale che vengono raccolti su questo sito sono i seguenti:<\/p>\n<p><strong>Apertura dell\u2019account:<\/strong>\u00a0al momento della creazione dell\u2019account dell\u2019utente, il cognome, il nome, l\u2019indirizzo email.<br \/>\n<strong>Connessione:<\/strong> durante la connessione dell\u2019utente al sito, questo registra nella fattispecie il cognome, il nome, i dati di connessione, di utilizzo, di localizzazione.<br \/>\n<strong>Profilo:<\/strong> l\u2019uso delle prestazioni previste sul sito permette di inserire un profilo che prevede la trasmissione di un indirizzo e di un numero di telefono.<br \/>\n<strong>Pagamento:<\/strong> per quanto riguarda il pagamento dei prodotti e delle prestazioni proposte sul sito, questo registra dati finanziari relativi all\u2019account bancario o alla carta di credito dell\u2019utente.<br \/>\n<strong>Cookies :<\/strong> I cookie sono essenziali al corretto funzionamento del sito e ci permettono all&#8217;utente di migliorare la sua esperienza di navigazione, di utilizzare alcune funzionalit\u00e0 di condivisione sui social network e di avere accesso a contenuti e pubblicit\u00e0 basati sui suoi interessi.<br \/>\nAlcuni cookie sono indispensabili al funzionamento del sito e si installano automaticamente. Al momento della prima connessione sul sito, l&#8217;utente pu\u00f2 accettare o rifiutare l&#8217;installazione dei cookie non indispensabili per i quali \u00e8 richiesto il suo consenso. L&#8217;utente pu\u00f2 modificare le sue preferenze in materia di cookie in ogni momento cliccando sul link &#8220;gestire il consenso&#8221;, un link presente in fondo alle pagine della maggior parte dei nostri siti.[\/vc_column_text]<\/div>[\/vc_column][\/vc_row][vc_row][vc_column]<div class=\"wrappedcontent\">[vc_column_text]<span style=\"font-size: 14pt; color: #e84e1b;\"><strong>2. Finalit\u00e0 del trattamento<\/strong><\/span><\/p>\n<p>I dati personali raccolti degli utenti vengono messi a disposizione dei servizi previsti dal sito, il loro miglioramento e il mantenimento di un ambiente sicuro. In maniera pi\u00f9 precisa, gli usi sono i seguenti:<\/p>\n<p>\u2013 Accesso e utilizzo del sito da parte dell\u2019utente;<br \/>\n\u2013 Gestione del funzionamento e ottimizzazione del sito;<br \/>\n\u2013 Verifica, identificazione e autenticazione dei dati trasmessi dall\u2019utente;<br \/>\n\u2013 Implementazione di assistenza per gli utenti;<br \/>\n\u2013 Personalizzazione dei servizi attraverso la visualizzazione di annunci basati sulla cronologia di navigazione dell\u2019utente, secondo le sue preferenze;<br \/>\n\u2013 Prevenzione e rilevamento di frodi, malware (software maligni) e gestione degli incidenti di sicurezza;<br \/>\n\u2013 Gestione di eventuali controversie con gli utenti;<br \/>\n\u2013 Invio di informazioni commerciali e pubblicitarie, secondo le preferenze dell\u2019utente.[\/vc_column_text]<\/div>[\/vc_column][\/vc_row][vc_row css=&#8221;.vc_custom_1615377187416{background-color: #e8e8e8 !important;}&#8221;][vc_column]<div class=\"wrappedcontent\">[vc_column_text]<span style=\"font-size: 14pt; color: #e84e1b;\"><strong>3. Periodo di conservazione<\/strong><\/span><\/p>\n<p>I dati personali sono conservati per un periodo di tempo limitato che non supera il tempo necessario per gli scopi della raccolta.[\/vc_column_text]<\/div>[\/vc_column][\/vc_row][vc_row][vc_column]<div class=\"wrappedcontent\">[vc_column_text]<span style=\"font-size: 14pt; color: #e84e1b;\"><strong>4. Base legale<\/strong><\/span><\/p>\n<p>La base legale scelta \u00e8 per le operazioni di trattamento elencate di seguito:<br \/>\n\u2013\u00a0<strong>La gestione dei potenziali clienti:<\/strong>\u00a0l\u2019interesse legittimo<br \/>\n\u2013\u00a0<strong>L\u2019iscrizione e gestione della newsletter:<\/strong>\u00a0il consenso<br \/>\n\u2013\u00a0<strong>L\u2019analisi dei comportamenti di acquisto:<\/strong>\u00a0l\u2019interesse legittimo<br \/>\n\u2013\u00a0<strong>La gestione del soggiorno<\/strong>\u00a0(prenotazione, fatturazione): necessaria all\u2019esecuzione di un contratto<br \/>\n\u2013\u00a0<strong>La soddisfazione cliente:<\/strong>\u00a0l\u2019interesse legittimo[\/vc_column_text]<\/div>[\/vc_column][\/vc_row][vc_row css=&#8221;.vc_custom_1615377187416{background-color: #e8e8e8 !important;}&#8221;][vc_column]<div class=\"wrappedcontent\">[vc_column_text]<span style=\"font-size: 14pt; color: #e84e1b;\"><strong>5. Condivisione dei dati personali con terzi<\/strong><\/span><\/p>\n<p>I dati personali possono essere condivisi con societ\u00e0 terze nei seguenti casi:<\/p>\n<p>\u2013 Quando l\u2019utente utilizza i servizi di pagamento, per la realizzazione di questi servizi, il sito \u00e8 in relazione con societ\u00e0 bancarie e finanziarie terze con le quali ha concluso dei contratti;<br \/>\n\u2013 Quando l\u2019utente pubblica, nelle aree di libero commento del sito, informazioni accessibili al pubblico;<br \/>\n\u2013 Quando l\u2019utente autorizza il sito web di un terzo ad accedere ai suoi dati;<br \/>\n\u2013 Quando il sito utilizza i servizi di fornitori di servizi per fornire supporto agli utenti, pubblicit\u00e0 e servizi di pagamento. Questi fornitori di servizi hanno un accesso limitato ai dati dell\u2019utente nel contesto dell\u2019esecuzione di questi servizi e hanno l\u2019obbligo contrattuale di utilizzarli in conformit\u00e0 con le disposizioni dei regolamenti applicabili sulla protezione dei dati personali;<br \/>\n\u2013 Se richiesto dalla legge, il sito pu\u00f2 trasmettere i dati per rispondere a reclami presentati contro il sito e per rispettare le procedure amministrative e legali;<br \/>\n\u2013 Se il sito \u00e8 coinvolto in una fusione, acquisizione, cessione di beni o procedura di amministrazione controllata, potrebbe essere richiesto di vendere o condividere tutti o parte dei suoi beni, compresi i dati personali. In questo caso, gli utenti verranno informati prima del trasferimento dei dati personali a una parte terza.[\/vc_column_text]<\/div>[\/vc_column][\/vc_row][vc_row][vc_column]<div class=\"wrappedcontent\">[vc_column_text]<span style=\"color: #e84e1b; font-size: 14pt;\"><strong>6. Trasferimento dei dati personali<\/strong><\/span><\/p>\n<p>I dati raccolti su questo sito non vengono trasmessi al di fuori dell\u2019Unione Europea.<\/p>\n<p>I dati raccolti su questo sito non vengono trasmessi al di fuori dell\u2019Unione Europea.<br \/>\nNegli Stati Uniti bisogna notare che dal 16 luglio 2020 il Privacy Shield \u00e8 stato invalidato dalla Corte di giustizia europea, cio\u00e8 non \u00e8 pi\u00f9 riconosciuto come quadro giuridico che garantisce un\u2019adeguata protezione dei dati personali.<\/p>\n<p>Anche in Canada e nella provincia del Qu\u00e9bec, i dati personali vengono utilizzati conformemente alla legge legge federale relative alla protezione delle informazioni personali e dei documenti elettronici (LPRPDE) e la legge del Qu\u00e9bec relativa alla protezione delle informazioni personali del settore privato.<\/p>\n<p>Huttopia vi informa che attua lo stesso livello di protezione dei dati personali in tutto il mondo, indipendentemente dal quadro normativo.[\/vc_column_text]<\/div>[\/vc_column][\/vc_row][vc_row css=&#8221;.vc_custom_1615377187416{background-color: #e8e8e8 !important;}&#8221;][vc_column]<div class=\"wrappedcontent\">[vc_column_text]<span style=\"font-size: 14pt; color: #e84e1b;\"><strong>7. Sicurezza e riservatezza<\/strong><\/span><\/p>\n<p>Il sito mette in opera misure organizzative, tecniche, informatiche e fisiche in materia di sicurezza del digitale per proteggere i dati personali contro alterazioni, distruzioni e accessi non autorizzati. Tuttavia, \u00e8 necessario segnalare che internet non \u00e8 un ambiente completamente sicuro e il sito non pu\u00f2 garantire la sicurezza della trasmissione o del salvataggio delle informazioni su internet.[\/vc_column_text]<\/div>[\/vc_column][\/vc_row][vc_row][vc_column]<div class=\"wrappedcontent\">[vc_column_text]<span style=\"font-size: 14pt; color: #e84e1b;\"><strong>8. Informazioni sui diritti delle persone interessate<\/strong><\/span><\/p>\n<p>Avete a disposizione una serie di diritti secondo la legge per quanto riguarda i vostri dati personali. Potete ottenere ulteriori informazioni e consigli sui vostri diritti dall\u2019autorit\u00e0 competente per la protezione dei dati nel vostro paese (in Francia, la Commission Nationale Informatique et Libert\u00e9s (CNIL: https:\/\/www.cnil.fr\/).<\/p>\n<p><strong>1- Il diritto all\u2019informazione \u2013<\/strong>\u00a0Avete il diritto di ricevere informazioni chiare, trasparenti e facilmente comprensibili su come utilizziamo i vostri dati e sui vostri diritti. Ecco perch\u00e9 vi forniamo queste informazioni attraverso questa politica sulla privacy.<\/p>\n<p><strong>2- Diritto di accesso \u2013<\/strong>\u00a0Avete il diritto di ottenere l\u2019accesso alle vostre informazioni (se le elaboriamo), e a certe altre informazioni (come quelle fornite qui). Lo scopo \u00e8 quello di assicurarsi che siate consapevoli e possiate verificare che utilizziamo le vostre informazioni in conformit\u00e0 con le leggi in materia di protezione dei dati.<\/p>\n<p><strong>3- Il diritto di rettifica \u2013<\/strong>\u00a0Avete il diritto di far correggere le vostre informazioni se sono inesatte o incomplete.<\/p>\n<p><strong>4- Il diritto di cancellazione \u2013<\/strong>\u00a0Questo diritto \u00e8 noto anche come \u201cdiritto all\u2019oblio\u201d e, in termini semplici, vi permette di richiedere la cancellazione o la soppressione dei vostri dati quando non c\u2019\u00e8 alcun motivo imperativo per continuare ad usarli. Tuttavia, questo non \u00e8 un diritto generale di cancellare i dati e ci sono delle eccezioni.<\/p>\n<p><strong>5- Il diritto alla limitazione del trattamento \u2013<\/strong>\u00a0Avete il diritto di \u201cbloccare\u201d o cancellare qualsiasi ulteriore utilizzo delle vostre informazioni. Quando il trattamento \u00e8 limitato, possiamo conservarli, ma non possiamo continuare a usarli. Conserviamo un elenco delle persone che hanno richiesto il blocco dell\u2019ulteriore utilizzo dei loro dati, al fine di garantire il rispetto della misura di limitazione.<\/p>\n<p><strong>6- Il diritto alla portabilit\u00e0 dei dati \u2013<\/strong>\u00a0Avete il diritto di ottenere e riutilizzare i vostri dati personali per le vostre personali necessit\u00e0 e in altri servizi. Questo vi permette di spostarli, copiarli o trasferirli facilmente e in modo sicuro tra i nostri sistemi informatici e quelli di terzi senza compromettere la loro capacit\u00e0 di essere utilizzati.<\/p>\n<p><strong>7- Il diritto di opporsi \u2013<\/strong>\u00a0Avete il diritto di opporvi a certi tipi di trattamento, incluso il trattamento per scopi di marketing diretto (che \u00e8 possibile solo con il vostro consenso).<\/p>\n<p><strong>8- Il diritto di presentare un reclamo \u2013<\/strong>\u00a0Avete il diritto di presentare un reclamo sul modo in cui trattiamo o gestiamo i vostri dati personali presso l\u2019autorit\u00e0 nazionale competente in materia (in Francia, la Commission Nationale Informatique et Libert\u00e9s (CNIL: https:\/\/www.cnil.fr\/).<\/p>\n<p><strong>9- Il diritto di revocrae il vostro consenso \u2013<\/strong>\u00a0Se avete dato il vostro consenso al trattamento o all\u2019uso dei vostri dati personali, potete revocarlo in qualsiasi momento (anche se, se lo fate, non significa che qualsiasi cosa abbiamo fatto con il vostro consenso fino a quel momento sia stato illegale). Questo include il vostro diritto a revocare il vostro consenso all\u2019uso dei vostri dati personali per scopi commerciali.<\/p>\n<p>Rispondiamo alle richieste e forniamo informazioni gratuitamente; tuttavia, possiamo addebitare una tassa ragionevole per coprire i nostri costi amministrativi per richieste ripetute.<\/p>\n<p>Possiamo anche avere il diritto di rifiutare di soddisfare una richiesta. Vi preghiamo di giudicare la vostra domanda in modo responsabile prima di presentarla. Risponderemo il prima possibile, di solito entro un mese dalla ricezione, ma se sar\u00e0 necessario pi\u00f9 tempo per elaborare la richiesta, ve lo faremo sapere.<\/p>\n<p><strong>Per contattarci per informazioni sulla protezione dei dati personali:<\/strong><\/p>\n<p>Via email al seguente indirizzo: data.privacy@huttopia.com<br \/>\nPer posta: HUTTOPIA, All\u2019attenzione del Delegato alla Protezione dei Dati Personali rue du Chapoly 69290 Saint Genis les Olli\u00e8res.[\/vc_column_text]<\/div>[\/vc_column][\/vc_row][vc_row css=&#8221;.vc_custom_1615377333006{background-color: #e8e8e8 !important;}&#8221;][vc_column]<div class=\"wrappedcontent\">[vc_column_text]<span style=\"font-size: 14pt; color: #e84e1b;\"><strong>9. Evoluzione della presente politica<\/strong><\/span><\/p>\n<p>Huttopia SA si riserva il diritto di apportare in qualsiasi momento delle modifiche alla presente politica di protezione dei dati personali. Se alla presente politica di protezione dei dati personali viene apportata una modifica, Huttopia SA si impegna a pubblicarne la nuova versione sul suo sito.[\/vc_column_text]<\/div>[\/vc_column][\/vc_row]<\/p>\n<\/div>","protected":false},"excerpt":{"rendered":"<p>[vc_row][vc_column][\/vc_column][\/vc_row][vc_row css=&#8221;.vc_custom_1615377187416{background-color: #e8e8e8 !important;}&#8221;][vc_column][\/vc_column][\/vc_row][vc_row][vc_column][\/vc_column][\/vc_row][vc_row css=&#8221;.vc_custom_1615377187416{background-color: #e8e8e8 !important;}&#8221;][vc_column][\/vc_column][\/vc_row][vc_row][vc_column][\/vc_column][\/vc_row][vc_row css=&#8221;.vc_custom_1615377187416{background-color: #e8e8e8 !important;}&#8221;][vc_column][\/vc_column][\/vc_row][vc_row][vc_column][\/vc_column][\/vc_row][vc_row css=&#8221;.vc_custom_1615377187416{background-color: #e8e8e8 !important;}&#8221;][vc_column][\/vc_column][\/vc_row][vc_row][vc_column][\/vc_column][\/vc_row][vc_row css=&#8221;.vc_custom_1615377333006{background-color: #e8e8e8 !important;}&#8221;][vc_column][\/vc_column][\/vc_row]<\/p>\n","protected":false},"author":1,"featured_media":0,"parent":0,"menu_order":0,"comment_status":"closed","ping_status":"closed","template":"","meta":{"footnotes":""},"class_list":["post-894","page","type-page","status-publish","hentry"],"yoast_head":"<!-- This site is optimized with the Yoast SEO plugin v25.6 - https:\/\/yoast.com\/wordpress\/plugins\/seo\/ -->\n<title>Politica di protezione dei dati personali - Camping di Angers<\/title>\n<meta name=\"robots\" content=\"index, follow, max-snippet:-1, max-image-preview:large, max-video-preview:-1\" \/>\n<link rel=\"canonical\" href=\"https:\/\/www.campingangers.com\/it\/politica-di-protezione-dei-dati-personali\/\" \/>\n<meta property=\"og:locale\" content=\"it_IT\" \/>\n<meta property=\"og:type\" content=\"article\" \/>\n<meta property=\"og:title\" content=\"Politica di protezione dei dati personali - Camping di Angers\" \/>\n<meta property=\"og:description\" content=\"[vc_row][vc_column][\/vc_column][\/vc_row][vc_row css=&#8221;.vc_custom_1615377187416{background-color: #e8e8e8 !important;}&#8221;][vc_column][\/vc_column][\/vc_row][vc_row][vc_column][\/vc_column][\/vc_row][vc_row css=&#8221;.vc_custom_1615377187416{background-color: #e8e8e8 !important;}&#8221;][vc_column][\/vc_column][\/vc_row][vc_row][vc_column][\/vc_column][\/vc_row][vc_row css=&#8221;.vc_custom_1615377187416{background-color: #e8e8e8 !important;}&#8221;][vc_column][\/vc_column][\/vc_row][vc_row][vc_column][\/vc_column][\/vc_row][vc_row css=&#8221;.vc_custom_1615377187416{background-color: #e8e8e8 !important;}&#8221;][vc_column][\/vc_column][\/vc_row][vc_row][vc_column][\/vc_column][\/vc_row][vc_row css=&#8221;.vc_custom_1615377333006{background-color: #e8e8e8 !important;}&#8221;][vc_column][\/vc_column][\/vc_row]\" \/>\n<meta property=\"og:url\" content=\"https:\/\/www.campingangers.com\/it\/politica-di-protezione-dei-dati-personali\/\" \/>\n<meta property=\"og:site_name\" content=\"Camping d&#039;Angers - Lac de Maine\" \/>\n<meta property=\"article:modified_time\" content=\"2023-01-05T09:54:35+00:00\" \/>\n<meta name=\"twitter:card\" content=\"summary_large_image\" \/>\n<meta name=\"twitter:label1\" content=\"Est. reading time\" \/>\n\t<meta name=\"twitter:data1\" content=\"8 minuti\" \/>\n<script type=\"application\/ld+json\" class=\"yoast-schema-graph\">{\"@context\":\"https:\/\/schema.org\",\"@graph\":[{\"@type\":\"WebPage\",\"@id\":\"https:\/\/www.campingangers.com\/it\/politica-di-protezione-dei-dati-personali\/\",\"url\":\"https:\/\/www.campingangers.com\/it\/politica-di-protezione-dei-dati-personali\/\",\"name\":\"Politica di protezione dei dati personali - Camping di Angers\",\"isPartOf\":{\"@id\":\"https:\/\/www.campingangers.com\/it\/#website\"},\"datePublished\":\"2018-05-31T15:31:32+00:00\",\"dateModified\":\"2023-01-05T09:54:35+00:00\",\"breadcrumb\":{\"@id\":\"https:\/\/www.campingangers.com\/it\/politica-di-protezione-dei-dati-personali\/#breadcrumb\"},\"inLanguage\":\"it-IT\",\"potentialAction\":[{\"@type\":\"ReadAction\",\"target\":[\"https:\/\/www.campingangers.com\/it\/politica-di-protezione-dei-dati-personali\/\"]}]},{\"@type\":\"BreadcrumbList\",\"@id\":\"https:\/\/www.campingangers.com\/it\/politica-di-protezione-dei-dati-personali\/#breadcrumb\",\"itemListElement\":[{\"@type\":\"ListItem\",\"position\":1,\"name\":\"Accueil\",\"item\":\"https:\/\/www.campingangers.com\/it\/\"},{\"@type\":\"ListItem\",\"position\":2,\"name\":\"Politica di protezione dei dati personali\"}]},{\"@type\":\"WebSite\",\"@id\":\"https:\/\/www.campingangers.com\/it\/#website\",\"url\":\"https:\/\/www.campingangers.com\/it\/\",\"name\":\"Camping d&#039;Angers - Lac de Maine\",\"description\":\"Un site utilisant Citykamp\",\"potentialAction\":[{\"@type\":\"SearchAction\",\"target\":{\"@type\":\"EntryPoint\",\"urlTemplate\":\"https:\/\/www.campingangers.com\/it\/?s={search_term_string}\"},\"query-input\":{\"@type\":\"PropertyValueSpecification\",\"valueRequired\":true,\"valueName\":\"search_term_string\"}}],\"inLanguage\":\"it-IT\"}]}<\/script>\n<!-- \/ Yoast SEO plugin. -->","yoast_head_json":{"title":"Politica di protezione dei dati personali - Camping di Angers","robots":{"index":"index","follow":"follow","max-snippet":"max-snippet:-1","max-image-preview":"max-image-preview:large","max-video-preview":"max-video-preview:-1"},"canonical":"https:\/\/www.campingangers.com\/it\/politica-di-protezione-dei-dati-personali\/","og_locale":"it_IT","og_type":"article","og_title":"Politica di protezione dei dati personali - Camping di Angers","og_description":"[vc_row][vc_column][\/vc_column][\/vc_row][vc_row css=&#8221;.vc_custom_1615377187416{background-color: #e8e8e8 !important;}&#8221;][vc_column][\/vc_column][\/vc_row][vc_row][vc_column][\/vc_column][\/vc_row][vc_row css=&#8221;.vc_custom_1615377187416{background-color: #e8e8e8 !important;}&#8221;][vc_column][\/vc_column][\/vc_row][vc_row][vc_column][\/vc_column][\/vc_row][vc_row css=&#8221;.vc_custom_1615377187416{background-color: #e8e8e8 !important;}&#8221;][vc_column][\/vc_column][\/vc_row][vc_row][vc_column][\/vc_column][\/vc_row][vc_row css=&#8221;.vc_custom_1615377187416{background-color: #e8e8e8 !important;}&#8221;][vc_column][\/vc_column][\/vc_row][vc_row][vc_column][\/vc_column][\/vc_row][vc_row css=&#8221;.vc_custom_1615377333006{background-color: #e8e8e8 !important;}&#8221;][vc_column][\/vc_column][\/vc_row]","og_url":"https:\/\/www.campingangers.com\/it\/politica-di-protezione-dei-dati-personali\/","og_site_name":"Camping d&#039;Angers - Lac de Maine","article_modified_time":"2023-01-05T09:54:35+00:00","twitter_card":"summary_large_image","twitter_misc":{"Est. reading time":"8 minuti"},"schema":{"@context":"https:\/\/schema.org","@graph":[{"@type":"WebPage","@id":"https:\/\/www.campingangers.com\/it\/politica-di-protezione-dei-dati-personali\/","url":"https:\/\/www.campingangers.com\/it\/politica-di-protezione-dei-dati-personali\/","name":"Politica di protezione dei dati personali - Camping di Angers","isPartOf":{"@id":"https:\/\/www.campingangers.com\/it\/#website"},"datePublished":"2018-05-31T15:31:32+00:00","dateModified":"2023-01-05T09:54:35+00:00","breadcrumb":{"@id":"https:\/\/www.campingangers.com\/it\/politica-di-protezione-dei-dati-personali\/#breadcrumb"},"inLanguage":"it-IT","potentialAction":[{"@type":"ReadAction","target":["https:\/\/www.campingangers.com\/it\/politica-di-protezione-dei-dati-personali\/"]}]},{"@type":"BreadcrumbList","@id":"https:\/\/www.campingangers.com\/it\/politica-di-protezione-dei-dati-personali\/#breadcrumb","itemListElement":[{"@type":"ListItem","position":1,"name":"Accueil","item":"https:\/\/www.campingangers.com\/it\/"},{"@type":"ListItem","position":2,"name":"Politica di protezione dei dati personali"}]},{"@type":"WebSite","@id":"https:\/\/www.campingangers.com\/it\/#website","url":"https:\/\/www.campingangers.com\/it\/","name":"Camping d&#039;Angers - Lac de Maine","description":"Un site utilisant Citykamp","potentialAction":[{"@type":"SearchAction","target":{"@type":"EntryPoint","urlTemplate":"https:\/\/www.campingangers.com\/it\/?s={search_term_string}"},"query-input":{"@type":"PropertyValueSpecification","valueRequired":true,"valueName":"search_term_string"}}],"inLanguage":"it-IT"}]}},"_links":{"self":[{"href":"https:\/\/www.campingangers.com\/it\/wp-json\/wp\/v2\/pages\/894","targetHints":{"allow":["GET"]}}],"collection":[{"href":"https:\/\/www.campingangers.com\/it\/wp-json\/wp\/v2\/pages"}],"about":[{"href":"https:\/\/www.campingangers.com\/it\/wp-json\/wp\/v2\/types\/page"}],"author":[{"embeddable":true,"href":"https:\/\/www.campingangers.com\/it\/wp-json\/wp\/v2\/users\/1"}],"replies":[{"embeddable":true,"href":"https:\/\/www.campingangers.com\/it\/wp-json\/wp\/v2\/comments?post=894"}],"version-history":[{"count":4,"href":"https:\/\/www.campingangers.com\/it\/wp-json\/wp\/v2\/pages\/894\/revisions"}],"predecessor-version":[{"id":75781,"href":"https:\/\/www.campingangers.com\/it\/wp-json\/wp\/v2\/pages\/894\/revisions\/75781"}],"wp:attachment":[{"href":"https:\/\/www.campingangers.com\/it\/wp-json\/wp\/v2\/media?parent=894"}],"curies":[{"name":"wp","href":"https:\/\/api.w.org\/{rel}","templated":true}]}}