{"id":680,"date":"2018-02-26T10:26:45","date_gmt":"2018-02-26T09:26:45","guid":{"rendered":"http:\/\/www.campingangers.com\/attivita-servizi\/"},"modified":"2026-03-26T10:31:30","modified_gmt":"2026-03-26T09:31:30","slug":"attivita-servizi","status":"publish","type":"page","link":"https:\/\/www.campingangers.com\/it\/attivita-servizi\/","title":{"rendered":"Activit\u00e9s \/ Services"},"content":{"rendered":"<div class=\"wpb-content-wrapper\"><p>[vc_row][vc_column][vc_single_image image=&#8221;61965&#8243; img_size=&#8221;1900&#215;500&#8243;][\/vc_column][\/vc_row][vc_row][vc_column]<div class=\"wrappedcontent\">[vc_column_text]<\/p>\n<h4 style=\"text-align: center;\">&#8211; Nel camping potrai trovare numerosi servizi che ti semplificano il soggiorno &#8211;<\/h4>\n<p style=\"text-align: center;\"><em>(da marzo a novembre)<\/em><\/p>\n<p>[\/vc_column_text][vc_empty_space height=&#8221;50px&#8221;][vc_row_inner gap=&#8221;25&#8243;][vc_column_inner width=&#8221;1\/3&#8243;][vc_masonry_media_grid element_width=&#8221;12&#8243; gap=&#8221;0&#8243; item=&#8221;120&#8243; grid_id=&#8221;vc_gid:1774517345573-2118246d-e8b1-7&#8243; include=&#8221;55149&#8243;][vc_empty_space height=&#8221;12px&#8221;][vc_column_text]Sei arrivato? Vai alla reception per raccogliere tutte le informazioni necessarie al tuo soggiorno. La squadra della reception \u00e8 a tua disposizione per tutta la durata del tuo soggiorno per fornirti tutte le informazioni turistiche su Angers, la Valle della Loira, le attivit\u00e0 e le visite da fare nei dintorni\u2026<span style=\"color: #e84e1b;\"><strong><em><br \/>\n<\/em><\/strong><\/span>[\/vc_column_text][\/vc_column_inner][vc_column_inner width=&#8221;1\/3&#8243;][vc_masonry_media_grid element_width=&#8221;12&#8243; item=&#8221;120&#8243; grid_id=&#8221;vc_gid:1774517345574-5707d3ff-3d7e-3&#8243; include=&#8221;62942&#8243;][vc_empty_space height=&#8221;12px&#8221;][vc_column_text css=&#8221;&#8221;]Godetevi le nostre pizze fatte in casa nel bar-ristorante. Apertura: tutte le sere in estate e nei giorni festivi di maggio. 6 giorni alla settimana la sera in maggio, giugno, settembre e durante le vacanze primaverili e autunnali.[\/vc_column_text][\/vc_column_inner][vc_column_inner width=&#8221;1\/3&#8243;][vc_masonry_media_grid element_width=&#8221;12&#8243; item=&#8221;120&#8243; grid_id=&#8221;vc_gid:1774517345575-176b1e24-051f-1&#8243; include=&#8221;55155&#8243;][vc_empty_space height=&#8221;12px&#8221;][vc_column_text]Ordina pane e dolciumi per il giorno successivo. Poich\u00e9 ci piace lavorare con i produttori locali, il forno del paese ci consegna il pane tutte le mattine. T\u00e8, caff\u00e8, succo d&#8217;arancia, toast e dolciumi&#8230; Scegli una formula colazione senza dover preparare nulla.[\/vc_column_text][\/vc_column_inner][\/vc_row_inner][vc_row_inner gap=&#8221;25&#8243;][vc_column_inner width=&#8221;1\/3&#8243;][vc_masonry_media_grid element_width=&#8221;12&#8243; item=&#8221;120&#8243; grid_id=&#8221;vc_gid:1774517345575-d08f89a4-b618-2&#8243; include=&#8221;55161&#8243;][vc_empty_space height=&#8221;12px&#8221;][vc_column_text css=&#8221;&#8221;]Il Wi-Fi \u00e8 disponibile in tutto il campeggio gratuitamente[\/vc_column_text][\/vc_column_inner][vc_column_inner width=&#8221;1\/3&#8243;][vc_masonry_media_grid element_width=&#8221;12&#8243; item=&#8221;120&#8243; grid_id=&#8221;vc_gid:1774517345576-d11b9790-9160-9&#8243; include=&#8221;1848&#8243;][vc_empty_space height=&#8221;12px&#8221;][vc_column_text]Uno spazio lavanderia con lavatrici e asciugatrici (i gettoni possono essere acquistati alla reception) Alla reception sono a tua disposizione anche una tavola da stiro e un ferro da stiro.[\/vc_column_text][\/vc_column_inner][vc_column_inner width=&#8221;1\/3&#8243;][vc_masonry_media_grid element_width=&#8221;12&#8243; item=&#8221;120&#8243; grid_id=&#8221;vc_gid:1774517345576-575a65fe-bd0a-9&#8243; include=&#8221;55167&#8243;][vc_empty_space height=&#8221;12px&#8221;][vc_column_text]Noleggia la tua bici nel campeggio ed esplora i dintorni! A te libert\u00e0![\/vc_column_text][\/vc_column_inner][\/vc_row_inner]<\/div>[\/vc_column][\/vc_row][vc_row][vc_column]<div class=\"wrappedcontent\">[vc_column_text]<\/p>\n<h4 style=\"text-align: center;\">Nel camping puoi trovare attrezzature per il divertimento dedicate a tutta la famiglia&#8230;<\/h4>\n<p>[\/vc_column_text][vc_empty_space height=&#8221;50px&#8221;][vc_row_inner gap=&#8221;25&#8243;][vc_column_inner width=&#8221;1\/3&#8243;][vc_masonry_media_grid element_width=&#8221;12&#8243; gap=&#8221;0&#8243; item=&#8221;120&#8243; grid_id=&#8221;vc_gid:1774517345577-3689fe7a-2aa0-8&#8243; include=&#8221;55131&#8243;][vc_empty_space height=&#8221;12px&#8221;][vc_column_text css=&#8221;&#8221;]Nel camping di Angers \u00e8 presente una grande piscina riscaldata per rilassarsi. Alla fine della giornata \u00e8 bello poltrire ai bordi dell&#8217;acqua su una sedia sdraio mentre i bambini si divertono nell&#8217;acqua (dal 28\/04 al 28\/09)[\/vc_column_text][\/vc_column_inner][vc_column_inner width=&#8221;1\/3&#8243;][vc_masonry_media_grid element_width=&#8221;12&#8243; gap=&#8221;0&#8243; item=&#8221;120&#8243; grid_id=&#8221;vc_gid:1774517345578-743b4236-0cf6-7&#8243; include=&#8221;55137&#8243;][vc_empty_space height=&#8221;12px&#8221;][vc_column_text]Approfitta delle numerose attrezzature e attivit\u00e0 dedicate a tutta la famiglia: tavolo da ping-pong, bocce, campo da pallavolo, area giochi per i pi\u00f9 piccoli, calcio balilla, flipper&#8230;[\/vc_column_text][\/vc_column_inner][vc_column_inner width=&#8221;1\/3&#8243;][vc_masonry_media_grid element_width=&#8221;12&#8243; gap=&#8221;0&#8243; item=&#8221;120&#8243; grid_id=&#8221;vc_gid:1774517345578-218170cd-2f63-0&#8243; include=&#8221;1793&#8243;][vc_empty_space height=&#8221;12px&#8221;][vc_column_text]Durante il periodo estivo, piccoli e grandi saranno rapiti da concerti live programmati ogni settimana. Gipsy jazz? Jazz Rock? Musica da tutto il mondo? L&#8217;atmosfera \u00e8 festiva e ce n&#8217;\u00e8 per tutti i gusti![\/vc_column_text][\/vc_column_inner][\/vc_row_inner][vc_empty_space]<div class=\"text-center btnwrap\"><a class=\"btn btn-huttopia-cta\" href=\"http:\/\/checkout.citykamp.com\/site\/it\/921\" role=\"button\" target=\"\" onclick=\"dataLayer.push({'event':'clickCity', 'clickText':'Prenotare il tuo soggiorno'})\">Prenotare il tuo soggiorno<\/a><\/div><\/div>[\/vc_column][\/vc_row][vc_row css=&#8221;.vc_custom_1520520263513{background-color: #e8e8e8 !important;}&#8221;][vc_column]<div class=\"wrappedcontent\">[vc_column_text]<\/p>\n<h4 style=\"text-align: center;\">&#8211; Attivit\u00e0 da scoprire attorno al Lac de Maine &#8211;<\/h4>\n<p style=\"text-align: center;\">A 10 minuti da piedi e a 3 minuti in bicicletta dal camping percorrendo la pista ciclabile!<\/p>\n<p>[\/vc_column_text][vc_empty_space height=&#8221;50px&#8221;][vc_row_inner gap=&#8221;25&#8243;][vc_column_inner width=&#8221;1\/3&#8243;][vc_masonry_media_grid element_width=&#8221;12&#8243; gap=&#8221;0&#8243; item=&#8221;120&#8243; grid_id=&#8221;vc_gid:1774517345579-63c84719-def0-6&#8243; include=&#8221;55143&#8243;][vc_empty_space height=&#8221;12px&#8221;][vc_column_text]Dall&#8217;11 luglio al 20 agosto, il Lago di Maine propone un centinaio di attivit\u00e0 gratuite 7 giorni su 7 per piccoli e grandi all&#8217;interno della manifestazione &#8220;L&#8217;estate al lago&#8221;.[\/vc_column_text][\/vc_column_inner][vc_column_inner width=&#8221;1\/3&#8243;][vc_masonry_media_grid element_width=&#8221;12&#8243; gap=&#8221;0&#8243; item=&#8221;120&#8243; grid_id=&#8221;vc_gid:1774517345580-e6010bf3-486d-1&#8243; include=&#8221;32167&#8243;][vc_empty_space height=&#8221;12px&#8221;][vc_column_text]Un circuito segnalato fiancheggia il Lago di Maine e solca quattro siti eccezionali (l&#8217;alzaia della Maine NATURA 2000, il centro storico di Angers, le cave di ardesia e le rive del Maine).[\/vc_column_text][\/vc_column_inner][vc_column_inner width=&#8221;1\/3&#8243;][vc_masonry_media_grid element_width=&#8221;12&#8243; gap=&#8221;0&#8243; item=&#8221;120&#8243; grid_id=&#8221;vc_gid:1774517345580-2f9ec7eb-057e-5&#8243; include=&#8221;1808&#8243;][vc_empty_space height=&#8221;12px&#8221;][vc_column_text]Vi sono recensite un totale di 235 specie. La LPO organizza regolarmente delle uscite tematiche ideali per le famiglie e per gli amanti della natura.[\/vc_column_text][\/vc_column_inner][\/vc_row_inner][vc_row_inner gap=&#8221;25&#8243;][vc_column_inner width=&#8221;1\/3&#8243;][vc_masonry_media_grid element_width=&#8221;12&#8243; gap=&#8221;0&#8243; item=&#8221;120&#8243; grid_id=&#8221;vc_gid:1774517345581-a35fa218-fcc0-9&#8243; include=&#8221;1813&#8243;][vc_empty_space height=&#8221;12px&#8221;][vc_column_text]Con l&#8217;associazione Lago di Maine Equitation, passeggia a cavallo per scoprire i paesaggi della regione.[\/vc_column_text][\/vc_column_inner][vc_column_inner width=&#8221;1\/3&#8243;][vc_masonry_media_grid element_width=&#8221;12&#8243; gap=&#8221;0&#8243; item=&#8221;120&#8243; grid_id=&#8221;vc_gid:1774517345581-fe7ca04a-9fbc-4&#8243; include=&#8221;1818&#8243;][vc_empty_space height=&#8221;12px&#8221;][vc_column_text]MBK, pesca, vela, kayak, scoperta della flora e della fauna&#8230; A te la scelta![\/vc_column_text][\/vc_column_inner][vc_column_inner width=&#8221;1\/3&#8243;][vc_masonry_media_grid element_width=&#8221;12&#8243; gap=&#8221;0&#8243; item=&#8221;120&#8243; grid_id=&#8221;vc_gid:1774517345582-b6579199-636b-8&#8243; include=&#8221;1823&#8243;][vc_empty_space height=&#8221;12px&#8221;][vc_column_text]Uno spazio per nuotare gratuito e organizzato. Vieni a passeggiare all&#8217;ombra degli alberi o a mettere i piedi a mollo con i tuo bambini![\/vc_column_text][\/vc_column_inner][\/vc_row_inner]<\/div>[\/vc_column][\/vc_row][vc_row css=&#8221;.vc_custom_1520520263513{background-color: #e8e8e8 !important;}&#8221;][vc_column]<div class=\"wrappedcontent\">[vc_column_text]<\/p>\n<h4 style=\"text-align: center;\">&#8211; Gli altri servizi presenti nel camping &#8211;<\/h4>\n<p>[\/vc_column_text][vc_empty_space height=&#8221;50px&#8221;][vc_row_inner][vc_column_inner width=&#8221;1\/4&#8243;][vc_icon icon_fontawesome=&#8221;fa fa-bed&#8221; color=&#8221;mulled_wine&#8221; size=&#8221;sm&#8221; align=&#8221;center&#8221; css=&#8221;.vc_custom_1521103194903{margin-top: -10px !important;margin-bottom: -10px !important;}&#8221;][vc_column_text]<\/p>\n<p style=\"text-align: center;\">Lenzuola e asciugamani inclusi<\/p>\n<p>[\/vc_column_text][\/vc_column_inner][vc_column_inner width=&#8221;1\/4&#8243;][vc_icon icon_fontawesome=&#8221;fa fa-odnoklassniki&#8221; color=&#8221;mulled_wine&#8221; size=&#8221;sm&#8221; align=&#8221;center&#8221; css=&#8221;.vc_custom_1521103204911{margin-top: -10px !important;margin-bottom: -10px !important;}&#8221;][vc_column_text]<\/p>\n<p style=\"text-align: center;\">Kit neonato<br \/>\n(previa disponibilit\u00e0)<\/p>\n<p>[\/vc_column_text][\/vc_column_inner][vc_column_inner width=&#8221;1\/4&#8243;][vc_icon type=&#8221;material&#8221; icon_material=&#8221;vc-material vc-material-directions_bus&#8221; color=&#8221;mulled_wine&#8221; size=&#8221;sm&#8221; align=&#8221;center&#8221; css=&#8221;.vc_custom_1521103214802{margin-top: -10px !important;margin-bottom: -10px !important;}&#8221;][vc_column_text]<\/p>\n<p style=\"text-align: center;\">Area di servizio per camper<\/p>\n<p>[\/vc_column_text][\/vc_column_inner][vc_column_inner width=&#8221;1\/4&#8243;][vc_icon type=&#8221;linecons&#8221; icon_linecons=&#8221;vc_li vc_li-fire&#8221; color=&#8221;mulled_wine&#8221; size=&#8221;sm&#8221; align=&#8221;center&#8221; css=&#8221;.vc_custom_1523629749906{margin-top: -10px !important;margin-bottom: -10px !important;}&#8221;][vc_column_text]<\/p>\n<p style=\"text-align: center;\">Noleggio barbecue<\/p>\n<p>[\/vc_column_text][\/vc_column_inner][\/vc_row_inner]<\/div>[\/vc_column][\/vc_row][vc_row][vc_column]<div class=\"wrappedcontent\">[vc_row_inner gap=&#8221;25&#8243;][vc_column_inner][vc_column_text]<\/p>\n<h4 style=\"text-align: center;\">&#8211; Nelle vicinanze del Camping d&#8217;Angers, ritrova tutti i servizi utili per il tuo soggiorno &#8211;<\/h4>\n<p>[\/vc_column_text][vc_empty_space height=&#8221;50px&#8221;][vc_column_text]<\/p>\n<ul>\n<li>Centro commerciale (1km), stazione di servizio (1 km), forno, banca, ecc.<\/li>\n<li>Fermata dell&#8217;autobus a 300 m dal camping: raggiungi il centro della citt\u00e0 di Angers in 25 minuti prendendo la linea 6.<\/li>\n<li>Piste ciclabili all&#8217;entrata del camping per raggiungere il centro della citt\u00e0 in 25 minuti attraversando un parco di 100 ettari.<\/li>\n<\/ul>\n<p>[\/vc_column_text][\/vc_column_inner][\/vc_row_inner][vc_empty_space height=&#8221;50px&#8221;][vc_row_inner equal_height=&#8221;yes&#8221; content_placement=&#8221;middle&#8221; gap=&#8221;20&#8243; css=&#8221;.vc_custom_1529317365780{margin-left: -0.5px !important;}&#8221;][vc_column_inner width=&#8221;1\/3&#8243; css=&#8221;.vc_custom_1529317386992{background-color: #e8e8e8 !important;}&#8221;][vc_icon icon_fontawesome=&#8221;far fa-map&#8221; color=&#8221;custom&#8221; size=&#8221;lg&#8221; align=&#8221;center&#8221; css=&#8221;.vc_custom_1675938140927{margin-bottom: -10px !important;padding-top: 15px !important;}&#8221; custom_color=&#8221;#e84e1b&#8221; link=&#8221;url:https%3A%2F%2Fmedia.huttopia.com%2Fdestinations%2Fangers%2Fplan-camping-citykamp-angers.pdf|target:_blank&#8221;][vc_column_text css=&#8221;.vc_custom_1675938151409{padding-top: 25px !important;padding-right: 15px !important;padding-bottom: 15px !important;padding-left: 15px !important;}&#8221;]<\/p>\n<p style=\"text-align: center;\"><a href=\"https:\/\/media.huttopia.com\/destinations\/angers\/plan-camping-citykamp-angers.pdf\" target=\"_blank\" rel=\"noopener noreferrer\"><strong>Pianta del camping<\/strong><\/a><\/p>\n<p>[\/vc_column_text][\/vc_column_inner][vc_column_inner width=&#8221;1\/3&#8243; css=&#8221;.vc_custom_1529317390775{background-color: #e8e8e8 !important;}&#8221;][vc_icon icon_fontawesome=&#8221;fa fa-calendar-check-o&#8221; color=&#8221;custom&#8221; size=&#8221;lg&#8221; align=&#8221;center&#8221; css=&#8221;.vc_custom_1529319474527{margin-bottom: -10px !important;padding-top: 15px !important;}&#8221; custom_color=&#8221;#e84e1b&#8221; link=&#8221;url:http%3A%2F%2Fcheckout.campings-nature.com%2Fsite%2Fit%2F921||target:%20_blank|&#8221;][vc_column_text css=&#8221;.vc_custom_1529319463706{padding-top: 25px !important;padding-right: 15px !important;padding-bottom: 15px !important;padding-left: 15px !important;}&#8221;]<\/p>\n<p style=\"text-align: center;\"><a href=\"http:\/\/checkout.campings-nature.com\/site\/it\/921\" target=\"_blank\" rel=\"noopener noreferrer\"><strong>Prenota il tuo soggiorno<\/strong><\/a><\/p>\n<p>[\/vc_column_text][\/vc_column_inner][vc_column_inner width=&#8221;1\/3&#8243; css=&#8221;.vc_custom_1529317396006{background-color: #e8e8e8 !important;}&#8221;][vc_icon icon_fontawesome=&#8221;fa fa-map-marker&#8221; color=&#8221;custom&#8221; size=&#8221;lg&#8221; align=&#8221;center&#8221; css=&#8221;.vc_custom_1529317758294{margin-bottom: -10px !important;padding-top: 15px !important;}&#8221; custom_color=&#8221;#e84e1b&#8221; link=&#8221;url:https%3A%2F%2Fgoo.gl%2Fmaps%2FDxGe4X3iv8t||target:%20_blank|&#8221;][vc_column_text css=&#8221;.vc_custom_1529319482537{padding-top: 25px !important;padding-right: 15px !important;padding-bottom: 15px !important;padding-left: 15px !important;}&#8221;]<\/p>\n<p style=\"text-align: center;\"><a href=\"https:\/\/goo.gl\/maps\/DxGe4X3iv8t\" target=\"_blank\" rel=\"noopener noreferrer\"><strong>Percorso<\/strong><\/a><\/p>\n<p>[\/vc_column_text][\/vc_column_inner][\/vc_row_inner]<\/div>[\/vc_column][\/vc_row][vc_row css=&#8221;.vc_custom_1529328445085{background-color: #e8e8e8 !important;}&#8221;][vc_column]<div class=\"wrappedcontent\">[vc_column_text]<\/p>\n<h4>Foto di attivit\u00e0 e servizi | Camping d&#8217;Angers<\/h4>\n<p>[\/vc_column_text][vc_empty_space height=&#8221;18px&#8221;][vc_masonry_media_grid style=&#8221;load-more&#8221; items_per_page=&#8221;4&#8243; element_width=&#8221;3&#8243; gap=&#8221;10&#8243; item=&#8221;945&#8243; btn_title=&#8221;VEDERE DI PI\u00d9&#8221; btn_style=&#8221;custom&#8221; btn_custom_background=&#8221;#e84e1b&#8221; btn_custom_text=&#8221;#ffffff&#8221; btn_shape=&#8221;square&#8221; btn_i_icon_fontawesome=&#8221;fa fa-camera&#8221; btn_add_icon=&#8221;true&#8221; grid_id=&#8221;vc_gid:1774517345583-43126c15-bcd6-3&#8243; include=&#8221;55179,55185,55191,55173,55197,55203,55209,55215,55221,55227,55233,55239,55245,55251,2038,2043,64265,64271,64277&#8243;]<\/div>[\/vc_column][\/vc_row]<\/p>\n<\/div>","protected":false},"excerpt":{"rendered":"<p>[vc_row][vc_column][vc_single_image image=&#8221;61965&#8243; img_size=&#8221;1900&#215;500&#8243;][\/vc_column][\/vc_row][vc_row][vc_column][\/vc_column][\/vc_row][vc_row][vc_column][\/vc_column][\/vc_row][vc_row css=&#8221;.vc_custom_1520520263513{background-color: #e8e8e8 !important;}&#8221;][vc_column][\/vc_column][\/vc_row][vc_row css=&#8221;.vc_custom_1520520263513{background-color: #e8e8e8 !important;}&#8221;][vc_column][\/vc_column][\/vc_row][vc_row][vc_column][\/vc_column][\/vc_row][vc_row css=&#8221;.vc_custom_1529328445085{background-color: #e8e8e8 !important;}&#8221;][vc_column][\/vc_column][\/vc_row]<\/p>\n","protected":false},"author":1,"featured_media":0,"parent":0,"menu_order":0,"comment_status":"closed","ping_status":"closed","template":"","meta":{"footnotes":""},"class_list":["post-680","page","type-page","status-publish","hentry"],"yoast_head":"<!-- This site is optimized with the Yoast SEO plugin v25.6 - https:\/\/yoast.com\/wordpress\/plugins\/seo\/ -->\n<title>Attivit\u00e0 e servizi - Camping d&#039;Angers - Lac de Maine<\/title>\n<meta name=\"description\" content=\"Approfitta delle numerose strutture e attivit\u00e0 offerte al Camping d&#039;Angers - Lac de Maine per un soggiorno tra relax e divertimento.\" \/>\n<meta name=\"robots\" content=\"index, follow, max-snippet:-1, max-image-preview:large, max-video-preview:-1\" \/>\n<link rel=\"canonical\" href=\"https:\/\/www.campingangers.com\/it\/attivita-servizi\/\" \/>\n<meta property=\"og:locale\" content=\"it_IT\" \/>\n<meta property=\"og:type\" content=\"article\" \/>\n<meta property=\"og:title\" content=\"Attivit\u00e0 e servizi - Camping d&#039;Angers - Lac de Maine\" \/>\n<meta property=\"og:description\" content=\"Approfitta delle numerose strutture e attivit\u00e0 offerte al Camping d&#039;Angers - Lac de Maine per un soggiorno tra relax e divertimento.\" \/>\n<meta property=\"og:url\" content=\"https:\/\/www.campingangers.com\/it\/attivita-servizi\/\" \/>\n<meta property=\"og:site_name\" content=\"Camping d&#039;Angers - Lac de Maine\" \/>\n<meta property=\"article:modified_time\" content=\"2026-03-26T09:31:30+00:00\" \/>\n<meta name=\"twitter:card\" content=\"summary_large_image\" \/>\n<meta name=\"twitter:label1\" content=\"Est. reading time\" \/>\n\t<meta name=\"twitter:data1\" content=\"5 minuti\" \/>\n<script type=\"application\/ld+json\" class=\"yoast-schema-graph\">{\"@context\":\"https:\/\/schema.org\",\"@graph\":[{\"@type\":\"WebPage\",\"@id\":\"https:\/\/www.campingangers.com\/it\/attivita-servizi\/\",\"url\":\"https:\/\/www.campingangers.com\/it\/attivita-servizi\/\",\"name\":\"Attivit\u00e0 e servizi - Camping d'Angers - Lac de Maine\",\"isPartOf\":{\"@id\":\"https:\/\/www.campingangers.com\/it\/#website\"},\"datePublished\":\"2018-02-26T09:26:45+00:00\",\"dateModified\":\"2026-03-26T09:31:30+00:00\",\"description\":\"Approfitta delle numerose strutture e attivit\u00e0 offerte al Camping d'Angers - Lac de Maine per un soggiorno tra relax e divertimento.\",\"breadcrumb\":{\"@id\":\"https:\/\/www.campingangers.com\/it\/attivita-servizi\/#breadcrumb\"},\"inLanguage\":\"it-IT\",\"potentialAction\":[{\"@type\":\"ReadAction\",\"target\":[\"https:\/\/www.campingangers.com\/it\/attivita-servizi\/\"]}]},{\"@type\":\"BreadcrumbList\",\"@id\":\"https:\/\/www.campingangers.com\/it\/attivita-servizi\/#breadcrumb\",\"itemListElement\":[{\"@type\":\"ListItem\",\"position\":1,\"name\":\"Accueil\",\"item\":\"https:\/\/www.campingangers.com\/it\/\"},{\"@type\":\"ListItem\",\"position\":2,\"name\":\"Activit\u00e9s \/ Services\"}]},{\"@type\":\"WebSite\",\"@id\":\"https:\/\/www.campingangers.com\/it\/#website\",\"url\":\"https:\/\/www.campingangers.com\/it\/\",\"name\":\"Camping d&#039;Angers - Lac de Maine\",\"description\":\"Un site utilisant Citykamp\",\"potentialAction\":[{\"@type\":\"SearchAction\",\"target\":{\"@type\":\"EntryPoint\",\"urlTemplate\":\"https:\/\/www.campingangers.com\/it\/?s={search_term_string}\"},\"query-input\":{\"@type\":\"PropertyValueSpecification\",\"valueRequired\":true,\"valueName\":\"search_term_string\"}}],\"inLanguage\":\"it-IT\"}]}<\/script>\n<!-- \/ Yoast SEO plugin. -->","yoast_head_json":{"title":"Attivit\u00e0 e servizi - Camping d'Angers - Lac de Maine","description":"Approfitta delle numerose strutture e attivit\u00e0 offerte al Camping d'Angers - Lac de Maine per un soggiorno tra relax e divertimento.","robots":{"index":"index","follow":"follow","max-snippet":"max-snippet:-1","max-image-preview":"max-image-preview:large","max-video-preview":"max-video-preview:-1"},"canonical":"https:\/\/www.campingangers.com\/it\/attivita-servizi\/","og_locale":"it_IT","og_type":"article","og_title":"Attivit\u00e0 e servizi - Camping d'Angers - Lac de Maine","og_description":"Approfitta delle numerose strutture e attivit\u00e0 offerte al Camping d'Angers - Lac de Maine per un soggiorno tra relax e divertimento.","og_url":"https:\/\/www.campingangers.com\/it\/attivita-servizi\/","og_site_name":"Camping d&#039;Angers - Lac de Maine","article_modified_time":"2026-03-26T09:31:30+00:00","twitter_card":"summary_large_image","twitter_misc":{"Est. reading time":"5 minuti"},"schema":{"@context":"https:\/\/schema.org","@graph":[{"@type":"WebPage","@id":"https:\/\/www.campingangers.com\/it\/attivita-servizi\/","url":"https:\/\/www.campingangers.com\/it\/attivita-servizi\/","name":"Attivit\u00e0 e servizi - Camping d'Angers - Lac de Maine","isPartOf":{"@id":"https:\/\/www.campingangers.com\/it\/#website"},"datePublished":"2018-02-26T09:26:45+00:00","dateModified":"2026-03-26T09:31:30+00:00","description":"Approfitta delle numerose strutture e attivit\u00e0 offerte al Camping d'Angers - Lac de Maine per un soggiorno tra relax e divertimento.","breadcrumb":{"@id":"https:\/\/www.campingangers.com\/it\/attivita-servizi\/#breadcrumb"},"inLanguage":"it-IT","potentialAction":[{"@type":"ReadAction","target":["https:\/\/www.campingangers.com\/it\/attivita-servizi\/"]}]},{"@type":"BreadcrumbList","@id":"https:\/\/www.campingangers.com\/it\/attivita-servizi\/#breadcrumb","itemListElement":[{"@type":"ListItem","position":1,"name":"Accueil","item":"https:\/\/www.campingangers.com\/it\/"},{"@type":"ListItem","position":2,"name":"Activit\u00e9s \/ Services"}]},{"@type":"WebSite","@id":"https:\/\/www.campingangers.com\/it\/#website","url":"https:\/\/www.campingangers.com\/it\/","name":"Camping d&#039;Angers - Lac de Maine","description":"Un site utilisant Citykamp","potentialAction":[{"@type":"SearchAction","target":{"@type":"EntryPoint","urlTemplate":"https:\/\/www.campingangers.com\/it\/?s={search_term_string}"},"query-input":{"@type":"PropertyValueSpecification","valueRequired":true,"valueName":"search_term_string"}}],"inLanguage":"it-IT"}]}},"_links":{"self":[{"href":"https:\/\/www.campingangers.com\/it\/wp-json\/wp\/v2\/pages\/680","targetHints":{"allow":["GET"]}}],"collection":[{"href":"https:\/\/www.campingangers.com\/it\/wp-json\/wp\/v2\/pages"}],"about":[{"href":"https:\/\/www.campingangers.com\/it\/wp-json\/wp\/v2\/types\/page"}],"author":[{"embeddable":true,"href":"https:\/\/www.campingangers.com\/it\/wp-json\/wp\/v2\/users\/1"}],"replies":[{"embeddable":true,"href":"https:\/\/www.campingangers.com\/it\/wp-json\/wp\/v2\/comments?post=680"}],"version-history":[{"count":6,"href":"https:\/\/www.campingangers.com\/it\/wp-json\/wp\/v2\/pages\/680\/revisions"}],"predecessor-version":[{"id":89791,"href":"https:\/\/www.campingangers.com\/it\/wp-json\/wp\/v2\/pages\/680\/revisions\/89791"}],"wp:attachment":[{"href":"https:\/\/www.campingangers.com\/it\/wp-json\/wp\/v2\/media?parent=680"}],"curies":[{"name":"wp","href":"https:\/\/api.w.org\/{rel}","templated":true}]}}