{"id":480,"date":"2018-02-26T11:42:29","date_gmt":"2018-02-26T10:42:29","guid":{"rendered":"http:\/\/www.campingangers.com\/es\/contact\/"},"modified":"2025-10-01T09:06:46","modified_gmt":"2025-10-01T07:06:46","slug":"contacto","status":"publish","type":"page","link":"https:\/\/www.campingangers.com\/es\/contacto\/","title":{"rendered":"Contact"},"content":{"rendered":"<div class=\"wpb-content-wrapper\"><p>[vc_row][vc_column]<div class=\"wrappedcontent\">[vc_column_text css=\u00bb.vc_custom_1759302404404{padding-top: 15px !important;padding-right: 15px !important;padding-bottom: 15px !important;padding-left: 15px !important;background-color: #e8e8e8 !important;}\u00bb]<\/p>\n<p style=\"text-align: center;\"><span style=\"font-size: 14pt;\"><strong><span style=\"color: #d78200;\">\u00bfYa ha disfrutado de su estancia y desea hacernos llegar una reclamaci\u00f3n?<\/span><br \/>\n<\/strong><\/span><span style=\"color: #333333;\">Para facilitar su tratamiento, puede usar nuestro formulario de contacto espec\u00edfico haciendo <span style=\"text-decoration: underline;\"><a style=\"color: #333333; text-decoration: underline;\" href=\"https:\/\/huttopia.wizville.fr\/survey\/campaign\/3247?placeid=921&amp;language=es\" target=\"_blank\" rel=\"noopener noreferrer\">clic aqu\u00ed<\/a><\/span>.<\/span><\/p>\n<p>[\/vc_column_text][vc_empty_space height=\u00bb20px\u00bb][vc_column_text]<\/p>\n<p style=\"text-align: center;\"><span style=\"font-size: 14pt;\"><span style=\"color: #333333;\">Para cualquier otra solicitud, puede utilizar el siguiente formulario.<\/span><\/span><\/p>\n<p>[\/vc_column_text]<\/div>[\/vc_column][\/vc_row]<\/p>\n<\/div>","protected":false},"excerpt":{"rendered":"<p>[vc_row][vc_column][\/vc_column][\/vc_row]<\/p>\n","protected":false},"author":1,"featured_media":0,"parent":0,"menu_order":0,"comment_status":"closed","ping_status":"closed","template":"templates\/page-contact.php","meta":{"footnotes":""},"class_list":["post-480","page","type-page","status-publish","hentry"],"yoast_head":"<!-- This site is optimized with the Yoast SEO plugin v25.6 - https:\/\/yoast.com\/wordpress\/plugins\/seo\/ -->\n<title>Contacto - Camping d&#039;Angers - Lac de Maine<\/title>\n<meta name=\"description\" content=\"Queremos que su estancia sea lo m\u00e1s exitosa posible. Para cualquier observaci\u00f3n o pregunta, no dude en contactarnos a trav\u00e9s de nuestro formulario.\" \/>\n<meta name=\"robots\" content=\"index, follow, max-snippet:-1, max-image-preview:large, max-video-preview:-1\" \/>\n<link rel=\"canonical\" href=\"https:\/\/www.campingangers.com\/es\/contacto\/\" \/>\n<meta property=\"og:locale\" content=\"es_ES\" \/>\n<meta property=\"og:type\" content=\"article\" \/>\n<meta property=\"og:title\" content=\"Contacto - Camping d&#039;Angers - Lac de Maine\" \/>\n<meta property=\"og:description\" content=\"Queremos que su estancia sea lo m\u00e1s exitosa posible. Para cualquier observaci\u00f3n o pregunta, no dude en contactarnos a trav\u00e9s de nuestro formulario.\" \/>\n<meta property=\"og:url\" content=\"https:\/\/www.campingangers.com\/es\/contacto\/\" \/>\n<meta property=\"og:site_name\" content=\"Camping d&#039;Angers - Lac de Maine\" \/>\n<meta property=\"article:modified_time\" content=\"2025-10-01T07:06:46+00:00\" \/>\n<meta name=\"twitter:card\" content=\"summary_large_image\" \/>\n<meta name=\"twitter:label1\" content=\"Est. reading time\" \/>\n\t<meta name=\"twitter:data1\" content=\"1 minuto\" \/>\n<script type=\"application\/ld+json\" class=\"yoast-schema-graph\">{\"@context\":\"https:\/\/schema.org\",\"@graph\":[{\"@type\":\"WebPage\",\"@id\":\"https:\/\/www.campingangers.com\/es\/contacto\/\",\"url\":\"https:\/\/www.campingangers.com\/es\/contacto\/\",\"name\":\"Contacto - Camping d'Angers - Lac de Maine\",\"isPartOf\":{\"@id\":\"https:\/\/www.campingangers.com\/es\/#website\"},\"datePublished\":\"2018-02-26T10:42:29+00:00\",\"dateModified\":\"2025-10-01T07:06:46+00:00\",\"description\":\"Queremos que su estancia sea lo m\u00e1s exitosa posible. Para cualquier observaci\u00f3n o pregunta, no dude en contactarnos a trav\u00e9s de nuestro formulario.\",\"breadcrumb\":{\"@id\":\"https:\/\/www.campingangers.com\/es\/contacto\/#breadcrumb\"},\"inLanguage\":\"es\",\"potentialAction\":[{\"@type\":\"ReadAction\",\"target\":[\"https:\/\/www.campingangers.com\/es\/contacto\/\"]}]},{\"@type\":\"BreadcrumbList\",\"@id\":\"https:\/\/www.campingangers.com\/es\/contacto\/#breadcrumb\",\"itemListElement\":[{\"@type\":\"ListItem\",\"position\":1,\"name\":\"Accueil\",\"item\":\"https:\/\/www.campingangers.com\/es\/\"},{\"@type\":\"ListItem\",\"position\":2,\"name\":\"Contact\"}]},{\"@type\":\"WebSite\",\"@id\":\"https:\/\/www.campingangers.com\/es\/#website\",\"url\":\"https:\/\/www.campingangers.com\/es\/\",\"name\":\"Camping d&#039;Angers - Lac de Maine\",\"description\":\"Un site utilisant Citykamp\",\"potentialAction\":[{\"@type\":\"SearchAction\",\"target\":{\"@type\":\"EntryPoint\",\"urlTemplate\":\"https:\/\/www.campingangers.com\/es\/?s={search_term_string}\"},\"query-input\":{\"@type\":\"PropertyValueSpecification\",\"valueRequired\":true,\"valueName\":\"search_term_string\"}}],\"inLanguage\":\"es\"}]}<\/script>\n<!-- \/ Yoast SEO plugin. -->","yoast_head_json":{"title":"Contacto - Camping d'Angers - Lac de Maine","description":"Queremos que su estancia sea lo m\u00e1s exitosa posible. Para cualquier observaci\u00f3n o pregunta, no dude en contactarnos a trav\u00e9s de nuestro formulario.","robots":{"index":"index","follow":"follow","max-snippet":"max-snippet:-1","max-image-preview":"max-image-preview:large","max-video-preview":"max-video-preview:-1"},"canonical":"https:\/\/www.campingangers.com\/es\/contacto\/","og_locale":"es_ES","og_type":"article","og_title":"Contacto - Camping d'Angers - Lac de Maine","og_description":"Queremos que su estancia sea lo m\u00e1s exitosa posible. Para cualquier observaci\u00f3n o pregunta, no dude en contactarnos a trav\u00e9s de nuestro formulario.","og_url":"https:\/\/www.campingangers.com\/es\/contacto\/","og_site_name":"Camping d&#039;Angers - Lac de Maine","article_modified_time":"2025-10-01T07:06:46+00:00","twitter_card":"summary_large_image","twitter_misc":{"Est. reading time":"1 minuto"},"schema":{"@context":"https:\/\/schema.org","@graph":[{"@type":"WebPage","@id":"https:\/\/www.campingangers.com\/es\/contacto\/","url":"https:\/\/www.campingangers.com\/es\/contacto\/","name":"Contacto - Camping d'Angers - Lac de Maine","isPartOf":{"@id":"https:\/\/www.campingangers.com\/es\/#website"},"datePublished":"2018-02-26T10:42:29+00:00","dateModified":"2025-10-01T07:06:46+00:00","description":"Queremos que su estancia sea lo m\u00e1s exitosa posible. Para cualquier observaci\u00f3n o pregunta, no dude en contactarnos a trav\u00e9s de nuestro formulario.","breadcrumb":{"@id":"https:\/\/www.campingangers.com\/es\/contacto\/#breadcrumb"},"inLanguage":"es","potentialAction":[{"@type":"ReadAction","target":["https:\/\/www.campingangers.com\/es\/contacto\/"]}]},{"@type":"BreadcrumbList","@id":"https:\/\/www.campingangers.com\/es\/contacto\/#breadcrumb","itemListElement":[{"@type":"ListItem","position":1,"name":"Accueil","item":"https:\/\/www.campingangers.com\/es\/"},{"@type":"ListItem","position":2,"name":"Contact"}]},{"@type":"WebSite","@id":"https:\/\/www.campingangers.com\/es\/#website","url":"https:\/\/www.campingangers.com\/es\/","name":"Camping d&#039;Angers - Lac de Maine","description":"Un site utilisant Citykamp","potentialAction":[{"@type":"SearchAction","target":{"@type":"EntryPoint","urlTemplate":"https:\/\/www.campingangers.com\/es\/?s={search_term_string}"},"query-input":{"@type":"PropertyValueSpecification","valueRequired":true,"valueName":"search_term_string"}}],"inLanguage":"es"}]}},"_links":{"self":[{"href":"https:\/\/www.campingangers.com\/es\/wp-json\/wp\/v2\/pages\/480","targetHints":{"allow":["GET"]}}],"collection":[{"href":"https:\/\/www.campingangers.com\/es\/wp-json\/wp\/v2\/pages"}],"about":[{"href":"https:\/\/www.campingangers.com\/es\/wp-json\/wp\/v2\/types\/page"}],"author":[{"embeddable":true,"href":"https:\/\/www.campingangers.com\/es\/wp-json\/wp\/v2\/users\/1"}],"replies":[{"embeddable":true,"href":"https:\/\/www.campingangers.com\/es\/wp-json\/wp\/v2\/comments?post=480"}],"version-history":[{"count":3,"href":"https:\/\/www.campingangers.com\/es\/wp-json\/wp\/v2\/pages\/480\/revisions"}],"predecessor-version":[{"id":89719,"href":"https:\/\/www.campingangers.com\/es\/wp-json\/wp\/v2\/pages\/480\/revisions\/89719"}],"wp:attachment":[{"href":"https:\/\/www.campingangers.com\/es\/wp-json\/wp\/v2\/media?parent=480"}],"curies":[{"name":"wp","href":"https:\/\/api.w.org\/{rel}","templated":true}]}}