{"id":469,"date":"2018-02-26T10:27:00","date_gmt":"2018-02-26T09:27:00","guid":{"rendered":"http:\/\/www.campingangers.com\/es\/region\/"},"modified":"2023-02-09T11:47:54","modified_gmt":"2023-02-09T10:47:54","slug":"region","status":"publish","type":"page","link":"https:\/\/www.campingangers.com\/es\/region\/","title":{"rendered":"R\u00e9gion"},"content":{"rendered":"<div class=\"wpb-content-wrapper\"><p>[vc_row][vc_column][vc_single_image image=\u00bb27610&#8243; img_size=\u00bb1900&#215;500&#8243;]<div class=\"wrappedcontent\">[vc_column_text]<\/p>\n<h3>Una regi\u00f3n por descubrir<\/h3>\n<p>[\/vc_column_text][vc_empty_space height=\u00bb50px\u00bb][vc_column_text]<\/p>\n<h4 style=\"text-align: center;\">&#8211; Descubre el valle del Loira &#8211;<\/h4>\n<p>[\/vc_column_text][vc_empty_space height=\u00bb30px\u00bb][vc_row_inner gap=\u00bb35&#8243;][vc_column_inner width=\u00bb1\/2&#8243;][vc_single_image image=\u00bb1294&#8243; img_size=\u00bbfull\u00bb alignment=\u00bbcenter\u00bb][\/vc_column_inner][vc_column_inner width=\u00bb1\/2&#8243;][vc_single_image image=\u00bb1309&#8243; img_size=\u00bbfull\u00bb alignment=\u00bbcenter\u00bb][\/vc_column_inner][\/vc_row_inner][vc_column_text]Clasificado como Patrimonio Mundial de la UNESCO, los paisajes \u00fanicos del valle del Loira merecen tu visita.<\/p>\n<p>El Camping d\u2019Angers es el punto de partida ideal para recorrer los numerosos circuitos peatonales o en bicicleta que permiten a los amantes de la naturaleza conocer la flora y la fauna local, atravesar bosques y visitar los castillos del Loira, los m\u00e1s celebres y los m\u00e1s desconocidos del valle del Loira.<\/p>\n<p>Desde Angers, recorre la ruta tur\u00edstica de los vinos del Loira y descubre el patrimonio vit\u00edcola excepcional de Anjou. Ven a descubrir los vi\u00f1edos de Savenni\u00e8res y de Aubance que te mostrar\u00e1n su saber hacer y d\u00e9jate tentar por los placeres de la degustaci\u00f3n.[\/vc_column_text][vc_empty_space]<div class=\"text-center btnwrap\"><a class=\"btn btn-huttopia-cta\" href=\"http:\/\/checkout.citykamp.com\/site\/es\/921\" role=\"button\" target=\"\" onclick=\"dataLayer.push({'event':'clickCity', 'clickText':'Reservar tu estancia'})\">Reservar tu estancia<\/a><\/div><\/div>[\/vc_column][\/vc_row][vc_row css=\u00bb.vc_custom_1520527316268{background-color: #e8e8e8 !important;}\u00bb][vc_column]<div class=\"wrappedcontent\">[vc_column_text]<\/p>\n<h4 style=\"text-align: center;\">&#8211; Descubre los castillos del Loira &#8211;<\/h4>\n<p>[\/vc_column_text][vc_empty_space height=\u00bb30px\u00bb][vc_row_inner gap=\u00bb35&#8243;][vc_column_inner width=\u00bb1\/2&#8243;][vc_single_image image=\u00bb58703&#8243; img_size=\u00bbfull\u00bb alignment=\u00bbcenter\u00bb][\/vc_column_inner][vc_column_inner width=\u00bb1\/2&#8243;][vc_single_image image=\u00bb1299&#8243; img_size=\u00bbfull\u00bb alignment=\u00bbcenter\u00bb][\/vc_column_inner][\/vc_row_inner][vc_column_text]Descubre una regi\u00f3n con un patrimonio hist\u00f3rico, cultural y arquitect\u00f3nico rico.<\/p>\n<p>Situado entre el castillo de Angers, el castillo de Serrant y el castillo de Brissac, el Camping d\u2019Angers es el alojamiento ideal para descubrir en familia los imprescindibles de la regi\u00f3n.[\/vc_column_text]<\/div>[\/vc_column][\/vc_row][vc_row][vc_column]<div class=\"wrappedcontent\">[vc_column_text]<\/p>\n<h4 style=\"text-align: center;\">&#8211; Visita Angers &#8211;<\/h4>\n<p>[\/vc_column_text][vc_empty_space height=\u00bb30px\u00bb][vc_row_inner gap=\u00bb10&#8243;][vc_column_inner width=\u00bb1\/2&#8243;][vc_column_text]Capital hist\u00f3rica de Anjou, Angers posee un entorno excepcional en el coraz\u00f3n del valle del Loira, clasificado como Patrimonio Mundial de la Unesco. Su castillo, su catedral, sus jardines, sus muelles, sus mercados&#8230; pasea mientras los descubres.[\/vc_column_text][\/vc_column_inner][vc_column_inner width=\u00bb1\/2&#8243;][vc_masonry_media_grid element_width=\u00bb6&#8243; gap=\u00bb10&#8243; item=\u00bb82&#8243; grid_id=\u00bbvc_gid:1675939538340-ceec05a4-df93-4&#8243; include=\u00bb29273,29295&#8243;][\/vc_column_inner][\/vc_row_inner]<\/div>[\/vc_column][\/vc_row][vc_row][vc_column]<div class=\"wrappedcontent\">[vc_row_inner equal_height=\u00bbyes\u00bb content_placement=\u00bbmiddle\u00bb gap=\u00bb20&#8243; css=\u00bb.vc_custom_1529317365780{margin-left: -0.5px !important;}\u00bb][vc_column_inner width=\u00bb1\/3&#8243; css=\u00bb.vc_custom_1529317386992{background-color: #e8e8e8 !important;}\u00bb][vc_icon icon_fontawesome=\u00bbfar fa-map\u00bb color=\u00bbcustom\u00bb size=\u00bblg\u00bb align=\u00bbcenter\u00bb custom_color=\u00bb#e84e1b\u00bb link=\u00bburl:https%3A%2F%2Fmedia.huttopia.com%2Fdestinations%2Fangers%2Fplan-camping-citykamp-angers.pdf|target:_blank\u00bb css=\u00bb.vc_custom_1675939671074{margin-bottom: -10px !important;padding-top: 15px !important;}\u00bb][vc_column_text css=\u00bb.vc_custom_1675939658570{padding-top: 25px !important;padding-right: 15px !important;padding-bottom: 15px !important;padding-left: 15px !important;}\u00bb]<\/p>\n<p style=\"text-align: center;\"><a href=\"https:\/\/media.huttopia.com\/destinations\/angers\/plan-camping-citykamp-angers.pdf\" target=\"_blank\" rel=\"noopener noreferrer\"><strong>Plano del camping<\/strong><\/a><\/p>\n<p>[\/vc_column_text][\/vc_column_inner][vc_column_inner width=\u00bb1\/3&#8243; css=\u00bb.vc_custom_1529317390775{background-color: #e8e8e8 !important;}\u00bb][vc_icon icon_fontawesome=\u00bbfa fa-calendar-check-o\u00bb color=\u00bbcustom\u00bb size=\u00bblg\u00bb align=\u00bbcenter\u00bb custom_color=\u00bb#e84e1b\u00bb link=\u00bburl:http%3A%2F%2Fcheckout.campings-nature.com%2Fsite%2Fes%2F921||target:%20_blank|\u00bb css=\u00bb.vc_custom_1529319792758{margin-bottom: -10px !important;padding-top: 15px !important;}\u00bb][vc_column_text css=\u00bb.vc_custom_1529319780439{padding-top: 25px !important;padding-right: 15px !important;padding-bottom: 15px !important;padding-left: 15px !important;}\u00bb]<\/p>\n<p style=\"text-align: center;\"><a href=\"http:\/\/checkout.campings-nature.com\/site\/es\/921\" target=\"_blank\" rel=\"noopener noreferrer\"><strong>Reserva tu estancia<\/strong><\/a><\/p>\n<p>[\/vc_column_text][\/vc_column_inner][vc_column_inner width=\u00bb1\/3&#8243; css=\u00bb.vc_custom_1529317396006{background-color: #e8e8e8 !important;}\u00bb][vc_icon icon_fontawesome=\u00bbfa fa-map-marker\u00bb color=\u00bbcustom\u00bb size=\u00bblg\u00bb align=\u00bbcenter\u00bb custom_color=\u00bb#e84e1b\u00bb link=\u00bburl:https%3A%2F%2Fgoo.gl%2Fmaps%2FDxGe4X3iv8t||target:%20_blank|\u00bb css=\u00bb.vc_custom_1529317758294{margin-bottom: -10px !important;padding-top: 15px !important;}\u00bb][vc_column_text css=\u00bb.vc_custom_1529319801038{padding-top: 25px !important;padding-right: 15px !important;padding-bottom: 15px !important;padding-left: 15px !important;}\u00bb]<\/p>\n<p style=\"text-align: center;\"><a href=\"https:\/\/goo.gl\/maps\/DxGe4X3iv8t\" target=\"_blank\" rel=\"noopener noreferrer\"><strong>Ruta<\/strong><\/a><\/p>\n<p>[\/vc_column_text][\/vc_column_inner][\/vc_row_inner]<\/div>[\/vc_column][\/vc_row][vc_row css=\u00bb.vc_custom_1529329314331{background-color: #e8e8e8 !important;}\u00bb][vc_column]<div class=\"wrappedcontent\">[vc_column_text]<\/p>\n<h4>Fotos de la regi\u00f3n de Angers<\/h4>\n<p>[\/vc_column_text][vc_empty_space height=\u00bb18px\u00bb][vc_masonry_media_grid style=\u00bbload-more\u00bb items_per_page=\u00bb4&#8243; element_width=\u00bb3&#8243; gap=\u00bb10&#8243; item=\u00bb945&#8243; btn_title=\u00bbVER M\u00c1S\u00bb btn_style=\u00bbcustom\u00bb btn_custom_background=\u00bb#e84e1b\u00bb btn_custom_text=\u00bb#ffffff\u00bb btn_shape=\u00bbsquare\u00bb btn_i_icon_fontawesome=\u00bbfa fa-camera\u00bb btn_add_icon=\u00bbtrue\u00bb grid_id=\u00bbvc_gid:1675939538347-8f73cdea-3ed9-7&#8243; include=\u00bb58709,58715,58721,58727,58733,2109,2114,2104,2094,2124,2119,2099,2089,2084,2079,2074,2069,64284&#8243;]<\/div>[\/vc_column][\/vc_row]<\/p>\n<\/div>","protected":false},"excerpt":{"rendered":"<p>[vc_row][vc_column][vc_single_image image=\u00bb27610&#8243; img_size=\u00bb1900&#215;500&#8243;][\/vc_column][\/vc_row][vc_row css=\u00bb.vc_custom_1520527316268{background-color: #e8e8e8 !important;}\u00bb][vc_column][\/vc_column][\/vc_row][vc_row][vc_column][\/vc_column][\/vc_row][vc_row][vc_column][\/vc_column][\/vc_row][vc_row css=\u00bb.vc_custom_1529329314331{background-color: #e8e8e8 !important;}\u00bb][vc_column][\/vc_column][\/vc_row]<\/p>\n","protected":false},"author":1,"featured_media":0,"parent":0,"menu_order":0,"comment_status":"closed","ping_status":"closed","template":"","meta":{"footnotes":""},"class_list":["post-469","page","type-page","status-publish","hentry"],"yoast_head":"<!-- This site is optimized with the Yoast SEO plugin v25.6 - https:\/\/yoast.com\/wordpress\/plugins\/seo\/ -->\n<title>Descubra Angers y su regi\u00f3n - Camping d&#039;Angers - Lac de Maine<\/title>\n<meta name=\"description\" content=\"En familia o con amigos, el camping Angers - Lac de Maine es el lugar ideal para descubrir los imprescindibles de la regi\u00f3n. Se encuentra en el valle del Loira, declarado Patrimonio de la Humanidad por la UNESCO. Cruce los bosques y acceda a los castillos del Valle del Loira o camine por la ruta del vino.\" \/>\n<meta name=\"robots\" content=\"index, follow, max-snippet:-1, max-image-preview:large, max-video-preview:-1\" \/>\n<link rel=\"canonical\" href=\"https:\/\/www.campingangers.com\/es\/region\/\" \/>\n<meta property=\"og:locale\" content=\"es_ES\" \/>\n<meta property=\"og:type\" content=\"article\" \/>\n<meta property=\"og:title\" content=\"Descubra Angers y su regi\u00f3n - Camping d&#039;Angers - Lac de Maine\" \/>\n<meta property=\"og:description\" content=\"En familia o con amigos, el camping Angers - Lac de Maine es el lugar ideal para descubrir los imprescindibles de la regi\u00f3n. Se encuentra en el valle del Loira, declarado Patrimonio de la Humanidad por la UNESCO. Cruce los bosques y acceda a los castillos del Valle del Loira o camine por la ruta del vino.\" \/>\n<meta property=\"og:url\" content=\"https:\/\/www.campingangers.com\/es\/region\/\" \/>\n<meta property=\"og:site_name\" content=\"Camping d&#039;Angers - Lac de Maine\" \/>\n<meta property=\"article:modified_time\" content=\"2023-02-09T10:47:54+00:00\" \/>\n<meta name=\"twitter:card\" content=\"summary_large_image\" \/>\n<meta name=\"twitter:label1\" content=\"Est. reading time\" \/>\n\t<meta name=\"twitter:data1\" content=\"2 minutos\" \/>\n<script type=\"application\/ld+json\" class=\"yoast-schema-graph\">{\"@context\":\"https:\/\/schema.org\",\"@graph\":[{\"@type\":\"WebPage\",\"@id\":\"https:\/\/www.campingangers.com\/es\/region\/\",\"url\":\"https:\/\/www.campingangers.com\/es\/region\/\",\"name\":\"Descubra Angers y su regi\u00f3n - Camping d'Angers - Lac de Maine\",\"isPartOf\":{\"@id\":\"https:\/\/www.campingangers.com\/es\/#website\"},\"datePublished\":\"2018-02-26T09:27:00+00:00\",\"dateModified\":\"2023-02-09T10:47:54+00:00\",\"description\":\"En familia o con amigos, el camping Angers - Lac de Maine es el lugar ideal para descubrir los imprescindibles de la regi\u00f3n. Se encuentra en el valle del Loira, declarado Patrimonio de la Humanidad por la UNESCO. Cruce los bosques y acceda a los castillos del Valle del Loira o camine por la ruta del vino.\",\"breadcrumb\":{\"@id\":\"https:\/\/www.campingangers.com\/es\/region\/#breadcrumb\"},\"inLanguage\":\"es\",\"potentialAction\":[{\"@type\":\"ReadAction\",\"target\":[\"https:\/\/www.campingangers.com\/es\/region\/\"]}]},{\"@type\":\"BreadcrumbList\",\"@id\":\"https:\/\/www.campingangers.com\/es\/region\/#breadcrumb\",\"itemListElement\":[{\"@type\":\"ListItem\",\"position\":1,\"name\":\"Accueil\",\"item\":\"https:\/\/www.campingangers.com\/es\/\"},{\"@type\":\"ListItem\",\"position\":2,\"name\":\"R\u00e9gion\"}]},{\"@type\":\"WebSite\",\"@id\":\"https:\/\/www.campingangers.com\/es\/#website\",\"url\":\"https:\/\/www.campingangers.com\/es\/\",\"name\":\"Camping d&#039;Angers - Lac de Maine\",\"description\":\"Un site utilisant Citykamp\",\"potentialAction\":[{\"@type\":\"SearchAction\",\"target\":{\"@type\":\"EntryPoint\",\"urlTemplate\":\"https:\/\/www.campingangers.com\/es\/?s={search_term_string}\"},\"query-input\":{\"@type\":\"PropertyValueSpecification\",\"valueRequired\":true,\"valueName\":\"search_term_string\"}}],\"inLanguage\":\"es\"}]}<\/script>\n<!-- \/ Yoast SEO plugin. -->","yoast_head_json":{"title":"Descubra Angers y su regi\u00f3n - Camping d'Angers - Lac de Maine","description":"En familia o con amigos, el camping Angers - Lac de Maine es el lugar ideal para descubrir los imprescindibles de la regi\u00f3n. Se encuentra en el valle del Loira, declarado Patrimonio de la Humanidad por la UNESCO. Cruce los bosques y acceda a los castillos del Valle del Loira o camine por la ruta del vino.","robots":{"index":"index","follow":"follow","max-snippet":"max-snippet:-1","max-image-preview":"max-image-preview:large","max-video-preview":"max-video-preview:-1"},"canonical":"https:\/\/www.campingangers.com\/es\/region\/","og_locale":"es_ES","og_type":"article","og_title":"Descubra Angers y su regi\u00f3n - Camping d'Angers - Lac de Maine","og_description":"En familia o con amigos, el camping Angers - Lac de Maine es el lugar ideal para descubrir los imprescindibles de la regi\u00f3n. Se encuentra en el valle del Loira, declarado Patrimonio de la Humanidad por la UNESCO. Cruce los bosques y acceda a los castillos del Valle del Loira o camine por la ruta del vino.","og_url":"https:\/\/www.campingangers.com\/es\/region\/","og_site_name":"Camping d&#039;Angers - Lac de Maine","article_modified_time":"2023-02-09T10:47:54+00:00","twitter_card":"summary_large_image","twitter_misc":{"Est. reading time":"2 minutos"},"schema":{"@context":"https:\/\/schema.org","@graph":[{"@type":"WebPage","@id":"https:\/\/www.campingangers.com\/es\/region\/","url":"https:\/\/www.campingangers.com\/es\/region\/","name":"Descubra Angers y su regi\u00f3n - Camping d'Angers - Lac de Maine","isPartOf":{"@id":"https:\/\/www.campingangers.com\/es\/#website"},"datePublished":"2018-02-26T09:27:00+00:00","dateModified":"2023-02-09T10:47:54+00:00","description":"En familia o con amigos, el camping Angers - Lac de Maine es el lugar ideal para descubrir los imprescindibles de la regi\u00f3n. Se encuentra en el valle del Loira, declarado Patrimonio de la Humanidad por la UNESCO. Cruce los bosques y acceda a los castillos del Valle del Loira o camine por la ruta del vino.","breadcrumb":{"@id":"https:\/\/www.campingangers.com\/es\/region\/#breadcrumb"},"inLanguage":"es","potentialAction":[{"@type":"ReadAction","target":["https:\/\/www.campingangers.com\/es\/region\/"]}]},{"@type":"BreadcrumbList","@id":"https:\/\/www.campingangers.com\/es\/region\/#breadcrumb","itemListElement":[{"@type":"ListItem","position":1,"name":"Accueil","item":"https:\/\/www.campingangers.com\/es\/"},{"@type":"ListItem","position":2,"name":"R\u00e9gion"}]},{"@type":"WebSite","@id":"https:\/\/www.campingangers.com\/es\/#website","url":"https:\/\/www.campingangers.com\/es\/","name":"Camping d&#039;Angers - Lac de Maine","description":"Un site utilisant Citykamp","potentialAction":[{"@type":"SearchAction","target":{"@type":"EntryPoint","urlTemplate":"https:\/\/www.campingangers.com\/es\/?s={search_term_string}"},"query-input":{"@type":"PropertyValueSpecification","valueRequired":true,"valueName":"search_term_string"}}],"inLanguage":"es"}]}},"_links":{"self":[{"href":"https:\/\/www.campingangers.com\/es\/wp-json\/wp\/v2\/pages\/469","targetHints":{"allow":["GET"]}}],"collection":[{"href":"https:\/\/www.campingangers.com\/es\/wp-json\/wp\/v2\/pages"}],"about":[{"href":"https:\/\/www.campingangers.com\/es\/wp-json\/wp\/v2\/types\/page"}],"author":[{"embeddable":true,"href":"https:\/\/www.campingangers.com\/es\/wp-json\/wp\/v2\/users\/1"}],"replies":[{"embeddable":true,"href":"https:\/\/www.campingangers.com\/es\/wp-json\/wp\/v2\/comments?post=469"}],"version-history":[{"count":3,"href":"https:\/\/www.campingangers.com\/es\/wp-json\/wp\/v2\/pages\/469\/revisions"}],"predecessor-version":[{"id":77825,"href":"https:\/\/www.campingangers.com\/es\/wp-json\/wp\/v2\/pages\/469\/revisions\/77825"}],"wp:attachment":[{"href":"https:\/\/www.campingangers.com\/es\/wp-json\/wp\/v2\/media?parent=469"}],"curies":[{"name":"wp","href":"https:\/\/api.w.org\/{rel}","templated":true}]}}