{"id":446,"date":"2018-02-26T10:26:45","date_gmt":"2018-02-26T09:26:45","guid":{"rendered":"http:\/\/www.campingangers.com\/es\/actividades-servicios\/"},"modified":"2026-04-29T09:37:15","modified_gmt":"2026-04-29T07:37:15","slug":"actividades-servicios","status":"publish","type":"page","link":"https:\/\/www.campingangers.com\/es\/actividades-servicios\/","title":{"rendered":"Activit\u00e9s \/ Services"},"content":{"rendered":"<div class=\"wpb-content-wrapper\"><p>[vc_row][vc_column][vc_single_image image=\u00bb61966&#8243; img_size=\u00bb1900&#215;500&#8243;][\/vc_column][\/vc_row][vc_row][vc_column]<div class=\"wrappedcontent\">[vc_column_text]<\/p>\n<h4 style=\"text-align: center;\">&#8211; En el camping encontrar\u00e1s multitud de servicios que te facilitar\u00e1n la estancia &#8211;<\/h4>\n<p style=\"text-align: center;\"><em>(de marzo a noviembre)<\/em><\/p>\n<p>[\/vc_column_text][vc_empty_space height=\u00bb50px\u00bb][vc_row_inner gap=\u00bb25&#8243;][vc_column_inner width=\u00bb1\/3&#8243;][vc_masonry_media_grid element_width=\u00bb12&#8243; gap=\u00bb0&#8243; item=\u00bb120&#8243; grid_id=\u00bbvc_gid:1777448102796-e2888edd-c81b-6&#8243; include=\u00bb55150&#8243;][vc_empty_space height=\u00bb12px\u00bb][vc_column_text]\u00bfAcabas de llegar? Antes pasa por recepci\u00f3n para recibir toda la informaci\u00f3n y as\u00ed poder instalarte. El equipo de recepci\u00f3n estar\u00e1 a tu disposici\u00f3n durante toda la estancia para ofrecerte informaci\u00f3n tur\u00edstica sobre Angers, el valle del Loira, las actividades y la visita de los alrededores&#8230;[\/vc_column_text][\/vc_column_inner][vc_column_inner width=\u00bb1\/3&#8243;][vc_masonry_media_grid element_width=\u00bb12&#8243; item=\u00bb120&#8243; grid_id=\u00bbvc_gid:1777448102798-fb4b37f7-9f61-3&#8243; include=\u00bb62935&#8243;][vc_empty_space height=\u00bb12px\u00bb][vc_column_text css=\u00bb\u00bb]Disfruta de nuestras pizzas caseras en el bar-restaurante. Abierto: todas las tardes en verano y durante las vacaciones de mayo. 6 d\u00edas a la semana por las tardes en mayo, junio, septiembre y durante las vacaciones de primavera y oto\u00f1o.[\/vc_column_text][\/vc_column_inner][vc_column_inner width=\u00bb1\/3&#8243;][vc_masonry_media_grid element_width=\u00bb12&#8243; item=\u00bb120&#8243; grid_id=\u00bbvc_gid:1777448102799-b9c060e0-ad13-2&#8243; include=\u00bb55156&#8243;][vc_empty_space height=\u00bb12px\u00bb][vc_column_text]Encarga el pan y la boller\u00eda el d\u00eda antes. Porque queremos trabajar con productores locales, la panader\u00eda del pueblo nos suministra todas las ma\u00f1anas. T\u00e9, caf\u00e9, zumo de naranja, tostadas y boller\u00eda&#8230; Elige una opci\u00f3n de desayuno con la que no tendr\u00e1s que preparar nada.[\/vc_column_text][\/vc_column_inner][\/vc_row_inner][vc_row_inner gap=\u00bb25&#8243;][vc_column_inner width=\u00bb1\/3&#8243;][vc_masonry_media_grid element_width=\u00bb12&#8243; item=\u00bb120&#8243; grid_id=\u00bbvc_gid:1777448102800-caadf4b4-75be-10&#8243; include=\u00bb55162&#8243;][vc_empty_space height=\u00bb12px\u00bb][vc_column_text css=\u00bb\u00bb]Hay wifi gratuito en todo el camping.[\/vc_column_text][\/vc_column_inner][vc_column_inner width=\u00bb1\/3&#8243;][vc_masonry_media_grid element_width=\u00bb12&#8243; item=\u00bb120&#8243; grid_id=\u00bbvc_gid:1777448102800-ece421b8-e45e-0&#8243; include=\u00bb1524&#8243;][vc_empty_space height=\u00bb12px\u00bb][vc_column_text]Una zona de lavander\u00eda con lavadora y secadora (fichas a la venta en recepci\u00f3n). Dispondr\u00e1s en recepci\u00f3n de una plancha y tabla de planchar.[\/vc_column_text][\/vc_column_inner][vc_column_inner width=\u00bb1\/3&#8243;][vc_masonry_media_grid element_width=\u00bb12&#8243; item=\u00bb120&#8243; grid_id=\u00bbvc_gid:1777448102801-d7a45a27-5c35-2&#8243; include=\u00bb55168&#8243;][vc_empty_space height=\u00bb12px\u00bb][vc_column_text]Alquile su bicicleta en el camping y explore los alrededores. Para ti libertad![\/vc_column_text][\/vc_column_inner][\/vc_row_inner]<\/div>[\/vc_column][\/vc_row][vc_row][vc_column]<div class=\"wrappedcontent\">[vc_column_text]<\/p>\n<h4 style=\"text-align: center;\">En el camping, equipamiento de ocio para toda la familia\u2026<\/h4>\n<p>[\/vc_column_text][vc_empty_space height=\u00bb50px\u00bb][vc_row_inner gap=\u00bb25&#8243;][vc_column_inner width=\u00bb1\/3&#8243;][vc_masonry_media_grid element_width=\u00bb12&#8243; gap=\u00bb0&#8243; item=\u00bb120&#8243; grid_id=\u00bbvc_gid:1777448102803-4bb1fc2c-8e9d-4&#8243; include=\u00bb55132&#8243;][vc_empty_space height=\u00bb12px\u00bb][vc_column_text css=\u00bb\u00bb]El camping de Angers dispone de una piscina grande climatizada para relajarse. Al final del d\u00eda, te apetecer\u00e1 tumbarte en una hamaca al sol en la orilla mientras que los ni\u00f1os juegan en el agua (del 1\/05 al 27\/09)[\/vc_column_text][\/vc_column_inner][vc_column_inner width=\u00bb1\/3&#8243;][vc_masonry_media_grid element_width=\u00bb12&#8243; gap=\u00bb0&#8243; item=\u00bb120&#8243; grid_id=\u00bbvc_gid:1777448102804-e59f439f-adb8-6&#8243; include=\u00bb55138&#8243;][vc_empty_space height=\u00bb12px\u00bb][vc_column_text]Disfruta de numerosos equipos y actividades para toda la familia: mesa de ping-pong, petanca, campo de voleibol, zona de juegos para los peques, futbol\u00edn, m\u00e1quinas de pinball&#8230;[\/vc_column_text][\/vc_column_inner][vc_column_inner width=\u00bb1\/3&#8243;][vc_masonry_media_grid element_width=\u00bb12&#8243; gap=\u00bb0&#8243; item=\u00bb120&#8243; grid_id=\u00bbvc_gid:1777448102805-caab7e9d-766b-9&#8243; include=\u00bb1579&#8243;][vc_empty_space height=\u00bb12px\u00bb][vc_column_text]Durante el verano, los conciertos en directo har\u00e1n las delicias de grandes y peque\u00f1os cada semana. \u00bfFlamenco jazz? \u00bfJazz rock? \u00bfM\u00fasica del mundo? Ambiente festivo para todos los gustos.[\/vc_column_text][\/vc_column_inner][\/vc_row_inner][vc_empty_space]<div class=\"text-center btnwrap\"><a class=\"btn btn-huttopia-cta\" href=\"http:\/\/checkout.citykamp.com\/site\/es\/921\" role=\"button\" target=\"\" onclick=\"dataLayer.push({'event':'clickCity', 'clickText':'Reservar tu estancia'})\">Reservar tu estancia<\/a><\/div><\/div>[\/vc_column][\/vc_row][vc_row css=\u00bb.vc_custom_1520520263513{background-color: #e8e8e8 !important;}\u00bb][vc_column]<div class=\"wrappedcontent\">[vc_column_text]<\/p>\n<h4 style=\"text-align: center;\">&#8211; Actividades para descubrir cerca del lago de Maine &#8211;<\/h4>\n<p style=\"text-align: center;\">A 10 minutos a pie y a 3 minutos en bicicleta desde el camping por el carril bici.<\/p>\n<p>[\/vc_column_text][vc_empty_space height=\u00bb50px\u00bb][vc_row_inner gap=\u00bb25&#8243;][vc_column_inner width=\u00bb1\/3&#8243;][vc_masonry_media_grid element_width=\u00bb12&#8243; gap=\u00bb0&#8243; item=\u00bb120&#8243; grid_id=\u00bbvc_gid:1777448102807-7d094b19-345f-10&#8243; include=\u00bb55144&#8243;][vc_empty_space height=\u00bb12px\u00bb][vc_column_text]Desde el 11 de julio hasta el 20 de agosto, el lago de Maine te ofrece un centenar de actividades gratuitas todos los d\u00edas de la semana para peque\u00f1os y grandes dentro de la tem\u00e1tica \u00abel verano en el lago\u00bb.[\/vc_column_text][\/vc_column_inner][vc_column_inner width=\u00bb1\/3&#8243;][vc_masonry_media_grid element_width=\u00bb12&#8243; gap=\u00bb0&#8243; item=\u00bb120&#8243; grid_id=\u00bbvc_gid:1777448102808-5336c92d-032c-0&#8243; include=\u00bb31424&#8243;][vc_empty_space height=\u00bb12px\u00bb][vc_column_text]Un circuito se\u00f1alizado a lo largo del lago de Maine y que recorre cuatro lugares excepcionales (el camino de sirga de la Maine NATURA 2000, el centro hist\u00f3rico de Angers, las canteras de pizarra y las riberas de Maine).[\/vc_column_text][\/vc_column_inner][vc_column_inner width=\u00bb1\/3&#8243;][vc_masonry_media_grid element_width=\u00bb12&#8243; gap=\u00bb0&#8243; item=\u00bb120&#8243; grid_id=\u00bbvc_gid:1777448102808-3501d3d1-37ae-8&#8243; include=\u00bb1564&#8243;][vc_empty_space height=\u00bb12px\u00bb][vc_column_text]Un total de cerca de 235 especies censadas. La LPO organiza regularmente salidas tem\u00e1ticas ideales para las familias y los amantes de la naturaleza.[\/vc_column_text][\/vc_column_inner][\/vc_row_inner][vc_row_inner gap=\u00bb25&#8243;][vc_column_inner width=\u00bb1\/3&#8243;][vc_masonry_media_grid element_width=\u00bb12&#8243; gap=\u00bb0&#8243; item=\u00bb120&#8243; grid_id=\u00bbvc_gid:1777448102809-109d1d16-ed0b-7&#8243; include=\u00bb1559&#8243;][vc_empty_space height=\u00bb12px\u00bb][vc_column_text]Con la asociaci\u00f3n Lac de Maine Equitation, disfruta de un paseo a caballo para descubrir los paisajes de la regi\u00f3n.[\/vc_column_text][\/vc_column_inner][vc_column_inner width=\u00bb1\/3&#8243;][vc_masonry_media_grid element_width=\u00bb12&#8243; gap=\u00bb0&#8243; item=\u00bb120&#8243; grid_id=\u00bbvc_gid:1777448102810-31653f89-7b63-7&#8243; include=\u00bb1554&#8243;][vc_empty_space height=\u00bb12px\u00bb][vc_column_text]Bicicleta de monta\u00f1a, pesca, vela, kayak, descubrir la flora y la fauna del entorno&#8230; \u00a1T\u00fa eliges![\/vc_column_text][\/vc_column_inner][vc_column_inner width=\u00bb1\/3&#8243;][vc_masonry_media_grid element_width=\u00bb12&#8243; gap=\u00bb0&#8243; item=\u00bb120&#8243; grid_id=\u00bbvc_gid:1777448102810-9a0fccb5-65a6-1&#8243; include=\u00bb1549&#8243;][vc_empty_space height=\u00bb12px\u00bb][vc_column_text]Disponemos de una zona gratuita de ba\u00f1o. Ven a pasearte a la sombra de los \u00e1rboles y chapotear con tus hijos.[\/vc_column_text][\/vc_column_inner][\/vc_row_inner]<\/div>[\/vc_column][\/vc_row][vc_row css=\u00bb.vc_custom_1520520263513{background-color: #e8e8e8 !important;}\u00bb][vc_column]<div class=\"wrappedcontent\">[vc_column_text]<\/p>\n<h4 style=\"text-align: center;\">&#8211; Otros servicios del camping &#8211;<\/h4>\n<p>[\/vc_column_text][vc_empty_space height=\u00bb50px\u00bb][vc_row_inner][vc_column_inner width=\u00bb1\/4&#8243;][vc_icon icon_fontawesome=\u00bbfa fa-bed\u00bb color=\u00bbmulled_wine\u00bb size=\u00bbsm\u00bb align=\u00bbcenter\u00bb css=\u00bb.vc_custom_1521103194903{margin-top: -10px !important;margin-bottom: -10px !important;}\u00bb][vc_column_text]<\/p>\n<p style=\"text-align: center;\">S\u00e1banas y toallas incluidas<\/p>\n<p>[\/vc_column_text][\/vc_column_inner][vc_column_inner width=\u00bb1\/4&#8243;][vc_icon icon_fontawesome=\u00bbfa fa-odnoklassniki\u00bb color=\u00bbmulled_wine\u00bb size=\u00bbsm\u00bb align=\u00bbcenter\u00bb css=\u00bb.vc_custom_1521103204911{margin-top: -10px !important;margin-bottom: -10px !important;}\u00bb][vc_column_text]<\/p>\n<p style=\"text-align: center;\">Kit de beb\u00e9 (cuna + trona)<br \/>\n(seg\u00fan disponibilidad)<\/p>\n<p>[\/vc_column_text][\/vc_column_inner][vc_column_inner width=\u00bb1\/4&#8243;][vc_icon type=\u00bbmaterial\u00bb icon_material=\u00bbvc-material vc-material-directions_bus\u00bb color=\u00bbmulled_wine\u00bb size=\u00bbsm\u00bb align=\u00bbcenter\u00bb css=\u00bb.vc_custom_1521103214802{margin-top: -10px !important;margin-bottom: -10px !important;}\u00bb][vc_column_text]<\/p>\n<p style=\"text-align: center;\">\u00c1rea de servicio de autocaravanas<\/p>\n<p>[\/vc_column_text][\/vc_column_inner][vc_column_inner width=\u00bb1\/4&#8243;][vc_icon type=\u00bblinecons\u00bb icon_linecons=\u00bbvc_li vc_li-fire\u00bb color=\u00bbmulled_wine\u00bb size=\u00bbsm\u00bb align=\u00bbcenter\u00bb css=\u00bb.vc_custom_1523629695159{margin-top: -10px !important;margin-bottom: -10px !important;}\u00bb][vc_column_text]<\/p>\n<p style=\"text-align: center;\">Alquiler de barbacoa<\/p>\n<p>[\/vc_column_text][\/vc_column_inner][\/vc_row_inner]<\/div>[\/vc_column][\/vc_row][vc_row][vc_column]<div class=\"wrappedcontent\">[vc_row_inner gap=\u00bb25&#8243;][vc_column_inner][vc_column_text]<\/p>\n<h4 style=\"text-align: center;\">&#8211; Cerca del Camping d&#8217;Angers, encontrar\u00e1s todos los servicios necesarios para tu estancia &#8211;<\/h4>\n<p>[\/vc_column_text][vc_empty_space height=\u00bb50px\u00bb][vc_column_text]<\/p>\n<ul>\n<li>Centro comercial (1\u00a0km), estaci\u00f3n de servicio (1 km), panader\u00eda, banco, etc.<\/li>\n<li>Parada de autob\u00fas a 300\u00a0m del camping: llega al centro de Angers en 25\u00a0min. en la l\u00ednea 6.<\/li>\n<li>Carriles bici a la entrada del camping para llegar al centro en 25\u00a0min. a trav\u00e9s de un parque de 100 hect\u00e1reas.<\/li>\n<\/ul>\n<p>[\/vc_column_text][\/vc_column_inner][\/vc_row_inner][vc_empty_space height=\u00bb50px\u00bb][vc_row_inner equal_height=\u00bbyes\u00bb content_placement=\u00bbmiddle\u00bb gap=\u00bb20&#8243; css=\u00bb.vc_custom_1529317365780{margin-left: -0.5px !important;}\u00bb][vc_column_inner width=\u00bb1\/3&#8243; css=\u00bb.vc_custom_1529317386992{background-color: #e8e8e8 !important;}\u00bb][vc_icon icon_fontawesome=\u00bbfar fa-map\u00bb color=\u00bbcustom\u00bb size=\u00bblg\u00bb align=\u00bbcenter\u00bb css=\u00bb.vc_custom_1675938253994{margin-bottom: -10px !important;padding-top: 15px !important;}\u00bb custom_color=\u00bb#e84e1b\u00bb link=\u00bburl:https%3A%2F%2Fmedia.huttopia.com%2Fdestinations%2Fangers%2Fplan-camping-citykamp-angers.pdf|target:_blank\u00bb][vc_column_text css=\u00bb.vc_custom_1675938260314{padding-top: 25px !important;padding-right: 15px !important;padding-bottom: 15px !important;padding-left: 15px !important;}\u00bb]<\/p>\n<p style=\"text-align: center;\"><a href=\"https:\/\/media.huttopia.com\/destinations\/angers\/plan-camping-citykamp-angers.pdf\" target=\"_blank\" rel=\"noopener noreferrer\"><strong>Plano del camping<\/strong><\/a><\/p>\n<p>[\/vc_column_text][\/vc_column_inner][vc_column_inner width=\u00bb1\/3&#8243; css=\u00bb.vc_custom_1529317390775{background-color: #e8e8e8 !important;}\u00bb][vc_icon icon_fontawesome=\u00bbfa fa-calendar-check-o\u00bb color=\u00bbcustom\u00bb size=\u00bblg\u00bb align=\u00bbcenter\u00bb css=\u00bb.vc_custom_1529319792758{margin-bottom: -10px !important;padding-top: 15px !important;}\u00bb custom_color=\u00bb#e84e1b\u00bb link=\u00bburl:http%3A%2F%2Fcheckout.campings-nature.com%2Fsite%2Fes%2F921||target:%20_blank|\u00bb][vc_column_text css=\u00bb.vc_custom_1529319780439{padding-top: 25px !important;padding-right: 15px !important;padding-bottom: 15px !important;padding-left: 15px !important;}\u00bb]<\/p>\n<p style=\"text-align: center;\"><a href=\"http:\/\/checkout.campings-nature.com\/site\/es\/921\" target=\"_blank\" rel=\"noopener noreferrer\"><strong>Reserva tu estancia<\/strong><\/a><\/p>\n<p>[\/vc_column_text][\/vc_column_inner][vc_column_inner width=\u00bb1\/3&#8243; css=\u00bb.vc_custom_1529317396006{background-color: #e8e8e8 !important;}\u00bb][vc_icon icon_fontawesome=\u00bbfa fa-map-marker\u00bb color=\u00bbcustom\u00bb size=\u00bblg\u00bb align=\u00bbcenter\u00bb css=\u00bb.vc_custom_1529317758294{margin-bottom: -10px !important;padding-top: 15px !important;}\u00bb custom_color=\u00bb#e84e1b\u00bb link=\u00bburl:https%3A%2F%2Fgoo.gl%2Fmaps%2FDxGe4X3iv8t||target:%20_blank|\u00bb][vc_column_text css=\u00bb.vc_custom_1529319801038{padding-top: 25px !important;padding-right: 15px !important;padding-bottom: 15px !important;padding-left: 15px !important;}\u00bb]<\/p>\n<p style=\"text-align: center;\"><a href=\"https:\/\/goo.gl\/maps\/DxGe4X3iv8t\" target=\"_blank\" rel=\"noopener noreferrer\"><strong>Ruta<\/strong><\/a><\/p>\n<p>[\/vc_column_text][\/vc_column_inner][\/vc_row_inner]<\/div>[\/vc_column][\/vc_row][vc_row css=\u00bb.vc_custom_1529328607964{background-color: #e8e8e8 !important;}\u00bb][vc_column]<div class=\"wrappedcontent\">[vc_column_text]<\/p>\n<h4>Fotos de actividades y servicios | Camping Angers<\/h4>\n<p>[\/vc_column_text][vc_empty_space height=\u00bb18px\u00bb][vc_masonry_media_grid style=\u00bbload-more\u00bb items_per_page=\u00bb4&#8243; element_width=\u00bb3&#8243; gap=\u00bb10&#8243; item=\u00bb945&#8243; btn_title=\u00bbVER M\u00c1S\u00bb btn_style=\u00bbcustom\u00bb btn_custom_background=\u00bb#e84e1b\u00bb btn_custom_text=\u00bb#ffffff\u00bb btn_shape=\u00bbsquare\u00bb btn_i_icon_fontawesome=\u00bbfa fa-camera\u00bb btn_add_icon=\u00bbtrue\u00bb grid_id=\u00bbvc_gid:1777448102812-df92b654-5565-3&#8243; include=\u00bb55180,55186,55192,55174,55198,55204,55210,55216,55222,55228,55234,55240,55246,55252,2044,64266,64272,64278&#8243;]<\/div>[\/vc_column][\/vc_row]<\/p>\n<\/div>","protected":false},"excerpt":{"rendered":"<p>[vc_row][vc_column][vc_single_image image=\u00bb61966&#8243; img_size=\u00bb1900&#215;500&#8243;][\/vc_column][\/vc_row][vc_row][vc_column][\/vc_column][\/vc_row][vc_row][vc_column][\/vc_column][\/vc_row][vc_row css=\u00bb.vc_custom_1520520263513{background-color: #e8e8e8 !important;}\u00bb][vc_column][\/vc_column][\/vc_row][vc_row css=\u00bb.vc_custom_1520520263513{background-color: #e8e8e8 !important;}\u00bb][vc_column][\/vc_column][\/vc_row][vc_row][vc_column][\/vc_column][\/vc_row][vc_row css=\u00bb.vc_custom_1529328607964{background-color: #e8e8e8 !important;}\u00bb][vc_column][\/vc_column][\/vc_row]<\/p>\n","protected":false},"author":1,"featured_media":0,"parent":0,"menu_order":0,"comment_status":"closed","ping_status":"closed","template":"","meta":{"footnotes":""},"class_list":["post-446","page","type-page","status-publish","hentry"],"yoast_head":"<!-- This site is optimized with the Yoast SEO plugin v25.6 - https:\/\/yoast.com\/wordpress\/plugins\/seo\/ -->\n<title>Actividades y servicios - Camping d&#039;Angers - Lac de Maine<\/title>\n<meta name=\"description\" content=\"Aproveche las numerosas instalaciones y actividades que ofrece el camping Angers - Lac de Maine para una estancia entre relajaci\u00f3n y placer.\" \/>\n<meta name=\"robots\" content=\"index, follow, max-snippet:-1, max-image-preview:large, max-video-preview:-1\" \/>\n<link rel=\"canonical\" href=\"https:\/\/www.campingangers.com\/es\/actividades-servicios\/\" \/>\n<meta property=\"og:locale\" content=\"es_ES\" \/>\n<meta property=\"og:type\" content=\"article\" \/>\n<meta property=\"og:title\" content=\"Actividades y servicios - Camping d&#039;Angers - Lac de Maine\" \/>\n<meta property=\"og:description\" content=\"Aproveche las numerosas instalaciones y actividades que ofrece el camping Angers - Lac de Maine para una estancia entre relajaci\u00f3n y placer.\" \/>\n<meta property=\"og:url\" content=\"https:\/\/www.campingangers.com\/es\/actividades-servicios\/\" \/>\n<meta property=\"og:site_name\" content=\"Camping d&#039;Angers - Lac de Maine\" \/>\n<meta property=\"article:modified_time\" content=\"2026-04-29T07:37:15+00:00\" \/>\n<meta name=\"twitter:card\" content=\"summary_large_image\" \/>\n<meta name=\"twitter:label1\" content=\"Est. reading time\" \/>\n\t<meta name=\"twitter:data1\" content=\"12 minutos\" \/>\n<script type=\"application\/ld+json\" class=\"yoast-schema-graph\">{\"@context\":\"https:\/\/schema.org\",\"@graph\":[{\"@type\":\"WebPage\",\"@id\":\"https:\/\/www.campingangers.com\/es\/actividades-servicios\/\",\"url\":\"https:\/\/www.campingangers.com\/es\/actividades-servicios\/\",\"name\":\"Actividades y servicios - Camping d'Angers - Lac de Maine\",\"isPartOf\":{\"@id\":\"https:\/\/www.campingangers.com\/es\/#website\"},\"datePublished\":\"2018-02-26T09:26:45+00:00\",\"dateModified\":\"2026-04-29T07:37:15+00:00\",\"description\":\"Aproveche las numerosas instalaciones y actividades que ofrece el camping Angers - Lac de Maine para una estancia entre relajaci\u00f3n y placer.\",\"breadcrumb\":{\"@id\":\"https:\/\/www.campingangers.com\/es\/actividades-servicios\/#breadcrumb\"},\"inLanguage\":\"es\",\"potentialAction\":[{\"@type\":\"ReadAction\",\"target\":[\"https:\/\/www.campingangers.com\/es\/actividades-servicios\/\"]}]},{\"@type\":\"BreadcrumbList\",\"@id\":\"https:\/\/www.campingangers.com\/es\/actividades-servicios\/#breadcrumb\",\"itemListElement\":[{\"@type\":\"ListItem\",\"position\":1,\"name\":\"Accueil\",\"item\":\"https:\/\/www.campingangers.com\/es\/\"},{\"@type\":\"ListItem\",\"position\":2,\"name\":\"Activit\u00e9s \/ Services\"}]},{\"@type\":\"WebSite\",\"@id\":\"https:\/\/www.campingangers.com\/es\/#website\",\"url\":\"https:\/\/www.campingangers.com\/es\/\",\"name\":\"Camping d&#039;Angers - Lac de Maine\",\"description\":\"Un site utilisant Citykamp\",\"potentialAction\":[{\"@type\":\"SearchAction\",\"target\":{\"@type\":\"EntryPoint\",\"urlTemplate\":\"https:\/\/www.campingangers.com\/es\/?s={search_term_string}\"},\"query-input\":{\"@type\":\"PropertyValueSpecification\",\"valueRequired\":true,\"valueName\":\"search_term_string\"}}],\"inLanguage\":\"es\"}]}<\/script>\n<!-- \/ Yoast SEO plugin. -->","yoast_head_json":{"title":"Actividades y servicios - Camping d'Angers - Lac de Maine","description":"Aproveche las numerosas instalaciones y actividades que ofrece el camping Angers - Lac de Maine para una estancia entre relajaci\u00f3n y placer.","robots":{"index":"index","follow":"follow","max-snippet":"max-snippet:-1","max-image-preview":"max-image-preview:large","max-video-preview":"max-video-preview:-1"},"canonical":"https:\/\/www.campingangers.com\/es\/actividades-servicios\/","og_locale":"es_ES","og_type":"article","og_title":"Actividades y servicios - Camping d'Angers - Lac de Maine","og_description":"Aproveche las numerosas instalaciones y actividades que ofrece el camping Angers - Lac de Maine para una estancia entre relajaci\u00f3n y placer.","og_url":"https:\/\/www.campingangers.com\/es\/actividades-servicios\/","og_site_name":"Camping d&#039;Angers - Lac de Maine","article_modified_time":"2026-04-29T07:37:15+00:00","twitter_card":"summary_large_image","twitter_misc":{"Est. reading time":"12 minutos"},"schema":{"@context":"https:\/\/schema.org","@graph":[{"@type":"WebPage","@id":"https:\/\/www.campingangers.com\/es\/actividades-servicios\/","url":"https:\/\/www.campingangers.com\/es\/actividades-servicios\/","name":"Actividades y servicios - Camping d'Angers - Lac de Maine","isPartOf":{"@id":"https:\/\/www.campingangers.com\/es\/#website"},"datePublished":"2018-02-26T09:26:45+00:00","dateModified":"2026-04-29T07:37:15+00:00","description":"Aproveche las numerosas instalaciones y actividades que ofrece el camping Angers - Lac de Maine para una estancia entre relajaci\u00f3n y placer.","breadcrumb":{"@id":"https:\/\/www.campingangers.com\/es\/actividades-servicios\/#breadcrumb"},"inLanguage":"es","potentialAction":[{"@type":"ReadAction","target":["https:\/\/www.campingangers.com\/es\/actividades-servicios\/"]}]},{"@type":"BreadcrumbList","@id":"https:\/\/www.campingangers.com\/es\/actividades-servicios\/#breadcrumb","itemListElement":[{"@type":"ListItem","position":1,"name":"Accueil","item":"https:\/\/www.campingangers.com\/es\/"},{"@type":"ListItem","position":2,"name":"Activit\u00e9s \/ Services"}]},{"@type":"WebSite","@id":"https:\/\/www.campingangers.com\/es\/#website","url":"https:\/\/www.campingangers.com\/es\/","name":"Camping d&#039;Angers - Lac de Maine","description":"Un site utilisant Citykamp","potentialAction":[{"@type":"SearchAction","target":{"@type":"EntryPoint","urlTemplate":"https:\/\/www.campingangers.com\/es\/?s={search_term_string}"},"query-input":{"@type":"PropertyValueSpecification","valueRequired":true,"valueName":"search_term_string"}}],"inLanguage":"es"}]}},"_links":{"self":[{"href":"https:\/\/www.campingangers.com\/es\/wp-json\/wp\/v2\/pages\/446","targetHints":{"allow":["GET"]}}],"collection":[{"href":"https:\/\/www.campingangers.com\/es\/wp-json\/wp\/v2\/pages"}],"about":[{"href":"https:\/\/www.campingangers.com\/es\/wp-json\/wp\/v2\/types\/page"}],"author":[{"embeddable":true,"href":"https:\/\/www.campingangers.com\/es\/wp-json\/wp\/v2\/users\/1"}],"replies":[{"embeddable":true,"href":"https:\/\/www.campingangers.com\/es\/wp-json\/wp\/v2\/comments?post=446"}],"version-history":[{"count":5,"href":"https:\/\/www.campingangers.com\/es\/wp-json\/wp\/v2\/pages\/446\/revisions"}],"predecessor-version":[{"id":89806,"href":"https:\/\/www.campingangers.com\/es\/wp-json\/wp\/v2\/pages\/446\/revisions\/89806"}],"wp:attachment":[{"href":"https:\/\/www.campingangers.com\/es\/wp-json\/wp\/v2\/media?parent=446"}],"curies":[{"name":"wp","href":"https:\/\/api.w.org\/{rel}","templated":true}]}}