{"id":70971,"date":"2022-02-16T15:34:02","date_gmt":"2022-02-16T14:34:02","guid":{"rendered":"https:\/\/www.campingangers.com\/?page_id=70971"},"modified":"2025-03-07T11:07:25","modified_gmt":"2025-03-07T10:07:25","slug":"mein-aufenthalt","status":"publish","type":"page","link":"https:\/\/www.campingangers.com\/de\/mein-aufenthalt\/","title":{"rendered":"Mein Aufenthalt"},"content":{"rendered":"<div class=\"wpb-content-wrapper\"><p>[vc_row][vc_column]<div class=\"wrappedcontent\">[vc_empty_space height=&#8220;40px&#8220;][vc_column_text]<\/p>\n<h2 style=\"text-align: center;\">Alle praktischen Informationen vor Ihrem Aufenthalt<\/h2>\n<p>[\/vc_column_text]<\/div>[\/vc_column][\/vc_row][vc_row css=&#8220;.vc_custom_1666620949694{background-color: #e8e8e8 !important;}&#8220;][vc_column]<div class=\"wrappedcontent\">[vc_row_inner gap=&#8220;30&#8243;][vc_column_inner width=&#8220;1\/2&#8243;][vc_icon icon_fontawesome=&#8220;fas fa-campground&#8220; color=&#8220;custom&#8220; align=&#8220;center&#8220; custom_color=&#8220;#e84e1b&#8220;][vc_column_text]<\/p>\n<p style=\"text-align: center;\"><span style=\"color: #e94e1b;\"><strong><span style=\"font-size: 20pt;\">Mein Stellplatz-Aufenthalt<\/span><\/strong><\/span><\/p>\n<p>[\/vc_column_text][vc_empty_space height=&#8220;35px&#8220;][vc_column_text]<span style=\"font-size: 14pt;\"><strong>Folgendes ist in meiner Stellplatzpauschale inbegriffen: <\/strong><\/span><\/p>\n<ul>\n<li>2 Personen<\/li>\n<li>1 Zelt oder 1 Wohnwagen<\/li>\n<li>1 Fahrzeug (1 Auto oder 1 Motorrad) ODER 1 Wohnmobil\/Van<\/li>\n<li>Eine Reisemobil-Servicestation<\/li>\n<li>WLAN<\/li>\n<li>Stromanschluss<\/li>\n<\/ul>\n<p><span style=\"font-size: 12pt;\"><b>\u00a0 \u00a0 \u00a0 Mit Zuschlag:<\/b><\/span><\/p>\n<ul>\n<li>Bis zu 6 Personen (Erwachsene, Kinder und Babys) pro Stellplatz<\/li>\n<li>Max. 1 Haustier erlaubt<\/li>\n<li>Max. 1 kleines zus\u00e4tzliches Zelt (2m x 2m)<\/li>\n<li>Pr\u00e4ferenzgeb\u00fchr (Buchung einer bestimmten Stellplatznummer)<\/li>\n<\/ul>\n<p><span style=\"font-size: 14pt;\"><strong>Zahlungsmodalit\u00e4ten<\/strong><\/span><\/p>\n<ul>\n<li><span style=\"font-size: 12pt;\">F\u00fcr Aufenthalte von 3 N\u00e4chten oder mehr: Anzahlung von 40 % bei der Buchung, Zahlung des Restbetrags einen Monat vor der geplanten Anreise.<\/span><\/li>\n<li><span style=\"font-size: 12pt;\">F\u00fcr 1 oder 2 N\u00e4chte: Bezahlung der gesamten Aufenthaltskosten bei der Buchung.<\/span><\/li>\n<\/ul>\n<p><strong>Buchungs\u00e4nderungen<\/strong> : bis 30 Tage vor Anreise gegen eine Geb\u00fchr von 50 \u20ac.<br \/>\n<strong>Stornierung:\u00a0<\/strong> bis 30 Tage mit Kosten: Anzahlung von 40% des Aufenthaltsbetrags + Abschluss der Versicherung + Buchungsgeb\u00fchr. Nach dem 30. Tag ist der Aufenthalt nicht mehr r\u00fcckzahlbar.<\/p>\n<p><span style=\"font-size: 14pt;\"><strong>An- und Abreisezeiten<\/strong><\/span><br \/>\n<span style=\"font-size: 12pt;\">Ankunft: 14 Uhr \/ Abreise: 12 Uhr<\/span>[\/vc_column_text][\/vc_column_inner][vc_column_inner width=&#8220;1\/2&#8243;][vc_icon icon_fontawesome=&#8220;fas fa-home&#8220; color=&#8220;custom&#8220; align=&#8220;center&#8220; custom_color=&#8220;#e84e1b&#8220;][vc_column_text]<\/p>\n<p style=\"text-align: center;\"><span style=\"color: #e94e1b;\"><strong><span style=\"font-size: 20pt;\">Mein Aufenthalt in einer Unterkunft<\/span><\/strong><\/span><\/p>\n<p>[\/vc_column_text][vc_empty_space height=&#8220;35px&#8220;][vc_column_text]<span style=\"font-size: 14pt;\"><strong>Folgendes ist bei meiner Mietunterkunft inbegriffen: <\/strong><\/span><\/p>\n<ul>\n<li>Bettw\u00e4sche und Handt\u00fccher<\/li>\n<li>Putz-Set (Schwamm, Geschirrsp\u00fclmittel, Allesreiniger)<\/li>\n<li>Fernseher und WLAN<\/li>\n<li>Strom<\/li>\n<li>1 Fahrzeug<\/li>\n<\/ul>\n<p><span style=\"font-size: 12pt;\"><b>\u00a0 \u00a0 \u00a0 Mit Zuschlag:<\/b><\/span><\/p>\n<ul>\n<li>Max. 1 Haustier erlaubt<\/li>\n<li>Endreinigungspauschale<\/li>\n<li>Pr\u00e4ferenzgeb\u00fchr (Buchung einer bestimmte Unterkunftsnummer)<\/li>\n<\/ul>\n<p><span style=\"font-size: 14pt;\"><strong>Zahlungsmodalit\u00e4ten<\/strong><\/span><\/p>\n<ul>\n<li>Anzahlung von 40 % bei der Buchung, Zahlung des Restbetrags einen Monat vor der Ankunft.<\/li>\n<\/ul>\n<p><strong>Buchungs\u00e4nderungen<\/strong>: bis 30 Tage vor Anreise gegen eine Geb\u00fchr von 50 \u20ac.<br \/>\n<strong>Stornierung:\u00a0<\/strong> bis 30 Tage mit Kosten: Anzahlung von 40% des Aufenthaltsbetrags + Abschluss der Versicherung + Buchungsgeb\u00fchr. Nach dem 30. Tag ist der Aufenthalt nicht mehr r\u00fcckzahlbar.<\/p>\n<p><span style=\"font-size: 14pt;\"><strong>An- und Abreisezeiten<\/strong><\/span><br \/>\n<span style=\"font-size: 12pt;\">Ankunft: 16 Uhr \/ Abreise: 10 Uhr<\/span>[\/vc_column_text][\/vc_column_inner][\/vc_row_inner][vc_column_text css=&#8220;.vc_custom_1666621003206{padding-top: 15px !important;}&#8220;]<\/p>\n<p style=\"text-align: center;\"><em><span style=\"font-size: 10pt;\">Um die Ruhe an unseren Standorten zu gew\u00e4hrleisten, darf nur ein Fahrzeug auf dem Campingplatz (auf dem Parkplatz oder auf dem Stellplatz ) geparkt werden. Alle weiteren Fahrzeuge m\u00fcssen au\u00dferhalb des Campingplatzes parken.<\/span><\/em><\/p>\n<p>[\/vc_column_text][vc_empty_space height=&#8220;55px&#8220;][vc_column_text]<\/p>\n<p style=\"text-align: center;\"><span style=\"font-size: 18pt; color: #e94e1b;\"><strong>ZUSATZLEISTUNGEN<\/strong><\/span><\/p>\n<p>[\/vc_column_text][vc_empty_space height=&#8220;35px&#8220;][vc_row_inner][vc_column_inner width=&#8220;1\/5&#8243;][vc_icon icon_fontawesome=&#8220;fas fa-bed&#8220; color=&#8220;custom&#8220; align=&#8220;center&#8220; custom_color=&#8220;#e84e1b&#8220;][vc_column_text]<\/p>\n<p style=\"text-align: center;\"><strong>Option Gemachte Betten bei der Ankunft<\/strong><\/p>\n<p>[\/vc_column_text][\/vc_column_inner][vc_column_inner width=&#8220;1\/5&#8243;][vc_icon type=&#8220;material&#8220; icon_material=&#8220;vc-material vc-material-kitchen&#8220; color=&#8220;custom&#8220; align=&#8220;center&#8220; custom_color=&#8220;#e84e1b&#8220;][vc_column_text]<\/p>\n<p style=\"text-align: center;\"><strong>Vermietung von K\u00fchlschr\u00e4nken und Grillger\u00e4ten<\/strong><\/p>\n<p>[\/vc_column_text][\/vc_column_inner][vc_column_inner width=&#8220;1\/5&#8243;][vc_icon icon_fontawesome=&#8220;fas fa-baby-carriage&#8220; color=&#8220;custom&#8220; align=&#8220;center&#8220; custom_color=&#8220;#e84e1b&#8220;][vc_column_text]<\/p>\n<p style=\"text-align: center;\"><strong>Babyset (Klappbett + Hochstuhl)<\/strong><\/p>\n<p>[\/vc_column_text][\/vc_column_inner][vc_column_inner width=&#8220;1\/5&#8243;][vc_icon type=&#8220;material&#8220; icon_material=&#8220;vc-material vc-material-local_laundry_service&#8220; color=&#8220;custom&#8220; align=&#8220;center&#8220; custom_color=&#8220;#e84e1b&#8220;][vc_column_text]<\/p>\n<p style=\"text-align: center;\"><strong>Waschsalon<\/strong><\/p>\n<p>[\/vc_column_text][\/vc_column_inner][vc_column_inner width=&#8220;1\/5&#8243;][vc_icon icon_fontawesome=&#8220;fas fa-broom&#8220; color=&#8220;custom&#8220; align=&#8220;center&#8220; custom_color=&#8220;#e84e1b&#8220;][vc_column_text]<\/p>\n<p style=\"text-align: center;\"><strong>Endreinigungspauschale<\/strong><\/p>\n<p>[\/vc_column_text][\/vc_column_inner][\/vc_row_inner][vc_empty_space height=&#8220;35px&#8220;]<div class=\"text-center btnwrap\"><a class=\"btn btn-huttopia-cta\" href=\"http:\/\/checkout.citykamp.com\/site\/de\/921\" role=\"button\" target=\"\" onclick=\"dataLayer.push({'event':'clickCity', 'clickText':'Ihren Aufenthalt buchen'})\">Ihren Aufenthalt buchen<\/a><\/div><\/div>[\/vc_column][\/vc_row][vc_row][vc_column]<div class=\"wrappedcontent\">[vc_row_inner][vc_column_inner width=&#8220;1\/3&#8243;][vc_masonry_media_grid element_width=&#8220;12&#8243; gap=&#8220;0&#8243; grid_id=&#8220;vc_gid:1741342015838-c2287a38-8ff0-1&#8243; include=&#8220;70965&#8243;][\/vc_column_inner][vc_column_inner width=&#8220;2\/3&#8243;][vc_column_text css=&#8220;.vc_custom_1666621017774{padding-left: 30px !important;}&#8220;]<span style=\"color: #e94e1b;\"><strong><span style=\"font-size: 16pt;\">Haustiere sind herzlich willkommen!<\/span><\/strong><\/span><\/p>\n<p><span style=\"font-size: 14pt;\">Pro Stellplatz bzw. pro Unterkunft ist ein Tier erlaubt.<\/span><br \/>\n<span style=\"font-size: 14pt;\">Die Tiere m\u00fcssen an der Leine gef\u00fchrt werden und geimpft sein.<\/span>[\/vc_column_text][\/vc_column_inner][\/vc_row_inner]<\/div>[\/vc_column][\/vc_row][vc_row css=&#8220;.vc_custom_1645020781533{background-color: #e94e1b !important;}&#8220;][vc_column]<div class=\"wrappedcontent\">[vc_row_inner][vc_column_inner width=&#8220;1\/3&#8243;][vc_icon icon_fontawesome=&#8220;fas fa-wallet&#8220; color=&#8220;white&#8220; align=&#8220;center&#8220;][vc_column_text]<\/p>\n<p style=\"text-align: center;\"><span style=\"font-size: 14pt; color: #ffffff;\"><strong>BUCHUNGSGEB\u00dcHR<\/strong><\/span><\/p>\n<p style=\"text-align: center;\"><span style=\"color: #ffffff;\">22\u20ac f\u00fcr Aufenthalte zwischen dem 28\/06 und dem 31\/08.<br \/>\nAngeboten den Rest des Jahres<\/span><\/p>\n<p>[\/vc_column_text][\/vc_column_inner][vc_column_inner width=&#8220;1\/3&#8243;][vc_icon icon_fontawesome=&#8220;fas fa-briefcase&#8220; color=&#8220;white&#8220; align=&#8220;center&#8220;][vc_column_text]<\/p>\n<p style=\"text-align: center;\"><span style=\"font-size: 14pt; color: #ffffff;\"><strong>STORNOVERSICHERUNG<\/strong><\/span><\/p>\n<p style=\"text-align: center;\"><span style=\"color: #ffffff;\">Storno- und Reiseabbruchsversicherung<br \/>\n4,5% des Gesamtbetrages Ihres Aufenthalts (ohne Bearbeitungsgeb\u00fchren und Kurtaxe).<\/span><\/p>\n<p>[\/vc_column_text][\/vc_column_inner][vc_column_inner width=&#8220;1\/3&#8243;][vc_icon icon_fontawesome=&#8220;fas fa-tags&#8220; color=&#8220;white&#8220; align=&#8220;center&#8220;][vc_column_text]<\/p>\n<p style=\"text-align: center;\"><span style=\"font-size: 14pt; color: #ffffff;\"><strong>TARIFE ZUSATZLEISTUNGEN<\/strong><\/span><\/p>\n<p style=\"text-align: center;\"><a href=\"https:\/\/media.huttopia.com\/tarifs-annexes-citykamp-en.pdf\" target=\"_blank\" rel=\"noopener noreferrer\"><span style=\"color: #ffffff;\"><u>Unsere Tarife f\u00fcr Zusatzleistungen ansehen<\/u><\/span><\/a><\/p>\n<p>[\/vc_column_text][\/vc_column_inner][\/vc_row_inner]<\/div>[\/vc_column][\/vc_row][vc_row][vc_column]<div class=\"wrappedcontent\">[vc_row_inner equal_height=&#8220;yes&#8220; gap=&#8220;35&#8243; css=&#8220;.vc_custom_1645021524801{margin-left: 0px !important;}&#8220;][vc_column_inner width=&#8220;1\/3&#8243;][vc_masonry_media_grid element_width=&#8220;12&#8243; gap=&#8220;0&#8243; grid_id=&#8220;vc_gid:1741342015850-2d18c14b-38d3-1&#8243; include=&#8220;77861&#8243;][\/vc_column_inner][vc_column_inner width=&#8220;2\/3&#8243;][vc_column_text css=&#8220;&#8220;]<\/p>\n<h2><span style=\"color: #e94e1b;\">CAMPING CARD<\/span><\/h2>\n<p><span style=\"font-size: 12pt;\">Campen Sie ab <span style=\"color: #e84e1b;\"><strong>15\u20ac<\/strong><\/span>* pro \u00dcbernachtung mit der <span style=\"color: #e94e1b;\"><a style=\"color: #e94e1b;\" href=\"https:\/\/www.citykamp.com\/de\/camping-card\/\"><span style=\"text-decoration: underline;\">Camping Card<\/span><\/a><\/span>\u00a0Huttopia.<\/span><br \/>\n<span style=\"font-size: 12pt;\">Profitieren Sie von reduzierten Preisen und Gratis\u00fcbernachtungen in der Vor- und Nachsaison auf allen <span style=\"text-decoration: underline; color: #e94e1b;\"><a style=\"color: #e94e1b; text-decoration: underline;\" href=\"https:\/\/www.citykamp.com\/de\/reiseziele\/\">CityKamp<\/a><\/span> Campingpl\u00e4tzen, <span style=\"text-decoration: underline; color: #e94e1b;\"><a style=\"color: #e94e1b; text-decoration: underline;\" href=\"https:\/\/www.onlycamp.fr\/en\/\">Onlycamp<\/a><\/span> en <span style=\"text-decoration: underline; color: #e94e1b;\"><a style=\"color: #e94e1b; text-decoration: underline;\" href=\"https:\/\/europe.huttopia.com\/de\/destinations\/campings\/\">Huttopia Campingpl\u00e4tzen<\/a><\/span>.<\/span><\/p>\n<p><em><span style=\"font-size: 10pt;\">*Preis beinhaltet 1 Stellplatz f\u00fcr 2 Personen mit Stromanschluss (+ Haustier gratis)<\/span><\/em>[\/vc_column_text]<div class=\" btnwrap\"><a class=\"btn btn-huttopia-cta\" href=\"https:\/\/www.citykamp.com\/de\/camping-card\/\" role=\"button\" target=\"true\" onclick=\"dataLayer.push({'event':'clickCity', 'clickText':'ICH PROFITIERE DAVON'})\">ICH PROFITIERE DAVON<\/a><\/div>[\/vc_column_inner][\/vc_row_inner]<\/div>[\/vc_column][\/vc_row]<\/p>\n<\/div>","protected":false},"excerpt":{"rendered":"<p>[vc_row][vc_column][\/vc_column][\/vc_row][vc_row css=&#8220;.vc_custom_1666620949694{background-color: #e8e8e8 !important;}&#8220;][vc_column][\/vc_column][\/vc_row][vc_row][vc_column][\/vc_column][\/vc_row][vc_row css=&#8220;.vc_custom_1645020781533{background-color: #e94e1b !important;}&#8220;][vc_column][\/vc_column][\/vc_row][vc_row][vc_column][\/vc_column][\/vc_row]<\/p>\n","protected":false},"author":1,"featured_media":0,"parent":0,"menu_order":0,"comment_status":"closed","ping_status":"closed","template":"","meta":{"footnotes":""},"class_list":["post-70971","page","type-page","status-publish","hentry"],"yoast_head":"<!-- This site is optimized with the Yoast SEO plugin v25.6 - https:\/\/yoast.com\/wordpress\/plugins\/seo\/ -->\n<title>Praktische Informationen zu Ihrem Aufenthalt auf dem Camping Angers<\/title>\n<meta name=\"description\" content=\"Alle praktischen Informationen vor Ihrem Aufenthalt auf dem Campingplatz Angers: Was ist im Preis inbegriffen, Zahlungsmodalit\u00e4ten.\" \/>\n<meta name=\"robots\" content=\"index, follow, max-snippet:-1, max-image-preview:large, max-video-preview:-1\" \/>\n<link rel=\"canonical\" href=\"https:\/\/www.campingangers.com\/de\/mein-aufenthalt\/\" \/>\n<meta property=\"og:locale\" content=\"de_DE\" \/>\n<meta property=\"og:type\" content=\"article\" \/>\n<meta property=\"og:title\" content=\"Praktische Informationen zu Ihrem Aufenthalt auf dem Camping Angers\" \/>\n<meta property=\"og:description\" content=\"Alle praktischen Informationen vor Ihrem Aufenthalt auf dem Campingplatz Angers: Was ist im Preis inbegriffen, Zahlungsmodalit\u00e4ten.\" \/>\n<meta property=\"og:url\" content=\"https:\/\/www.campingangers.com\/de\/mein-aufenthalt\/\" \/>\n<meta property=\"og:site_name\" content=\"Camping d&#039;Angers - Lac de Maine\" \/>\n<meta property=\"article:modified_time\" content=\"2025-03-07T10:07:25+00:00\" \/>\n<meta name=\"twitter:card\" content=\"summary_large_image\" \/>\n<meta name=\"twitter:label1\" content=\"Est. reading time\" \/>\n\t<meta name=\"twitter:data1\" content=\"4 Minuten\" \/>\n<script type=\"application\/ld+json\" class=\"yoast-schema-graph\">{\"@context\":\"https:\/\/schema.org\",\"@graph\":[{\"@type\":\"WebPage\",\"@id\":\"https:\/\/www.campingangers.com\/de\/mein-aufenthalt\/\",\"url\":\"https:\/\/www.campingangers.com\/de\/mein-aufenthalt\/\",\"name\":\"Praktische Informationen zu Ihrem Aufenthalt auf dem Camping Angers\",\"isPartOf\":{\"@id\":\"https:\/\/www.campingangers.com\/de\/#website\"},\"datePublished\":\"2022-02-16T14:34:02+00:00\",\"dateModified\":\"2025-03-07T10:07:25+00:00\",\"description\":\"Alle praktischen Informationen vor Ihrem Aufenthalt auf dem Campingplatz Angers: Was ist im Preis inbegriffen, Zahlungsmodalit\u00e4ten.\",\"breadcrumb\":{\"@id\":\"https:\/\/www.campingangers.com\/de\/mein-aufenthalt\/#breadcrumb\"},\"inLanguage\":\"de-DE\",\"potentialAction\":[{\"@type\":\"ReadAction\",\"target\":[\"https:\/\/www.campingangers.com\/de\/mein-aufenthalt\/\"]}]},{\"@type\":\"BreadcrumbList\",\"@id\":\"https:\/\/www.campingangers.com\/de\/mein-aufenthalt\/#breadcrumb\",\"itemListElement\":[{\"@type\":\"ListItem\",\"position\":1,\"name\":\"Accueil\",\"item\":\"https:\/\/www.campingangers.com\/de\/\"},{\"@type\":\"ListItem\",\"position\":2,\"name\":\"Mein Aufenthalt\"}]},{\"@type\":\"WebSite\",\"@id\":\"https:\/\/www.campingangers.com\/de\/#website\",\"url\":\"https:\/\/www.campingangers.com\/de\/\",\"name\":\"Camping d&#039;Angers - Lac de Maine\",\"description\":\"Un site utilisant Citykamp\",\"potentialAction\":[{\"@type\":\"SearchAction\",\"target\":{\"@type\":\"EntryPoint\",\"urlTemplate\":\"https:\/\/www.campingangers.com\/de\/?s={search_term_string}\"},\"query-input\":{\"@type\":\"PropertyValueSpecification\",\"valueRequired\":true,\"valueName\":\"search_term_string\"}}],\"inLanguage\":\"de-DE\"}]}<\/script>\n<!-- \/ Yoast SEO plugin. -->","yoast_head_json":{"title":"Praktische Informationen zu Ihrem Aufenthalt auf dem Camping Angers","description":"Alle praktischen Informationen vor Ihrem Aufenthalt auf dem Campingplatz Angers: Was ist im Preis inbegriffen, Zahlungsmodalit\u00e4ten.","robots":{"index":"index","follow":"follow","max-snippet":"max-snippet:-1","max-image-preview":"max-image-preview:large","max-video-preview":"max-video-preview:-1"},"canonical":"https:\/\/www.campingangers.com\/de\/mein-aufenthalt\/","og_locale":"de_DE","og_type":"article","og_title":"Praktische Informationen zu Ihrem Aufenthalt auf dem Camping Angers","og_description":"Alle praktischen Informationen vor Ihrem Aufenthalt auf dem Campingplatz Angers: Was ist im Preis inbegriffen, Zahlungsmodalit\u00e4ten.","og_url":"https:\/\/www.campingangers.com\/de\/mein-aufenthalt\/","og_site_name":"Camping d&#039;Angers - Lac de Maine","article_modified_time":"2025-03-07T10:07:25+00:00","twitter_card":"summary_large_image","twitter_misc":{"Est. reading time":"4 Minuten"},"schema":{"@context":"https:\/\/schema.org","@graph":[{"@type":"WebPage","@id":"https:\/\/www.campingangers.com\/de\/mein-aufenthalt\/","url":"https:\/\/www.campingangers.com\/de\/mein-aufenthalt\/","name":"Praktische Informationen zu Ihrem Aufenthalt auf dem Camping Angers","isPartOf":{"@id":"https:\/\/www.campingangers.com\/de\/#website"},"datePublished":"2022-02-16T14:34:02+00:00","dateModified":"2025-03-07T10:07:25+00:00","description":"Alle praktischen Informationen vor Ihrem Aufenthalt auf dem Campingplatz Angers: Was ist im Preis inbegriffen, Zahlungsmodalit\u00e4ten.","breadcrumb":{"@id":"https:\/\/www.campingangers.com\/de\/mein-aufenthalt\/#breadcrumb"},"inLanguage":"de-DE","potentialAction":[{"@type":"ReadAction","target":["https:\/\/www.campingangers.com\/de\/mein-aufenthalt\/"]}]},{"@type":"BreadcrumbList","@id":"https:\/\/www.campingangers.com\/de\/mein-aufenthalt\/#breadcrumb","itemListElement":[{"@type":"ListItem","position":1,"name":"Accueil","item":"https:\/\/www.campingangers.com\/de\/"},{"@type":"ListItem","position":2,"name":"Mein Aufenthalt"}]},{"@type":"WebSite","@id":"https:\/\/www.campingangers.com\/de\/#website","url":"https:\/\/www.campingangers.com\/de\/","name":"Camping d&#039;Angers - Lac de Maine","description":"Un site utilisant Citykamp","potentialAction":[{"@type":"SearchAction","target":{"@type":"EntryPoint","urlTemplate":"https:\/\/www.campingangers.com\/de\/?s={search_term_string}"},"query-input":{"@type":"PropertyValueSpecification","valueRequired":true,"valueName":"search_term_string"}}],"inLanguage":"de-DE"}]}},"_links":{"self":[{"href":"https:\/\/www.campingangers.com\/de\/wp-json\/wp\/v2\/pages\/70971","targetHints":{"allow":["GET"]}}],"collection":[{"href":"https:\/\/www.campingangers.com\/de\/wp-json\/wp\/v2\/pages"}],"about":[{"href":"https:\/\/www.campingangers.com\/de\/wp-json\/wp\/v2\/types\/page"}],"author":[{"embeddable":true,"href":"https:\/\/www.campingangers.com\/de\/wp-json\/wp\/v2\/users\/1"}],"replies":[{"embeddable":true,"href":"https:\/\/www.campingangers.com\/de\/wp-json\/wp\/v2\/comments?post=70971"}],"version-history":[{"count":5,"href":"https:\/\/www.campingangers.com\/de\/wp-json\/wp\/v2\/pages\/70971\/revisions"}],"predecessor-version":[{"id":89574,"href":"https:\/\/www.campingangers.com\/de\/wp-json\/wp\/v2\/pages\/70971\/revisions\/89574"}],"wp:attachment":[{"href":"https:\/\/www.campingangers.com\/de\/wp-json\/wp\/v2\/media?parent=70971"}],"curies":[{"name":"wp","href":"https:\/\/api.w.org\/{rel}","templated":true}]}}