{"id":510,"date":"2018-02-26T10:26:45","date_gmt":"2018-02-26T09:26:45","guid":{"rendered":"http:\/\/www.campingangers.com\/de\/activites-services\/"},"modified":"2026-03-26T10:31:05","modified_gmt":"2026-03-26T09:31:05","slug":"aktivitaten-dienstleistungen","status":"publish","type":"page","link":"https:\/\/www.campingangers.com\/de\/aktivitaten-dienstleistungen\/","title":{"rendered":"Activit\u00e9s \/ Services"},"content":{"rendered":"<div class=\"wpb-content-wrapper\"><p>[vc_row][vc_column][vc_single_image image=&#8220;61964&#8243; img_size=&#8220;1900&#215;500&#8243;][\/vc_column][\/vc_row][vc_row][vc_column]<div class=\"wrappedcontent\">[vc_column_text]<\/p>\n<h4 style=\"text-align: center;\">&#8211; Vor Ort finden Sie zahlreiche Dienstleistungen, die Ihnen den Aufenthalt vereinfachen &#8211;<\/h4>\n<p style=\"text-align: center;\"><em>(von M\u00e4rz bis November)<\/em><\/p>\n<p>[\/vc_column_text][vc_empty_space height=&#8220;50px&#8220;][vc_row_inner gap=&#8220;25&#8243;][vc_column_inner width=&#8220;1\/3&#8243;][vc_masonry_media_grid element_width=&#8220;12&#8243; gap=&#8220;0&#8243; item=&#8220;120&#8243; grid_id=&#8220;vc_gid:1774517242816-39bb13cb-c615-4&#8243; include=&#8220;55148&#8243;][vc_empty_space height=&#8220;12px&#8220;][vc_column_text]Sie sind gerade angekommen? Begeben Sie sich in die Rezeption, wo Sie alle wichtigen Informationen \u00fcber den Campingplatz erhalten. Das Rezeptionsteam steht Ihnen gerne Ihren ganzen Aufenthalt hindurch mit Tourismus-Informationen zu Angers, dem Loire-Tal sowie dem Aktivit\u00e4ten- und Ausflugsangebot der Umgebung zur Seite.[\/vc_column_text][\/vc_column_inner][vc_column_inner width=&#8220;1\/3&#8243;][vc_masonry_media_grid element_width=&#8220;12&#8243; item=&#8220;120&#8243; grid_id=&#8220;vc_gid:1774517242817-39b0d07c-99e3-7&#8243; include=&#8220;62928&#8243;][vc_empty_space height=&#8220;12px&#8220;][vc_column_text css=&#8220;&#8220;]Verw\u00f6hnen Sie sich im Bar-Restaurant mit unseren hausgemachten Pizzen. \u00d6ffnungszeiten: Im Sommer und w\u00e4hrend der Br\u00fcckentage im Mai jeden Abend. 6 Tage die Woche abends in den Monaten Mai, Juni, September sowie w\u00e4hrend der Fr\u00fchlings- und Herbstferien.[\/vc_column_text][\/vc_column_inner][vc_column_inner width=&#8220;1\/3&#8243;][vc_masonry_media_grid element_width=&#8220;12&#8243; item=&#8220;120&#8243; grid_id=&#8220;vc_gid:1774517242819-5a1232f1-dee7-8&#8243; include=&#8220;55154&#8243;][vc_empty_space height=&#8220;12px&#8220;][vc_column_text]Bestellen Sie am Vortag Ihr Brot und Feingeb\u00e4ck. Die Zusammenarbeit mit einheimischen Herstellern liegt uns am Herzen. Deshalb beliefert uns jeden Morgen der B\u00e4cker des Dorfes mit frischer Ware.<br \/>\nTee, Kaffee, Orangensaft, Baguette und Feingeb\u00e4ck&#8230; Starten Sie dank unseres Fr\u00fchst\u00fccksangebots in den Tag, ohne selbst etwas herrichten zu m\u00fcssen.[\/vc_column_text][\/vc_column_inner][\/vc_row_inner][vc_row_inner gap=&#8220;25&#8243;][vc_column_inner width=&#8220;1\/3&#8243;][vc_masonry_media_grid element_width=&#8220;12&#8243; item=&#8220;120&#8243; grid_id=&#8220;vc_gid:1774517242820-1e04ba9d-be31-6&#8243; include=&#8220;55160&#8243;][vc_empty_space height=&#8220;12px&#8220;][vc_column_text css=&#8220;&#8220;]Kostenloses WLAN auf dem gesamten Campingplatzgel\u00e4nde.[\/vc_column_text][\/vc_column_inner][vc_column_inner width=&#8220;1\/3&#8243;][vc_masonry_media_grid element_width=&#8220;12&#8243; item=&#8220;120&#8243; grid_id=&#8220;vc_gid:1774517242821-f83d5a53-120d-3&#8243; include=&#8220;1612&#8243;][vc_empty_space height=&#8220;12px&#8220;][vc_column_text]Ein Waschraum mit Waschmaschine und W\u00e4schetrockner (M\u00fcnzen sind an der Rezeption erh\u00e4ltlich). B\u00fcgelbrett und B\u00fcgeleisen gibt es an der Rezeption.[\/vc_column_text][\/vc_column_inner][vc_column_inner width=&#8220;1\/3&#8243;][vc_masonry_media_grid element_width=&#8220;12&#8243; item=&#8220;120&#8243; grid_id=&#8220;vc_gid:1774517242822-f8daaca0-862d-0&#8243; include=&#8220;55166&#8243;][vc_empty_space height=&#8220;12px&#8220;][vc_column_text]Mieten Sie Ihr Fahrrad auf dem Campingplatz und erkunden Sie die Umgebung! F\u00fcr dich Freiheit![\/vc_column_text][\/vc_column_inner][\/vc_row_inner]<\/div>[\/vc_column][\/vc_row][vc_row][vc_column]<div class=\"wrappedcontent\">[vc_column_text]<\/p>\n<h4 style=\"text-align: center;\">Auf dem Campingplatz gibt es Freizeiteinrichtungen f\u00fcr die ganze Familie&#8230;<\/h4>\n<p>[\/vc_column_text][vc_empty_space height=&#8220;50px&#8220;][vc_row_inner gap=&#8220;25&#8243;][vc_column_inner width=&#8220;1\/3&#8243;][vc_masonry_media_grid element_width=&#8220;12&#8243; gap=&#8220;0&#8243; item=&#8220;120&#8243; grid_id=&#8220;vc_gid:1774517242823-c4a555b1-8025-7&#8243; include=&#8220;55130&#8243;][vc_empty_space height=&#8220;12px&#8220;][vc_column_text css=&#8220;&#8220;]Der Camping d\u2018Angers verf\u00fcgt \u00fcber ein gro\u00dfes beheiztes Schwimmbad zum Entspannen. Faulenzen Sie nach einem erf\u00fcllten Tag in einer Liege am Poolrand w\u00e4hrenddessen sich Ihre Kinder im Wasser vergn\u00fcgen (vom 28\/04 bis 28\/09)[\/vc_column_text][\/vc_column_inner][vc_column_inner width=&#8220;1\/3&#8243;][vc_masonry_media_grid element_width=&#8220;12&#8243; gap=&#8220;0&#8243; item=&#8220;120&#8243; grid_id=&#8220;vc_gid:1774517242824-030e6eb8-39a4-10&#8243; include=&#8220;55136&#8243;][vc_empty_space height=&#8220;12px&#8220;][vc_column_text]Profitieren Sie von den vielen Aktivit\u00e4ten und Einrichtungen f\u00fcr die ganze Familie: Tischtennis, Petanque, Volleyball, ein Spielplatz f\u00fcr die Kleinen, Tischfu\u00dfball, Flipperautomaten u.v.m&#8230;[\/vc_column_text][\/vc_column_inner][vc_column_inner width=&#8220;1\/3&#8243;][vc_masonry_media_grid element_width=&#8220;12&#8243; gap=&#8220;0&#8243; item=&#8220;120&#8243; grid_id=&#8220;vc_gid:1774517242824-5411a670-d7bb-0&#8243; include=&#8220;1667&#8243;][vc_empty_space height=&#8220;12px&#8220;][vc_column_text]Den ganzen Sommer hindurch finden zur gro\u00dfen Freude von Kindern und Erwachsenen jede Woche Live-Konzerte statt. Jazz Manouche? Jazzrock? Weltmusik? Es erwarten Sie stimmungsvolle Abende mit Musik f\u00fcr jeden Geschmack.[\/vc_column_text][\/vc_column_inner][\/vc_row_inner][vc_empty_space]<div class=\"text-center btnwrap\"><a class=\"btn btn-huttopia-cta\" href=\"http:\/\/checkout.citykamp.com\/site\/de\/921\" role=\"button\" target=\"\" onclick=\"dataLayer.push({'event':'clickCity', 'clickText':'Ihren Aufenthalt buchen'})\">Ihren Aufenthalt buchen<\/a><\/div><\/div>[\/vc_column][\/vc_row][vc_row css=&#8220;.vc_custom_1520520263513{background-color: #e8e8e8 !important;}&#8220;][vc_column]<div class=\"wrappedcontent\">[vc_column_text]<\/p>\n<h4 style=\"text-align: center;\">&#8211; Weitere Freizeitaktivit\u00e4ten rund um den Lac de Maine &#8211;<\/h4>\n<p style=\"text-align: center;\">In 10 Min. zu Fu\u00df und in 3 Min. per Fahrrad auf dem Radweg zu erreichen!<\/p>\n<p>[\/vc_column_text][vc_empty_space height=&#8220;50px&#8220;][vc_row_inner gap=&#8220;25&#8243;][vc_column_inner width=&#8220;1\/3&#8243;][vc_masonry_media_grid element_width=&#8220;12&#8243; gap=&#8220;0&#8243; item=&#8220;120&#8243; grid_id=&#8220;vc_gid:1774517242825-36039a5f-41e7-4&#8243; include=&#8220;55142&#8243;][vc_empty_space height=&#8220;12px&#8220;][vc_column_text]Im Rahmen der Aktion \u201e\u00c9te au Lac\u201c (Sommer am See) werden Ihnen vom 11. Juli bis 20. August 7 Tage die Woche hindurch am Lac de Maine hunderte von Gratis-Aktivit\u00e4ten f\u00fcr Gro\u00df und Klein angeboten.[\/vc_column_text][\/vc_column_inner][vc_column_inner width=&#8220;1\/3&#8243;][vc_masonry_media_grid element_width=&#8220;12&#8243; gap=&#8220;0&#8243; item=&#8220;120&#8243; grid_id=&#8220;vc_gid:1774517242826-50ca2102-2410-9&#8243; include=&#8220;30767&#8243;][vc_empty_space height=&#8220;12px&#8220;][vc_column_text]Ein markierter Fahrradrundweg entlang des Maine-Sees f\u00fchrt Sie an vier au\u00dfergew\u00f6hnlichen Orten vorbei: dem Maine NATURA 2000-Treidelpfad, der Altstadt von Angers, der Schiefersteinbr\u00fcche und dem Ufer des Maine-Flusses.[\/vc_column_text][\/vc_column_inner][vc_column_inner width=&#8220;1\/3&#8243;][vc_masonry_media_grid element_width=&#8220;12&#8243; gap=&#8220;0&#8243; item=&#8220;120&#8243; grid_id=&#8220;vc_gid:1774517242826-a72526dd-9a07-7&#8243; include=&#8220;1652&#8243;][vc_empty_space height=&#8220;12px&#8220;][vc_column_text]Insgesamt wurden hier fast 235 verschiedene Arten registriert. Die franz\u00f6sische Nationale Liga f\u00fcr Vogelschutz (LPO) organisiert regelm\u00e4\u00dfig Themenausfl\u00fcge f\u00fcr Familien und Naturliebhaber.[\/vc_column_text][\/vc_column_inner][\/vc_row_inner][vc_row_inner gap=&#8220;25&#8243;][vc_column_inner width=&#8220;1\/3&#8243;][vc_masonry_media_grid element_width=&#8220;12&#8243; gap=&#8220;0&#8243; item=&#8220;120&#8243; grid_id=&#8220;vc_gid:1774517242827-7e8c06eb-d1b0-1&#8243; include=&#8220;1647&#8243;][vc_empty_space height=&#8220;12px&#8220;][vc_column_text]Schwingen Sie sich in den Sattel und erkunden Sie gemeinsam mit dem Verein Lac de Maine Equitation die Landschaften der Umgebung![\/vc_column_text][\/vc_column_inner][vc_column_inner width=&#8220;1\/3&#8243;][vc_masonry_media_grid element_width=&#8220;12&#8243; gap=&#8220;0&#8243; item=&#8220;120&#8243; grid_id=&#8220;vc_gid:1774517242828-616d711d-bbac-6&#8243; include=&#8220;1642&#8243;][vc_empty_space height=&#8220;12px&#8220;][vc_column_text]Mountainbiken, Angeln, Segeln, Kajakfahren, Pflanzen- und Tierwelt w\u00e4hrend gef\u00fchrter Spazierg\u00e4nge entdecken&#8230; Die Wahl liegt ganz bei Ihnen![\/vc_column_text][\/vc_column_inner][vc_column_inner width=&#8220;1\/3&#8243;][vc_masonry_media_grid element_width=&#8220;12&#8243; gap=&#8220;0&#8243; item=&#8220;120&#8243; grid_id=&#8220;vc_gid:1774517242828-7ff8ee20-bede-8&#8243; include=&#8220;1637&#8243;][vc_empty_space height=&#8220;12px&#8220;][vc_column_text]Wir haben f\u00fcr Sie einen kostenlosen Badebereich eingerichtet. Entspannen Sie im Schatten der B\u00e4ume oder planschen Sie im Wasser mit Ihren Kindern herum![\/vc_column_text][\/vc_column_inner][\/vc_row_inner]<\/div>[\/vc_column][\/vc_row][vc_row css=&#8220;.vc_custom_1520520263513{background-color: #e8e8e8 !important;}&#8220;][vc_column]<div class=\"wrappedcontent\">[vc_column_text]<\/p>\n<h4 style=\"text-align: center;\">&#8211; Weitere Dienstleistungen auf dem Campingplatz &#8211;<\/h4>\n<p>[\/vc_column_text][vc_empty_space height=&#8220;50px&#8220;][vc_row_inner][vc_column_inner width=&#8220;1\/4&#8243;][vc_icon icon_fontawesome=&#8220;fa fa-bed&#8220; color=&#8220;mulled_wine&#8220; size=&#8220;sm&#8220; align=&#8220;center&#8220; css=&#8220;.vc_custom_1521103194903{margin-top: -10px !important;margin-bottom: -10px !important;}&#8220;][vc_column_text]<\/p>\n<p style=\"text-align: center;\">Bettw\u00e4sche und Handt\u00fccher inklusive<\/p>\n<p>[\/vc_column_text][\/vc_column_inner][vc_column_inner width=&#8220;1\/4&#8243;][vc_icon icon_fontawesome=&#8220;fa fa-odnoklassniki&#8220; color=&#8220;mulled_wine&#8220; size=&#8220;sm&#8220; align=&#8220;center&#8220; css=&#8220;.vc_custom_1521103204911{margin-top: -10px !important;margin-bottom: -10px !important;}&#8220;][vc_column_text]<\/p>\n<p style=\"text-align: center;\">Baby-Sets (Bett + Hochstuhl)<br \/>\nJe nach Verf\u00fcgbarkeit.<\/p>\n<p>[\/vc_column_text][\/vc_column_inner][vc_column_inner width=&#8220;1\/4&#8243;][vc_icon type=&#8220;material&#8220; icon_material=&#8220;vc-material vc-material-directions_bus&#8220; color=&#8220;mulled_wine&#8220; size=&#8220;sm&#8220; align=&#8220;center&#8220; css=&#8220;.vc_custom_1521103214802{margin-top: -10px !important;margin-bottom: -10px !important;}&#8220;][vc_column_text]<\/p>\n<p style=\"text-align: center;\">Reisemobil-Servicestation<\/p>\n<p>[\/vc_column_text][\/vc_column_inner][vc_column_inner width=&#8220;1\/4&#8243;][vc_icon type=&#8220;linecons&#8220; icon_linecons=&#8220;vc_li vc_li-fire&#8220; color=&#8220;mulled_wine&#8220; size=&#8220;sm&#8220; align=&#8220;center&#8220; css=&#8220;.vc_custom_1523629631308{margin-top: -10px !important;margin-bottom: -10px !important;}&#8220;][vc_column_text]<\/p>\n<p style=\"text-align: center;\">Grillvermietung<\/p>\n<p>[\/vc_column_text][\/vc_column_inner][\/vc_row_inner]<\/div>[\/vc_column][\/vc_row][vc_row][vc_column]<div class=\"wrappedcontent\">[vc_row_inner gap=&#8220;25&#8243;][vc_column_inner][vc_column_text]<\/p>\n<h4 style=\"text-align: center;\">&#8211; Praktische Infrastruktur rund um den Campingplatz &#8211;<\/h4>\n<p>[\/vc_column_text][vc_empty_space height=&#8220;50px&#8220;][vc_column_text]<\/p>\n<ul>\n<li>Einkaufszentrum (1 km), Tankstelle (1 km), B\u00e4cker, Bank usw.<\/li>\n<li>Bushaltestelle 300 m vom Campingplatz entfernt: Der Bus Nr. 6 bringt Sie in 25 Min. ins Stadtzentrum von Angers.<\/li>\n<li>Radwege am Eingang zum Campingplatz: Per Rad durchqueren Sie einen 100 ha gro\u00dfen Park und sind in ca. 25 Min. im Stadtzentrum.<\/li>\n<\/ul>\n<p>[\/vc_column_text][\/vc_column_inner][\/vc_row_inner][vc_empty_space height=&#8220;50px&#8220;][vc_row_inner equal_height=&#8220;yes&#8220; content_placement=&#8220;middle&#8220; gap=&#8220;20&#8243; css=&#8220;.vc_custom_1529317365780{margin-left: -0.5px !important;}&#8220;][vc_column_inner width=&#8220;1\/3&#8243; css=&#8220;.vc_custom_1529317386992{background-color: #e8e8e8 !important;}&#8220;][vc_icon icon_fontawesome=&#8220;far fa-map&#8220; color=&#8220;custom&#8220; size=&#8220;lg&#8220; align=&#8220;center&#8220; css=&#8220;.vc_custom_1675937762460{margin-bottom: -10px !important;padding-top: 15px !important;}&#8220; custom_color=&#8220;#e84e1b&#8220; link=&#8220;url:https%3A%2F%2Fmedia.huttopia.com%2Fdestinations%2Fangers%2Fplan-camping-citykamp-angers.pdf|target:_blank&#8220;][vc_column_text css=&#8220;.vc_custom_1675937789232{padding-top: 25px !important;padding-right: 15px !important;padding-bottom: 15px !important;padding-left: 15px !important;}&#8220;]<\/p>\n<p style=\"text-align: center;\"><a href=\"https:\/\/media.huttopia.com\/destinations\/angers\/plan-camping-citykamp-angers.pdf\" target=\"_blank\" rel=\"noopener noreferrer\"><strong>Platzplan<\/strong><\/a><\/p>\n<p>[\/vc_column_text][\/vc_column_inner][vc_column_inner width=&#8220;1\/3&#8243; css=&#8220;.vc_custom_1529317390775{background-color: #e8e8e8 !important;}&#8220;][vc_icon icon_fontawesome=&#8220;fa fa-calendar-check-o&#8220; color=&#8220;custom&#8220; size=&#8220;lg&#8220; align=&#8220;center&#8220; css=&#8220;.vc_custom_1529319171485{margin-bottom: -10px !important;padding-top: 15px !important;}&#8220; custom_color=&#8220;#e84e1b&#8220; link=&#8220;url:http%3A%2F%2Fcheckout.campings-nature.com%2Fsite%2Fde%2F921||target:%20_blank|&#8220;][vc_column_text css=&#8220;.vc_custom_1529319162479{padding-top: 25px !important;padding-right: 15px !important;padding-bottom: 15px !important;padding-left: 15px !important;}&#8220;]<\/p>\n<p style=\"text-align: center;\"><a href=\"http:\/\/checkout.campings-nature.com\/site\/de\/921\" target=\"_blank\" rel=\"noopener noreferrer\"><strong>Ihren Aufenthalt buchen<\/strong><\/a><\/p>\n<p>[\/vc_column_text][\/vc_column_inner][vc_column_inner width=&#8220;1\/3&#8243; css=&#8220;.vc_custom_1529317396006{background-color: #e8e8e8 !important;}&#8220;][vc_icon icon_fontawesome=&#8220;fa fa-map-marker&#8220; color=&#8220;custom&#8220; size=&#8220;lg&#8220; align=&#8220;center&#8220; css=&#8220;.vc_custom_1529317758294{margin-bottom: -10px !important;padding-top: 15px !important;}&#8220; custom_color=&#8220;#e84e1b&#8220; link=&#8220;url:https%3A%2F%2Fgoo.gl%2Fmaps%2FDxGe4X3iv8t||target:%20_blank|&#8220;][vc_column_text css=&#8220;.vc_custom_1529319179868{padding-top: 25px !important;padding-right: 15px !important;padding-bottom: 15px !important;padding-left: 15px !important;}&#8220;]<\/p>\n<p style=\"text-align: center;\"><a href=\"https:\/\/goo.gl\/maps\/DxGe4X3iv8t\" target=\"_blank\" rel=\"noopener noreferrer\"><strong>Reiseroute<\/strong><\/a><\/p>\n<p>[\/vc_column_text][\/vc_column_inner][\/vc_row_inner]<\/div>[\/vc_column][\/vc_row][vc_row css=&#8220;.vc_custom_1529328285190{background-color: #e8e8e8 !important;}&#8220;][vc_column]<div class=\"wrappedcontent\">[vc_column_text]<\/p>\n<h4>Fotos von Aktivit\u00e4ten und Dienstleistungen | Camping d&#8217;Angers<\/h4>\n<p>[\/vc_column_text][vc_empty_space height=&#8220;18px&#8220;][vc_masonry_media_grid style=&#8220;load-more&#8220; items_per_page=&#8220;4&#8243; element_width=&#8220;3&#8243; gap=&#8220;10&#8243; item=&#8220;945&#8243; btn_title=&#8220;MEHR&#8220; btn_style=&#8220;custom&#8220; btn_custom_background=&#8220;#e84e1b&#8220; btn_custom_text=&#8220;#ffffff&#8220; btn_shape=&#8220;square&#8220; btn_i_icon_fontawesome=&#8220;fa fa-camera&#8220; btn_add_icon=&#8220;true&#8220; grid_id=&#8220;vc_gid:1774517242830-0d216281-f831-0&#8243; include=&#8220;55178,55184,55190,55172,55196,55202,55208,55214,55220,55226,55232,55238,55244,55250,2037,2042,64264,64270,64276&#8243;]<\/div>[\/vc_column][\/vc_row]<\/p>\n<\/div>","protected":false},"excerpt":{"rendered":"<p>[vc_row][vc_column][vc_single_image image=&#8220;61964&#8243; img_size=&#8220;1900&#215;500&#8243;][\/vc_column][\/vc_row][vc_row][vc_column][\/vc_column][\/vc_row][vc_row][vc_column][\/vc_column][\/vc_row][vc_row css=&#8220;.vc_custom_1520520263513{background-color: #e8e8e8 !important;}&#8220;][vc_column][\/vc_column][\/vc_row][vc_row css=&#8220;.vc_custom_1520520263513{background-color: #e8e8e8 !important;}&#8220;][vc_column][\/vc_column][\/vc_row][vc_row][vc_column][\/vc_column][\/vc_row][vc_row css=&#8220;.vc_custom_1529328285190{background-color: #e8e8e8 !important;}&#8220;][vc_column][\/vc_column][\/vc_row]<\/p>\n","protected":false},"author":1,"featured_media":0,"parent":0,"menu_order":0,"comment_status":"closed","ping_status":"closed","template":"","meta":{"footnotes":""},"class_list":["post-510","page","type-page","status-publish","hentry"],"yoast_head":"<!-- This site is optimized with the Yoast SEO plugin v25.6 - https:\/\/yoast.com\/wordpress\/plugins\/seo\/ -->\n<title>Aktivit\u00e4ten und Dienstleistungen - Camping d&#039;Angers - Lac de Maine<\/title>\n<meta name=\"description\" content=\"Nutzen Sie die vielen Einrichtungen und Aktivit\u00e4ten des Campingplatzes Angers - Lac de Maine f\u00fcr einen Aufenthalt zwischen Entspannung und Freizeit.\" \/>\n<meta name=\"robots\" content=\"index, follow, max-snippet:-1, max-image-preview:large, max-video-preview:-1\" \/>\n<link rel=\"canonical\" href=\"https:\/\/www.campingangers.com\/de\/aktivitaten-dienstleistungen\/\" \/>\n<meta property=\"og:locale\" content=\"de_DE\" \/>\n<meta property=\"og:type\" content=\"article\" \/>\n<meta property=\"og:title\" content=\"Aktivit\u00e4ten und Dienstleistungen - Camping d&#039;Angers - Lac de Maine\" \/>\n<meta property=\"og:description\" content=\"Nutzen Sie die vielen Einrichtungen und Aktivit\u00e4ten des Campingplatzes Angers - Lac de Maine f\u00fcr einen Aufenthalt zwischen Entspannung und Freizeit.\" \/>\n<meta property=\"og:url\" content=\"https:\/\/www.campingangers.com\/de\/aktivitaten-dienstleistungen\/\" \/>\n<meta property=\"og:site_name\" content=\"Camping d&#039;Angers - Lac de Maine\" \/>\n<meta property=\"article:modified_time\" content=\"2026-03-26T09:31:05+00:00\" \/>\n<meta name=\"twitter:card\" content=\"summary_large_image\" \/>\n<meta name=\"twitter:label1\" content=\"Est. reading time\" \/>\n\t<meta name=\"twitter:data1\" content=\"5 Minuten\" \/>\n<script type=\"application\/ld+json\" class=\"yoast-schema-graph\">{\"@context\":\"https:\/\/schema.org\",\"@graph\":[{\"@type\":\"WebPage\",\"@id\":\"https:\/\/www.campingangers.com\/de\/aktivitaten-dienstleistungen\/\",\"url\":\"https:\/\/www.campingangers.com\/de\/aktivitaten-dienstleistungen\/\",\"name\":\"Aktivit\u00e4ten und Dienstleistungen - Camping d'Angers - Lac de Maine\",\"isPartOf\":{\"@id\":\"https:\/\/www.campingangers.com\/de\/#website\"},\"datePublished\":\"2018-02-26T09:26:45+00:00\",\"dateModified\":\"2026-03-26T09:31:05+00:00\",\"description\":\"Nutzen Sie die vielen Einrichtungen und Aktivit\u00e4ten des Campingplatzes Angers - Lac de Maine f\u00fcr einen Aufenthalt zwischen Entspannung und Freizeit.\",\"breadcrumb\":{\"@id\":\"https:\/\/www.campingangers.com\/de\/aktivitaten-dienstleistungen\/#breadcrumb\"},\"inLanguage\":\"de-DE\",\"potentialAction\":[{\"@type\":\"ReadAction\",\"target\":[\"https:\/\/www.campingangers.com\/de\/aktivitaten-dienstleistungen\/\"]}]},{\"@type\":\"BreadcrumbList\",\"@id\":\"https:\/\/www.campingangers.com\/de\/aktivitaten-dienstleistungen\/#breadcrumb\",\"itemListElement\":[{\"@type\":\"ListItem\",\"position\":1,\"name\":\"Accueil\",\"item\":\"https:\/\/www.campingangers.com\/de\/\"},{\"@type\":\"ListItem\",\"position\":2,\"name\":\"Activit\u00e9s \/ Services\"}]},{\"@type\":\"WebSite\",\"@id\":\"https:\/\/www.campingangers.com\/de\/#website\",\"url\":\"https:\/\/www.campingangers.com\/de\/\",\"name\":\"Camping d&#039;Angers - Lac de Maine\",\"description\":\"Un site utilisant Citykamp\",\"potentialAction\":[{\"@type\":\"SearchAction\",\"target\":{\"@type\":\"EntryPoint\",\"urlTemplate\":\"https:\/\/www.campingangers.com\/de\/?s={search_term_string}\"},\"query-input\":{\"@type\":\"PropertyValueSpecification\",\"valueRequired\":true,\"valueName\":\"search_term_string\"}}],\"inLanguage\":\"de-DE\"}]}<\/script>\n<!-- \/ Yoast SEO plugin. -->","yoast_head_json":{"title":"Aktivit\u00e4ten und Dienstleistungen - Camping d'Angers - Lac de Maine","description":"Nutzen Sie die vielen Einrichtungen und Aktivit\u00e4ten des Campingplatzes Angers - Lac de Maine f\u00fcr einen Aufenthalt zwischen Entspannung und Freizeit.","robots":{"index":"index","follow":"follow","max-snippet":"max-snippet:-1","max-image-preview":"max-image-preview:large","max-video-preview":"max-video-preview:-1"},"canonical":"https:\/\/www.campingangers.com\/de\/aktivitaten-dienstleistungen\/","og_locale":"de_DE","og_type":"article","og_title":"Aktivit\u00e4ten und Dienstleistungen - Camping d'Angers - Lac de Maine","og_description":"Nutzen Sie die vielen Einrichtungen und Aktivit\u00e4ten des Campingplatzes Angers - Lac de Maine f\u00fcr einen Aufenthalt zwischen Entspannung und Freizeit.","og_url":"https:\/\/www.campingangers.com\/de\/aktivitaten-dienstleistungen\/","og_site_name":"Camping d&#039;Angers - Lac de Maine","article_modified_time":"2026-03-26T09:31:05+00:00","twitter_card":"summary_large_image","twitter_misc":{"Est. reading time":"5 Minuten"},"schema":{"@context":"https:\/\/schema.org","@graph":[{"@type":"WebPage","@id":"https:\/\/www.campingangers.com\/de\/aktivitaten-dienstleistungen\/","url":"https:\/\/www.campingangers.com\/de\/aktivitaten-dienstleistungen\/","name":"Aktivit\u00e4ten und Dienstleistungen - Camping d'Angers - Lac de Maine","isPartOf":{"@id":"https:\/\/www.campingangers.com\/de\/#website"},"datePublished":"2018-02-26T09:26:45+00:00","dateModified":"2026-03-26T09:31:05+00:00","description":"Nutzen Sie die vielen Einrichtungen und Aktivit\u00e4ten des Campingplatzes Angers - Lac de Maine f\u00fcr einen Aufenthalt zwischen Entspannung und Freizeit.","breadcrumb":{"@id":"https:\/\/www.campingangers.com\/de\/aktivitaten-dienstleistungen\/#breadcrumb"},"inLanguage":"de-DE","potentialAction":[{"@type":"ReadAction","target":["https:\/\/www.campingangers.com\/de\/aktivitaten-dienstleistungen\/"]}]},{"@type":"BreadcrumbList","@id":"https:\/\/www.campingangers.com\/de\/aktivitaten-dienstleistungen\/#breadcrumb","itemListElement":[{"@type":"ListItem","position":1,"name":"Accueil","item":"https:\/\/www.campingangers.com\/de\/"},{"@type":"ListItem","position":2,"name":"Activit\u00e9s \/ Services"}]},{"@type":"WebSite","@id":"https:\/\/www.campingangers.com\/de\/#website","url":"https:\/\/www.campingangers.com\/de\/","name":"Camping d&#039;Angers - Lac de Maine","description":"Un site utilisant Citykamp","potentialAction":[{"@type":"SearchAction","target":{"@type":"EntryPoint","urlTemplate":"https:\/\/www.campingangers.com\/de\/?s={search_term_string}"},"query-input":{"@type":"PropertyValueSpecification","valueRequired":true,"valueName":"search_term_string"}}],"inLanguage":"de-DE"}]}},"_links":{"self":[{"href":"https:\/\/www.campingangers.com\/de\/wp-json\/wp\/v2\/pages\/510","targetHints":{"allow":["GET"]}}],"collection":[{"href":"https:\/\/www.campingangers.com\/de\/wp-json\/wp\/v2\/pages"}],"about":[{"href":"https:\/\/www.campingangers.com\/de\/wp-json\/wp\/v2\/types\/page"}],"author":[{"embeddable":true,"href":"https:\/\/www.campingangers.com\/de\/wp-json\/wp\/v2\/users\/1"}],"replies":[{"embeddable":true,"href":"https:\/\/www.campingangers.com\/de\/wp-json\/wp\/v2\/comments?post=510"}],"version-history":[{"count":6,"href":"https:\/\/www.campingangers.com\/de\/wp-json\/wp\/v2\/pages\/510\/revisions"}],"predecessor-version":[{"id":89790,"href":"https:\/\/www.campingangers.com\/de\/wp-json\/wp\/v2\/pages\/510\/revisions\/89790"}],"wp:attachment":[{"href":"https:\/\/www.campingangers.com\/de\/wp-json\/wp\/v2\/media?parent=510"}],"curies":[{"name":"wp","href":"https:\/\/api.w.org\/{rel}","templated":true}]}}