{"id":506,"date":"2018-02-26T10:27:00","date_gmt":"2018-02-26T09:27:00","guid":{"rendered":"http:\/\/www.campingangers.com\/de\/region\/"},"modified":"2023-12-18T11:16:05","modified_gmt":"2023-12-18T10:16:05","slug":"region","status":"publish","type":"page","link":"https:\/\/www.campingangers.com\/de\/region\/","title":{"rendered":"R\u00e9gion"},"content":{"rendered":"<div class=\"wpb-content-wrapper\"><p>[vc_row][vc_column][vc_single_image image=&#8220;27608&#8243; img_size=&#8220;1900&#215;500&#8243;]<div class=\"wrappedcontent\">[vc_column_text]<\/p>\n<h3>Eine Region voller Entdeckungen<\/h3>\n<p>[\/vc_column_text][vc_empty_space height=&#8220;50px&#8220;][vc_column_text]<\/p>\n<h4 style=\"text-align: center;\">&#8211; Das Loire-Tal &#8211;<\/h4>\n<p>[\/vc_column_text][vc_empty_space height=&#8220;30px&#8220;][vc_row_inner gap=&#8220;35&#8243;][vc_column_inner width=&#8220;1\/2&#8243;][vc_single_image image=&#8220;1292&#8243; img_size=&#8220;full&#8220; alignment=&#8220;center&#8220;][\/vc_column_inner][vc_column_inner width=&#8220;1\/2&#8243;][vc_single_image image=&#8220;1307&#8243; img_size=&#8220;full&#8220; alignment=&#8220;center&#8220;][\/vc_column_inner][\/vc_row_inner][vc_column_text]Die zum UNESCO-Kulturerbe z\u00e4hlenden einzigartigen Landschaften des Loire-Tals lohnen die Reise.<\/p>\n<p>Der Camping d\u2018Angers ist ein idealer Ausgangspunkt f\u00fcr die Naturliebhaber unter Ihnen, um auf den zahlreichen Wander- und Radwegen die Pflanzen- und Tierwelt der Region zu bestaunen, die W\u00e4lder zu durchqueren und gleichzeitig die pr\u00e4chtigsten sowie verstecktesten der Loire-Schl\u00f6sser zu besichtigen.<\/p>\n<p>Fahren Sie von Angers aus die Weinstra\u00dfe des Loire-Tals entlang und entdecken Sie das au\u00dfergew\u00f6hnliche Weinkulturerbe von Anjou. Die Winzer des Weinbaugebiets Savenni\u00e8res und Coteaux de l\u2018Aubance lassen Sie gerne an ihrem Know-how teilhaben und bieten vor Ort auch Weinverkostungen an.[\/vc_column_text][vc_empty_space]<div class=\"text-center btnwrap\"><a class=\"btn btn-huttopia-cta\" href=\"http:\/\/checkout.citykamp.com\/site\/de\/921\" role=\"button\" target=\"\" onclick=\"dataLayer.push({'event':'clickCity', 'clickText':'Ihren Aufenthalt buchen'})\">Ihren Aufenthalt buchen<\/a><\/div><\/div>[\/vc_column][\/vc_row][vc_row css=&#8220;.vc_custom_1520527316268{background-color: #e8e8e8 !important;}&#8220;][vc_column]<div class=\"wrappedcontent\">[vc_column_text]<\/p>\n<h4 style=\"text-align: center;\">&#8211; Die Loire-Schl\u00f6sser erwarten Sie! &#8211;<\/h4>\n<p>[\/vc_column_text][vc_empty_space height=&#8220;30px&#8220;][vc_row_inner gap=&#8220;35&#8243;][vc_column_inner width=&#8220;1\/2&#8243;][vc_single_image image=&#8220;58701&#8243; img_size=&#8220;full&#8220; alignment=&#8220;center&#8220;][\/vc_column_inner][vc_column_inner width=&#8220;1\/2&#8243;][vc_single_image image=&#8220;1297&#8243; img_size=&#8220;full&#8220; alignment=&#8220;center&#8220;][\/vc_column_inner][\/vc_row_inner][vc_column_text]Lassen Sie sich von dieser Region, ihrer reichen Geschichte, Kultur und Architektur ins Staunen versetzen!<\/p>\n<p>Die Camping d&#8217;Angers befindet sich zwischen dem Schloss Angers, dem Schloss Serrant und dem Schloss Brissac. Von hier aus k\u00f6nnen Sie bequem mit Ihrer Familie die ganze Region und ihre vielen Sehensw\u00fcrdigkeiten erkunden.[\/vc_column_text]<\/div>[\/vc_column][\/vc_row][vc_row][vc_column]<div class=\"wrappedcontent\">[vc_column_text]<\/p>\n<h4 style=\"text-align: center;\">&#8211; Ein Besuch in Angers &#8211;<\/h4>\n<p>[\/vc_column_text][vc_empty_space height=&#8220;30px&#8220;][vc_row_inner gap=&#8220;10&#8243;][vc_column_inner width=&#8220;1\/2&#8243;][vc_column_text]Angers, die ehemalige Hauptstadt von Anjou, liegt im Herzen des Loire-Tals und erfreut sich einer besonders sch\u00f6nen und beeindruckenden Umgebung. Seine Altstadt ist Teil des UNESCO-Weltkulturerbes. Das Schloss, die Kathedrale, die G\u00e4rten, Kais, und M\u00e4rkte&#8230; Es gibt viel zu entdecken![\/vc_column_text][\/vc_column_inner][vc_column_inner width=&#8220;1\/2&#8243;][vc_masonry_media_grid element_width=&#8220;6&#8243; gap=&#8220;10&#8243; item=&#8220;82&#8243; grid_id=&#8220;vc_gid:1702894494999-8e07a088-c9a9-8&#8243; include=&#8220;29268,29291&#8243;][\/vc_column_inner][\/vc_row_inner]<\/div>[\/vc_column][\/vc_row][vc_row][vc_column]<div class=\"wrappedcontent\">[vc_row_inner equal_height=&#8220;yes&#8220; content_placement=&#8220;middle&#8220; gap=&#8220;20&#8243; css=&#8220;.vc_custom_1529317365780{margin-left: -0.5px !important;}&#8220;][vc_column_inner width=&#8220;1\/3&#8243; css=&#8220;.vc_custom_1529317386992{background-color: #e8e8e8 !important;}&#8220;][vc_icon icon_fontawesome=&#8220;far fa-map&#8220; color=&#8220;custom&#8220; size=&#8220;lg&#8220; align=&#8220;center&#8220; custom_color=&#8220;#e84e1b&#8220; link=&#8220;url:https%3A%2F%2Fmedia.huttopia.com%2Fdestinations%2Fangers%2Fplan-camping-citykamp-angers.pdf|target:_blank&#8220; css=&#8220;.vc_custom_1675939741648{margin-bottom: -10px !important;padding-top: 15px !important;}&#8220;][vc_column_text css=&#8220;.vc_custom_1675939745237{padding-top: 25px !important;padding-right: 15px !important;padding-bottom: 15px !important;padding-left: 15px !important;}&#8220;]<\/p>\n<p style=\"text-align: center;\"><a href=\"https:\/\/media.huttopia.com\/destinations\/angers\/plan-camping-citykamp-angers.pdf\" target=\"_blank\" rel=\"noopener noreferrer\"><strong>Platzplan<\/strong><\/a><\/p>\n<p>[\/vc_column_text][\/vc_column_inner][vc_column_inner width=&#8220;1\/3&#8243; css=&#8220;.vc_custom_1529317390775{background-color: #e8e8e8 !important;}&#8220;][vc_icon icon_fontawesome=&#8220;fa fa-calendar-check-o&#8220; color=&#8220;custom&#8220; size=&#8220;lg&#8220; align=&#8220;center&#8220; custom_color=&#8220;#e84e1b&#8220; link=&#8220;url:http%3A%2F%2Fcheckout.campings-nature.com%2Fsite%2Fde%2F921||target:%20_blank|&#8220; css=&#8220;.vc_custom_1529319171485{margin-bottom: -10px !important;padding-top: 15px !important;}&#8220;][vc_column_text css=&#8220;.vc_custom_1529319162479{padding-top: 25px !important;padding-right: 15px !important;padding-bottom: 15px !important;padding-left: 15px !important;}&#8220;]<\/p>\n<p style=\"text-align: center;\"><a href=\"http:\/\/checkout.campings-nature.com\/site\/de\/921\" target=\"_blank\" rel=\"noopener noreferrer\"><strong>Ihren Aufenthalt buchen<\/strong><\/a><\/p>\n<p>[\/vc_column_text][\/vc_column_inner][vc_column_inner width=&#8220;1\/3&#8243; css=&#8220;.vc_custom_1529317396006{background-color: #e8e8e8 !important;}&#8220;][vc_icon icon_fontawesome=&#8220;fa fa-map-marker&#8220; color=&#8220;custom&#8220; size=&#8220;lg&#8220; align=&#8220;center&#8220; custom_color=&#8220;#e84e1b&#8220; link=&#8220;url:https%3A%2F%2Fgoo.gl%2Fmaps%2FDxGe4X3iv8t||target:%20_blank|&#8220; css=&#8220;.vc_custom_1529317758294{margin-bottom: -10px !important;padding-top: 15px !important;}&#8220;][vc_column_text css=&#8220;.vc_custom_1529319179868{padding-top: 25px !important;padding-right: 15px !important;padding-bottom: 15px !important;padding-left: 15px !important;}&#8220;]<\/p>\n<p style=\"text-align: center;\"><a href=\"https:\/\/goo.gl\/maps\/DxGe4X3iv8t\" target=\"_blank\" rel=\"noopener noreferrer\"><strong>Reiseroute<\/strong><\/a><\/p>\n<p>[\/vc_column_text][\/vc_column_inner][\/vc_row_inner]<\/div>[\/vc_column][\/vc_row][vc_row css=&#8220;.vc_custom_1529329134812{background-color: #e8e8e8 !important;}&#8220;][vc_column]<div class=\"wrappedcontent\">[vc_column_text]<\/p>\n<h4>Fotos aus der Region von Angers<\/h4>\n<p>[\/vc_column_text][vc_empty_space height=&#8220;18px&#8220;][vc_masonry_media_grid style=&#8220;load-more&#8220; items_per_page=&#8220;4&#8243; element_width=&#8220;3&#8243; gap=&#8220;10&#8243; item=&#8220;945&#8243; btn_title=&#8220;MEHR&#8220; btn_style=&#8220;custom&#8220; btn_custom_background=&#8220;#e84e1b&#8220; btn_custom_text=&#8220;#ffffff&#8220; btn_shape=&#8220;square&#8220; btn_i_icon_fontawesome=&#8220;fa fa-camera&#8220; btn_add_icon=&#8220;true&#8220; grid_id=&#8220;vc_gid:1702894495005-d715ace2-52cd-3&#8243; include=&#8220;58707,58713,58719,58725,58731,2107,2112,2102,2092,2122,2117,2097,2087,2082,2077,2072,2067,64282&#8243;]<\/div>[\/vc_column][\/vc_row]<\/p>\n<\/div>","protected":false},"excerpt":{"rendered":"<p>[vc_row][vc_column][vc_single_image image=&#8220;27608&#8243; img_size=&#8220;1900&#215;500&#8243;][\/vc_column][\/vc_row][vc_row css=&#8220;.vc_custom_1520527316268{background-color: #e8e8e8 !important;}&#8220;][vc_column][\/vc_column][\/vc_row][vc_row][vc_column][\/vc_column][\/vc_row][vc_row][vc_column][\/vc_column][\/vc_row][vc_row css=&#8220;.vc_custom_1529329134812{background-color: #e8e8e8 !important;}&#8220;][vc_column][\/vc_column][\/vc_row]<\/p>\n","protected":false},"author":1,"featured_media":0,"parent":0,"menu_order":0,"comment_status":"closed","ping_status":"closed","template":"","meta":{"footnotes":""},"class_list":["post-506","page","type-page","status-publish","hentry"],"yoast_head":"<!-- This site is optimized with the Yoast SEO plugin v25.6 - https:\/\/yoast.com\/wordpress\/plugins\/seo\/ -->\n<title>Entdecken Sie Angers und seine Region - Camping d&#039;Angers - Lac de Maine<\/title>\n<meta name=\"description\" content=\"Mit der Familie oder Freunden ist der Campingplatz Angers - Lac de Maine der ideale Ort, um die Must-Haves der Region zu entdecken. Es befindet sich im Loire-Tal, einem UNESCO-Weltkulturerbe. Durchqueren Sie die W\u00e4lder und besuchen Sie die Schl\u00f6sser des Loire-Tals oder spazieren Sie \u00fcber die Weinstra\u00dfe.\" \/>\n<meta name=\"robots\" content=\"index, follow, max-snippet:-1, max-image-preview:large, max-video-preview:-1\" \/>\n<link rel=\"canonical\" href=\"https:\/\/www.campingangers.com\/de\/region\/\" \/>\n<meta property=\"og:locale\" content=\"de_DE\" \/>\n<meta property=\"og:type\" content=\"article\" \/>\n<meta property=\"og:title\" content=\"Entdecken Sie Angers und seine Region - Camping d&#039;Angers - Lac de Maine\" \/>\n<meta property=\"og:description\" content=\"Mit der Familie oder Freunden ist der Campingplatz Angers - Lac de Maine der ideale Ort, um die Must-Haves der Region zu entdecken. Es befindet sich im Loire-Tal, einem UNESCO-Weltkulturerbe. Durchqueren Sie die W\u00e4lder und besuchen Sie die Schl\u00f6sser des Loire-Tals oder spazieren Sie \u00fcber die Weinstra\u00dfe.\" \/>\n<meta property=\"og:url\" content=\"https:\/\/www.campingangers.com\/de\/region\/\" \/>\n<meta property=\"og:site_name\" content=\"Camping d&#039;Angers - Lac de Maine\" \/>\n<meta property=\"article:modified_time\" content=\"2023-12-18T10:16:05+00:00\" \/>\n<meta name=\"twitter:card\" content=\"summary_large_image\" \/>\n<meta name=\"twitter:label1\" content=\"Est. reading time\" \/>\n\t<meta name=\"twitter:data1\" content=\"2 Minuten\" \/>\n<script type=\"application\/ld+json\" class=\"yoast-schema-graph\">{\"@context\":\"https:\/\/schema.org\",\"@graph\":[{\"@type\":\"WebPage\",\"@id\":\"https:\/\/www.campingangers.com\/de\/region\/\",\"url\":\"https:\/\/www.campingangers.com\/de\/region\/\",\"name\":\"Entdecken Sie Angers und seine Region - Camping d'Angers - Lac de Maine\",\"isPartOf\":{\"@id\":\"https:\/\/www.campingangers.com\/de\/#website\"},\"datePublished\":\"2018-02-26T09:27:00+00:00\",\"dateModified\":\"2023-12-18T10:16:05+00:00\",\"description\":\"Mit der Familie oder Freunden ist der Campingplatz Angers - Lac de Maine der ideale Ort, um die Must-Haves der Region zu entdecken. Es befindet sich im Loire-Tal, einem UNESCO-Weltkulturerbe. Durchqueren Sie die W\u00e4lder und besuchen Sie die Schl\u00f6sser des Loire-Tals oder spazieren Sie \u00fcber die Weinstra\u00dfe.\",\"breadcrumb\":{\"@id\":\"https:\/\/www.campingangers.com\/de\/region\/#breadcrumb\"},\"inLanguage\":\"de-DE\",\"potentialAction\":[{\"@type\":\"ReadAction\",\"target\":[\"https:\/\/www.campingangers.com\/de\/region\/\"]}]},{\"@type\":\"BreadcrumbList\",\"@id\":\"https:\/\/www.campingangers.com\/de\/region\/#breadcrumb\",\"itemListElement\":[{\"@type\":\"ListItem\",\"position\":1,\"name\":\"Accueil\",\"item\":\"https:\/\/www.campingangers.com\/de\/\"},{\"@type\":\"ListItem\",\"position\":2,\"name\":\"R\u00e9gion\"}]},{\"@type\":\"WebSite\",\"@id\":\"https:\/\/www.campingangers.com\/de\/#website\",\"url\":\"https:\/\/www.campingangers.com\/de\/\",\"name\":\"Camping d&#039;Angers - Lac de Maine\",\"description\":\"Un site utilisant Citykamp\",\"potentialAction\":[{\"@type\":\"SearchAction\",\"target\":{\"@type\":\"EntryPoint\",\"urlTemplate\":\"https:\/\/www.campingangers.com\/de\/?s={search_term_string}\"},\"query-input\":{\"@type\":\"PropertyValueSpecification\",\"valueRequired\":true,\"valueName\":\"search_term_string\"}}],\"inLanguage\":\"de-DE\"}]}<\/script>\n<!-- \/ Yoast SEO plugin. -->","yoast_head_json":{"title":"Entdecken Sie Angers und seine Region - Camping d'Angers - Lac de Maine","description":"Mit der Familie oder Freunden ist der Campingplatz Angers - Lac de Maine der ideale Ort, um die Must-Haves der Region zu entdecken. Es befindet sich im Loire-Tal, einem UNESCO-Weltkulturerbe. Durchqueren Sie die W\u00e4lder und besuchen Sie die Schl\u00f6sser des Loire-Tals oder spazieren Sie \u00fcber die Weinstra\u00dfe.","robots":{"index":"index","follow":"follow","max-snippet":"max-snippet:-1","max-image-preview":"max-image-preview:large","max-video-preview":"max-video-preview:-1"},"canonical":"https:\/\/www.campingangers.com\/de\/region\/","og_locale":"de_DE","og_type":"article","og_title":"Entdecken Sie Angers und seine Region - Camping d'Angers - Lac de Maine","og_description":"Mit der Familie oder Freunden ist der Campingplatz Angers - Lac de Maine der ideale Ort, um die Must-Haves der Region zu entdecken. Es befindet sich im Loire-Tal, einem UNESCO-Weltkulturerbe. Durchqueren Sie die W\u00e4lder und besuchen Sie die Schl\u00f6sser des Loire-Tals oder spazieren Sie \u00fcber die Weinstra\u00dfe.","og_url":"https:\/\/www.campingangers.com\/de\/region\/","og_site_name":"Camping d&#039;Angers - Lac de Maine","article_modified_time":"2023-12-18T10:16:05+00:00","twitter_card":"summary_large_image","twitter_misc":{"Est. reading time":"2 Minuten"},"schema":{"@context":"https:\/\/schema.org","@graph":[{"@type":"WebPage","@id":"https:\/\/www.campingangers.com\/de\/region\/","url":"https:\/\/www.campingangers.com\/de\/region\/","name":"Entdecken Sie Angers und seine Region - Camping d'Angers - Lac de Maine","isPartOf":{"@id":"https:\/\/www.campingangers.com\/de\/#website"},"datePublished":"2018-02-26T09:27:00+00:00","dateModified":"2023-12-18T10:16:05+00:00","description":"Mit der Familie oder Freunden ist der Campingplatz Angers - Lac de Maine der ideale Ort, um die Must-Haves der Region zu entdecken. Es befindet sich im Loire-Tal, einem UNESCO-Weltkulturerbe. Durchqueren Sie die W\u00e4lder und besuchen Sie die Schl\u00f6sser des Loire-Tals oder spazieren Sie \u00fcber die Weinstra\u00dfe.","breadcrumb":{"@id":"https:\/\/www.campingangers.com\/de\/region\/#breadcrumb"},"inLanguage":"de-DE","potentialAction":[{"@type":"ReadAction","target":["https:\/\/www.campingangers.com\/de\/region\/"]}]},{"@type":"BreadcrumbList","@id":"https:\/\/www.campingangers.com\/de\/region\/#breadcrumb","itemListElement":[{"@type":"ListItem","position":1,"name":"Accueil","item":"https:\/\/www.campingangers.com\/de\/"},{"@type":"ListItem","position":2,"name":"R\u00e9gion"}]},{"@type":"WebSite","@id":"https:\/\/www.campingangers.com\/de\/#website","url":"https:\/\/www.campingangers.com\/de\/","name":"Camping d&#039;Angers - Lac de Maine","description":"Un site utilisant Citykamp","potentialAction":[{"@type":"SearchAction","target":{"@type":"EntryPoint","urlTemplate":"https:\/\/www.campingangers.com\/de\/?s={search_term_string}"},"query-input":{"@type":"PropertyValueSpecification","valueRequired":true,"valueName":"search_term_string"}}],"inLanguage":"de-DE"}]}},"_links":{"self":[{"href":"https:\/\/www.campingangers.com\/de\/wp-json\/wp\/v2\/pages\/506","targetHints":{"allow":["GET"]}}],"collection":[{"href":"https:\/\/www.campingangers.com\/de\/wp-json\/wp\/v2\/pages"}],"about":[{"href":"https:\/\/www.campingangers.com\/de\/wp-json\/wp\/v2\/types\/page"}],"author":[{"embeddable":true,"href":"https:\/\/www.campingangers.com\/de\/wp-json\/wp\/v2\/users\/1"}],"replies":[{"embeddable":true,"href":"https:\/\/www.campingangers.com\/de\/wp-json\/wp\/v2\/comments?post=506"}],"version-history":[{"count":4,"href":"https:\/\/www.campingangers.com\/de\/wp-json\/wp\/v2\/pages\/506\/revisions"}],"predecessor-version":[{"id":89086,"href":"https:\/\/www.campingangers.com\/de\/wp-json\/wp\/v2\/pages\/506\/revisions\/89086"}],"wp:attachment":[{"href":"https:\/\/www.campingangers.com\/de\/wp-json\/wp\/v2\/media?parent=506"}],"curies":[{"name":"wp","href":"https:\/\/api.w.org\/{rel}","templated":true}]}}