{"id":485,"date":"2018-02-26T10:25:44","date_gmt":"2018-02-26T09:25:44","guid":{"rendered":"http:\/\/www.campingangers.com\/de\/accueil\/"},"modified":"2026-02-24T15:14:55","modified_gmt":"2026-02-24T14:14:55","slug":"accueil","status":"publish","type":"page","link":"https:\/\/www.campingangers.com\/de\/","title":{"rendered":"Accueil"},"content":{"rendered":"<div class=\"wpb-content-wrapper\"><p>[vc_row][vc_column]<div class=\"wrappedcontent\">[vc_column_text css=&#8220;.vc_custom_1759736431124{padding-top: 20px !important;padding-right: 20px !important;padding-bottom: 20px !important;padding-left: 20px !important;}&#8220;]<\/p>\n<h2 style=\"text-align: center;\"><span style=\"font-size: 24pt;\"><strong>ENTSCHEIDEN SIE SICH F\u00dcR EINEN ST\u00c4DTEKURZURLAUB MITTEN IM GR\u00dcNEN!<\/strong><\/span><\/h2>\n<p style=\"text-align: center;\"><span style=\"color: #e84e1b; font-size: 14pt;\"><span style=\"color: #e84e1b;\">Ge\u00f6ffnet vom 02.04.2026 bis 01.11.2026<br \/>\n<\/span><\/span><\/p>\n<p style=\"text-align: center;\" align=\"justify\">Der Campingplatz Camping de Angers \u2013 Lac de Maine liegt im Loire-Tal im Herzen eines 120 ha gro\u00dfen, wundersch\u00f6nen Parks \u2013 20 Minuten mit dem Auto vom Stadtkern von Angers entfernt.<\/p>\n<p style=\"text-align: center;\" align=\"justify\">Schl\u00f6sser, Radwege, renommierte Weing\u00fcter und f\u00fcr die Region typisches Kulturgut\u2026 Entdecken Sie bereits ab dem Fr\u00fchling die unz\u00e4hligen Touristenattraktionen von Angers und seiner Umgebung!<\/p>\n<p>[\/vc_column_text][vc_empty_space][vc_masonry_media_grid element_width=&#8220;6&#8243; gap=&#8220;20&#8243; item=&#8220;1174&#8243; grid_id=&#8220;vc_gid:1762245011225-807d1365-1a2e-7&#8243; include=&#8220;54906,54900&#8243;][vc_empty_space]<div class=\"text-center btnwrap\"><a class=\"btn btn-huttopia-cta\" href=\"http:\/\/checkout.citykamp.com\/site\/es\/921\" role=\"button\" target=\"\" onclick=\"dataLayer.push({'event':'clickCity', 'clickText':'Aufenthalt buchen'})\">Aufenthalt buchen<\/a><\/div><\/div>[\/vc_column][\/vc_row][vc_row css=&#8220;.vc_custom_1521039773023{background-color: #e8e8e8 !important;}&#8220;][vc_column]<div class=\"wrappedcontent\">[vc_column_text]<\/p>\n<h4 style=\"text-align: center;\">Profitieren Sie vor Ort von hochwertigen Dienstleistungen und Ausstattungen<\/h4>\n<p>[\/vc_column_text][vc_empty_space height=&#8220;35px&#8220;][vc_row_inner][vc_column_inner width=&#8220;1\/5&#8243;][vc_icon icon_fontawesome=&#8220;fa fa-cutlery&#8220; color=&#8220;mulled_wine&#8220; size=&#8220;sm&#8220; align=&#8220;center&#8220; css=&#8220;.vc_custom_1521040022918{margin-top: -10px !important;margin-bottom: -10px !important;}&#8220;][vc_column_text]<\/p>\n<p style=\"text-align: center;\">Verpflegung<\/p>\n<p>[\/vc_column_text][\/vc_column_inner][vc_column_inner width=&#8220;1\/5&#8243;][vc_icon icon_fontawesome=&#8220;fa fa-tint&#8220; color=&#8220;mulled_wine&#8220; size=&#8220;sm&#8220; align=&#8220;center&#8220; css=&#8220;.vc_custom_1521040041453{margin-top: -10px !important;margin-bottom: -10px !important;}&#8220;][vc_column_text]<\/p>\n<p style=\"text-align: center;\">Beheiztes Schwimmbad<\/p>\n<p>[\/vc_column_text][\/vc_column_inner][vc_column_inner width=&#8220;1\/5&#8243;][vc_icon icon_fontawesome=&#8220;fa fa-product-hunt&#8220; color=&#8220;mulled_wine&#8220; size=&#8220;sm&#8220; align=&#8220;center&#8220; css=&#8220;.vc_custom_1521105941571{margin-top: -10px !important;margin-bottom: -10px !important;}&#8220;][vc_column_text]<\/p>\n<p style=\"text-align: center;\">Gratisparkplatz<\/p>\n<p>[\/vc_column_text][\/vc_column_inner][vc_column_inner width=&#8220;1\/5&#8243;][vc_icon icon_fontawesome=&#8220;fa fa-bed&#8220; color=&#8220;mulled_wine&#8220; size=&#8220;sm&#8220; align=&#8220;center&#8220; css=&#8220;.vc_custom_1523026701504{margin-top: -10px !important;margin-bottom: -10px !important;}&#8220;][vc_column_text]<\/p>\n<p style=\"text-align: center;\">Bettw\u00e4sche und Handt\u00fccher inklusive<\/p>\n<p>[\/vc_column_text][\/vc_column_inner][vc_column_inner width=&#8220;1\/5&#8243;][vc_icon icon_fontawesome=&#8220;fa fa-bicycle&#8220; color=&#8220;mulled_wine&#8220; size=&#8220;sm&#8220; align=&#8220;center&#8220; css=&#8220;.vc_custom_1523026711616{margin-top: -10px !important;margin-bottom: -10px !important;}&#8220;][vc_column_text]<\/p>\n<p style=\"text-align: center;\">Fahrradverleih<\/p>\n<p>[\/vc_column_text][\/vc_column_inner][\/vc_row_inner]<\/div>[\/vc_column][\/vc_row][vc_row][vc_column]<div class=\"wrappedcontent\">[vc_row_inner gap=&#8220;10&#8243; css=&#8220;.vc_custom_1529319008557{margin-left: -0.5px !important;}&#8220;][vc_column_inner width=&#8220;1\/4&#8243;][vc_masonry_media_grid element_width=&#8220;12&#8243; gap=&#8220;0&#8243; item=&#8220;534&#8243; grid_id=&#8220;vc_gid:1762245011227-7756a1ce-ea05-6&#8243; include=&#8220;62988&#8243;][\/vc_column_inner][vc_column_inner width=&#8220;1\/4&#8243;][vc_masonry_media_grid element_width=&#8220;12&#8243; gap=&#8220;0&#8243; item=&#8220;535&#8243; grid_id=&#8220;vc_gid:1762245011228-d7e431ed-6805-10&#8243; include=&#8220;62994&#8243;][\/vc_column_inner][vc_column_inner width=&#8220;1\/4&#8243;][vc_masonry_media_grid element_width=&#8220;12&#8243; gap=&#8220;0&#8243; item=&#8220;536&#8243; grid_id=&#8220;vc_gid:1762245011228-d639f1d0-55eb-3&#8243; include=&#8220;63000&#8243;][\/vc_column_inner][vc_column_inner width=&#8220;1\/4&#8243;][vc_masonry_media_grid element_width=&#8220;12&#8243; gap=&#8220;0&#8243; item=&#8220;537&#8243; grid_id=&#8220;vc_gid:1762245011229-c4fdad4f-5b7d-5&#8243; include=&#8220;63006&#8243;][\/vc_column_inner][\/vc_row_inner][vc_empty_space height=&#8220;60px&#8220;][vc_row_inner gap=&#8220;30&#8243; css=&#8220;.vc_custom_1678891698421{margin-left: -0.5px !important;background-color: rgba(232,78,27,0.2) !important;*background-color: rgb(232,78,27) !important;}&#8220;][vc_column_inner width=&#8220;1\/3&#8243;][vc_masonry_media_grid element_width=&#8220;12&#8243; grid_id=&#8220;vc_gid:1762245011230-0614c97f-8303-3&#8243; include=&#8220;77861&#8243;][\/vc_column_inner][vc_column_inner width=&#8220;2\/3&#8243;][vc_column_text]<\/p>\n<h2><span style=\"color: #e94e1b;\">CAMPING CARD<\/span><\/h2>\n<p><span style=\"font-size: 12pt;\">Campen Sie ab <span style=\"color: #e84e1b;\"><strong>15\u20ac<\/strong><\/span>* pro \u00dcbernachtung mit der <span style=\"color: #e94e1b;\"><a style=\"color: #e94e1b;\" href=\"https:\/\/www.citykamp.com\/de\/camping-card\/\"><span style=\"text-decoration: underline;\">Camping Card<\/span><\/a><\/span>\u00a0Huttopia.<\/span><br \/>\n<span style=\"font-size: 12pt;\">Profitieren Sie von reduzierten Preisen und Gratis\u00fcbernachtungen in der Vor- und Nachsaison auf allen <span style=\"text-decoration: underline; color: #e94e1b;\"><a style=\"color: #e94e1b; text-decoration: underline;\" href=\"https:\/\/www.citykamp.com\/de\/reiseziele\/\">CityKamp<\/a><\/span> Campingpl\u00e4tzen, <span style=\"text-decoration: underline; color: #e94e1b;\"><a style=\"color: #e94e1b; text-decoration: underline;\" href=\"https:\/\/www.onlycamp.fr\/en\/\">Onlycamp<\/a><\/span> en <span style=\"text-decoration: underline; color: #e94e1b;\"><a style=\"color: #e94e1b; text-decoration: underline;\" href=\"https:\/\/europe.huttopia.com\/de\/destinations\/campings\/\">Huttopia Campingpl\u00e4tzen<\/a><\/span>.<\/span><\/p>\n<p><em><span style=\"font-size: 10pt;\">*Preis beinhaltet 1 Stellplatz f\u00fcr 2 Personen mit Stromanschluss (+ Haustier gratis)<\/span><\/em>[\/vc_column_text]<div class=\" btnwrap\"><a class=\"btn btn-huttopia-cta\" href=\"https:\/\/www.citykamp.com\/de\/camping-card\/\" role=\"button\" target=\"\" onclick=\"dataLayer.push({'event':'clickCity', 'clickText':'Mehr erfahren'})\">Mehr erfahren<\/a><\/div>[\/vc_column_inner][\/vc_row_inner][vc_empty_space height=&#8220;60px&#8220;][vc_row_inner][vc_column_inner][vc_icon icon_fontawesome=&#8220;fa fa-quote-left&#8220; color=&#8220;custom&#8220; custom_color=&#8220;#e84e1b&#8220;][vc_column_text]<\/p>\n<p style=\"text-align: center;\"><em><span style=\"font-size: 16pt;\">Ein ruhiger Campingplatz direkt am Flussufer des Maine, perfekt zum Erholen und Entspannen.<\/span>\u00a0\u00a0<\/em>\u00a0\u00a0<span style=\"font-size: 10pt;\">Marion D.<\/span>\u00a0\u00a0<span style=\"color: #e84e1b;\">\u2605\u2605\u2605\u2605<\/span><\/p>\n<p style=\"text-align: center;\"><em><span style=\"font-size: 16pt;\">Der ideale Campingplatz f\u00fcr einen Besuch der Loire-Schl\u00f6sser! \u00a0<\/span><\/em><strong><em>\u00a0<span style=\"font-size: 10pt;\">\u00a0<\/span><\/em><\/strong><span style=\"font-size: 10pt;\">Stephane G.<\/span>\u00a0 \u00a0<span style=\"color: #e84e1b;\">\u2605\u2605\u2605\u2605<\/span><\/p>\n<p>[\/vc_column_text][vc_icon icon_fontawesome=&#8220;fa fa-quote-right&#8220; color=&#8220;custom&#8220; align=&#8220;right&#8220; custom_color=&#8220;#e84e1b&#8220;][\/vc_column_inner][\/vc_row_inner][vc_empty_space height=&#8220;50px&#8220;][vc_row_inner equal_height=&#8220;yes&#8220; content_placement=&#8220;middle&#8220; gap=&#8220;20&#8243; css=&#8220;.vc_custom_1529317365780{margin-left: -0.5px !important;}&#8220;][vc_column_inner width=&#8220;1\/3&#8243; css=&#8220;.vc_custom_1529317386992{background-color: #e8e8e8 !important;}&#8220;][vc_icon icon_fontawesome=&#8220;far fa-map&#8220; color=&#8220;custom&#8220; size=&#8220;lg&#8220; align=&#8220;center&#8220; css=&#8220;.vc_custom_1675852115014{margin-bottom: -10px !important;padding-top: 15px !important;}&#8220; custom_color=&#8220;#e84e1b&#8220; link=&#8220;url:https%3A%2F%2Fmedia.huttopia.com%2Fdestinations%2Fangers%2Fplan-camping-citykamp-angers.pdf|target:_blank&#8220;][vc_column_text css=&#8220;.vc_custom_1675851841060{padding-top: 25px !important;padding-right: 15px !important;padding-bottom: 15px !important;padding-left: 15px !important;}&#8220;]<\/p>\n<p style=\"text-align: center;\"><a href=\"https:\/\/media.huttopia.com\/destinations\/angers\/plan-camping-citykamp-angers.pdf\" target=\"_blank\" rel=\"noopener noreferrer\"><strong>Platzplan<\/strong><\/a><\/p>\n<p>[\/vc_column_text][\/vc_column_inner][vc_column_inner width=&#8220;1\/3&#8243; css=&#8220;.vc_custom_1529317390775{background-color: #e8e8e8 !important;}&#8220;][vc_icon icon_fontawesome=&#8220;fa fa-envelope-o&#8220; color=&#8220;custom&#8220; size=&#8220;lg&#8220; align=&#8220;center&#8220; css=&#8220;.vc_custom_1529319241160{margin-bottom: -10px !important;padding-top: 15px !important;}&#8220; custom_color=&#8220;#e84e1b&#8220; link=&#8220;url:https%3A%2F%2Fwww.campingangers.com%2Fde%2Fkontakt%2F||target:%20_blank|&#8220;][vc_column_text css=&#8220;.vc_custom_1529319259501{padding-top: 25px !important;padding-right: 15px !important;padding-bottom: 15px !important;padding-left: 15px !important;}&#8220;]<\/p>\n<p style=\"text-align: center;\"><a href=\"https:\/\/www.campingangers.com\/de\/kontakt\/\" target=\"_blank\" rel=\"noopener noreferrer\"><strong>Kontakt<\/strong><\/a><\/p>\n<p>[\/vc_column_text][\/vc_column_inner][vc_column_inner width=&#8220;1\/3&#8243; css=&#8220;.vc_custom_1529317396006{background-color: #e8e8e8 !important;}&#8220;][vc_icon icon_fontawesome=&#8220;fa fa-map-marker&#8220; color=&#8220;custom&#8220; size=&#8220;lg&#8220; align=&#8220;center&#8220; css=&#8220;.vc_custom_1529317758294{margin-bottom: -10px !important;padding-top: 15px !important;}&#8220; custom_color=&#8220;#e84e1b&#8220; link=&#8220;url:https%3A%2F%2Fgoo.gl%2Fmaps%2FDxGe4X3iv8t||target:%20_blank|&#8220;][vc_column_text css=&#8220;.vc_custom_1529319179868{padding-top: 25px !important;padding-right: 15px !important;padding-bottom: 15px !important;padding-left: 15px !important;}&#8220;]<\/p>\n<p style=\"text-align: center;\"><a href=\"https:\/\/goo.gl\/maps\/DxGe4X3iv8t\" target=\"_blank\" rel=\"noopener noreferrer\"><strong>Reiseroute<\/strong><\/a><\/p>\n<p>[\/vc_column_text][\/vc_column_inner][\/vc_row_inner][vc_empty_space height=&#8220;50px&#8220;]<\/div>[\/vc_column][\/vc_row][vc_row css=&#8220;.vc_custom_1520241705394{background-color: #e8e8e8 !important;}&#8220;][vc_column]<div class=\"wrappedcontent\">[vc_column_text css=&#8220;&#8220;]<\/p>\n<h4 style=\"text-align: center;\">Anfahrt:<\/h4>\n<p style=\"text-align: center;\">GPS-Koordinaten:<br \/>\n<strong>Breitengrad<\/strong> 47.45445038145508 | <strong>L\u00e4ngengrad<\/strong> -0.5962191081468138<\/p>\n<p>[\/vc_column_text][vc_empty_space height=&#8220;50px&#8220;][vc_row_inner gap=&#8220;35&#8243; css=&#8220;.vc_custom_1727779603921{margin-left: -0.5px !important;}&#8220;][vc_column_inner width=&#8220;1\/2&#8243;][vc_column_text css=&#8220;&#8220;]<\/p>\n<h4>Mit dem Auto<\/h4>\n<p><strong>Von Paris<\/strong> kommend: Ausfahrt Nr. 15 Angers-Centre und danach Ausfahrt Lac de Maine-Centre commercial. Folgen Sie der Beschilderung Camping du Lac de Maine.<br \/>\n<strong>Von Nantes<\/strong> kommend: Ausfahrt Nr. 18 Angers-Centre und danach Ausfahrt Lac de Maine-Centre commercial. Folgen Sie der Beschilderung Camping du Lac de Maine.<br \/>\n<strong>Von Rennes<\/strong> kommend: Folgen Sie der D775 und danach der D523. Folgen Sie der Beschilderung Camping du Lac de Maine.<br \/>\n<strong>Von Tours<\/strong> kommend: Autobahn A85, Ausfahrt Centre-ville\/La Doutre. Folgen Sie der Beschilderung Camping du Lac de Maine.[\/vc_column_text][\/vc_column_inner][vc_column_inner width=&#8220;1\/2&#8243;][vc_column_text css=&#8220;&#8220;]<\/p>\n<h3>Mit dem Zug<\/h3>\n<p><strong>Vom Bahnhof Angers St Laud:<\/strong> Nehmen Sie die Linie E22 und steigen Sie an der Haltestelle \u201eLac de Maine Camping\u201c aus, die sich 3 Minuten zu Fu\u00df vom Campingplatz entfernt befindet.<\/p>\n<p><span style=\"text-decoration: underline;\"><a href=\"https:\/\/plan-dynamique.irigo.fr\/lines?current=line%3AIRIGO%3A22_b\" target=\"_blank\" rel=\"noopener\">Siehe Fahrpl\u00e4ne<\/a><\/span>[\/vc_column_text][\/vc_column_inner][\/vc_row_inner]<\/div>\n    <div id=\"map135465\" class=\"map\"><\/div>\n    <script type=\"text\/javascript\">\n        let iconType = L.icon({\n            iconUrl: baseDirectory + '\/img\/pin.png',\n            iconSize: [22, 48],\n            iconAnchor: [11, 46],\n            popupAnchor: [0, -46]\n        });\n        let map = L.map('map135465', {\n            center: L.latLng(47.4536715, -0.5952781999999388),\n            zoom: 10.8,\n            layers: [L.tileLayer('https:\/\/cartodb-basemaps-b.global.ssl.fastly.net\/light_all\/{z}\/{x}\/{y}.png', {\n                attribution: '&copy; <a href=\"https:\/\/www.openstreetmap.org\/copyright\">OpenStreetMap<\/a>'\n            })],\n            zoomSnap: 0.2\n        });\n        setTimeout(map.invalidateSize.bind(map), 100);\n        let contentString = '<div id=\"content\">' +\n            '<div id=\"siteNotice\">' +\n            '<\/div>' +\n            '<h4 id=\"firstHeading\" class=\"firstHeading\">Camping d\\'Angers - Lac de Maine<\/h4>' +\n            '<div id=\"bodyContent\">' +\n            '<p>Avenue du Lac de Maine<\/p>' +\n            '<p>49000 Angers<\/p>' +\n            '<\/div>' +\n            '<\/div>';\n        let marker = L.marker([47.4536715, -0.5952781999999388], {icon: iconType}).addTo(map);\n        marker.bindPopup(contentString).openPopup();\n        let iwOuter = document.querySelector('.leaflet-popup-content-wrapper');\n        let iwArrow = document.querySelector('.leaflet-popup-tip');\n        iwOuter.style.backgroundColor = '#E84E1B';\n        iwArrow.style.backgroundColor = '#E84E1B';\n    <\/script>\n    [\/vc_column][\/vc_row][vc_row][vc_column]<div class=\"wrappedcontent\">[vc_row_inner css=&#8220;.vc_custom_1529319028335{margin-top: -30px !important;margin-bottom: -30px !important;}&#8220;][vc_column_inner width=&#8220;1\/4&#8243;][vc_column_text]<\/p>\n<p style=\"text-align: center;\"><span style=\"font-size: 10pt;\">4<\/span><\/p>\n<p>[\/vc_column_text][vc_icon icon_fontawesome=&#8220;fa fa-star&#8220; color=&#8220;mulled_wine&#8220; size=&#8220;xs&#8220; align=&#8220;center&#8220; css=&#8220;.vc_custom_1529319032791{margin-bottom: -10px !important;}&#8220;][\/vc_column_inner][vc_column_inner width=&#8220;1\/4&#8243;][vc_column_text]<\/p>\n<p style=\"text-align: center;\"><span style=\"font-size: 13.3333px;\">Gesamtfl\u00e4che: 4,7ha<\/span><\/p>\n<p>[\/vc_column_text][vc_icon icon_fontawesome=&#8220;fa fa-envira&#8220; color=&#8220;mulled_wine&#8220; size=&#8220;xs&#8220; align=&#8220;center&#8220; css=&#8220;.vc_custom_1529319036952{margin-bottom: -10px !important;}&#8220;][\/vc_column_inner][vc_column_inner width=&#8220;1\/4&#8243;][vc_column_text]<\/p>\n<p style=\"text-align: center;\"><span style=\"font-size: 13.3333px;\">158 Stellpl\u00e4tze<\/span><\/p>\n<p>[\/vc_column_text][vc_icon icon_fontawesome=&#8220;fa fa-home&#8220; color=&#8220;mulled_wine&#8220; size=&#8220;xs&#8220; align=&#8220;center&#8220; css=&#8220;.vc_custom_1529319041888{margin-bottom: -10px !important;}&#8220;][\/vc_column_inner][vc_column_inner width=&#8220;1\/4&#8243;][vc_column_text]<\/p>\n<p style=\"text-align: center;\"><span style=\"font-size: 10pt;\">Barrierefreier Campingplatz<\/span><\/p>\n<p>[\/vc_column_text][vc_icon icon_fontawesome=&#8220;fa fa-wheelchair&#8220; color=&#8220;mulled_wine&#8220; size=&#8220;xs&#8220; align=&#8220;center&#8220; css=&#8220;.vc_custom_1529319045645{margin-bottom: -10px !important;}&#8220;][\/vc_column_inner][\/vc_row_inner]<\/div>[\/vc_column][\/vc_row]<\/p>\n<\/div>","protected":false},"excerpt":{"rendered":"<p>[vc_row][vc_column][\/vc_column][\/vc_row][vc_row css=&#8220;.vc_custom_1521039773023{background-color: #e8e8e8 !important;}&#8220;][vc_column][\/vc_column][\/vc_row][vc_row][vc_column][\/vc_column][\/vc_row][vc_row css=&#8220;.vc_custom_1520241705394{background-color: #e8e8e8 !important;}&#8220;][vc_column][\/vc_column][\/vc_row][vc_row][vc_column][\/vc_column][\/vc_row]<\/p>\n","protected":false},"author":1,"featured_media":0,"parent":0,"menu_order":0,"comment_status":"closed","ping_status":"closed","template":"templates\/page-home.php","meta":{"footnotes":""},"class_list":["post-485","page","type-page","status-publish","hentry"],"yoast_head":"<!-- This site is optimized with the Yoast SEO plugin v25.6 - https:\/\/yoast.com\/wordpress\/plugins\/seo\/ -->\n<title>Camping d&#039;Angers - Lac de Maine - Bleiben Sie im Val de Loire<\/title>\n<meta name=\"description\" content=\"Dieser Campingplatz genie\u00dft eine privilegierte Lage im Herzen eines Parks von 120 Hektar. In der N\u00e4he von Angers gelegen, entdecken Sie das Loire-Tal und seine Schl\u00f6sser.\" \/>\n<meta name=\"robots\" content=\"index, follow, max-snippet:-1, max-image-preview:large, max-video-preview:-1\" \/>\n<link rel=\"canonical\" href=\"https:\/\/www.campingangers.com\/de\/\" \/>\n<meta property=\"og:locale\" content=\"de_DE\" \/>\n<meta property=\"og:type\" content=\"article\" \/>\n<meta property=\"og:title\" content=\"Camping d&#039;Angers - Lac de Maine - Bleiben Sie im Val de Loire\" \/>\n<meta property=\"og:description\" content=\"Dieser Campingplatz genie\u00dft eine privilegierte Lage im Herzen eines Parks von 120 Hektar. In der N\u00e4he von Angers gelegen, entdecken Sie das Loire-Tal und seine Schl\u00f6sser.\" \/>\n<meta property=\"og:url\" content=\"https:\/\/www.campingangers.com\/de\/\" \/>\n<meta property=\"og:site_name\" content=\"Camping d&#039;Angers - Lac de Maine\" \/>\n<meta property=\"article:modified_time\" content=\"2026-02-24T14:14:55+00:00\" \/>\n<meta property=\"og:image\" content=\"https:\/\/www.campingangers.com\/uploads\/sites\/10\/2025\/07\/chalet-ottawa-angers-citykamp.jpg\" \/>\n\t<meta property=\"og:image:width\" content=\"600\" \/>\n\t<meta property=\"og:image:height\" content=\"400\" \/>\n\t<meta property=\"og:image:type\" content=\"image\/jpeg\" \/>\n<meta name=\"twitter:card\" content=\"summary_large_image\" \/>\n<meta name=\"twitter:label1\" content=\"Est. reading time\" \/>\n\t<meta name=\"twitter:data1\" content=\"4 Minuten\" \/>\n<script type=\"application\/ld+json\" class=\"yoast-schema-graph\">{\"@context\":\"https:\/\/schema.org\",\"@graph\":[{\"@type\":\"WebPage\",\"@id\":\"https:\/\/www.campingangers.com\/de\/\",\"url\":\"https:\/\/www.campingangers.com\/de\/\",\"name\":\"Camping d'Angers - Lac de Maine - Bleiben Sie im Val de Loire\",\"isPartOf\":{\"@id\":\"https:\/\/www.campingangers.com\/de\/#website\"},\"datePublished\":\"2018-02-26T09:25:44+00:00\",\"dateModified\":\"2026-02-24T14:14:55+00:00\",\"description\":\"Dieser Campingplatz genie\u00dft eine privilegierte Lage im Herzen eines Parks von 120 Hektar. In der N\u00e4he von Angers gelegen, entdecken Sie das Loire-Tal und seine Schl\u00f6sser.\",\"breadcrumb\":{\"@id\":\"https:\/\/www.campingangers.com\/de\/#breadcrumb\"},\"inLanguage\":\"de-DE\",\"potentialAction\":[{\"@type\":\"ReadAction\",\"target\":[\"https:\/\/www.campingangers.com\/de\/\"]}]},{\"@type\":\"BreadcrumbList\",\"@id\":\"https:\/\/www.campingangers.com\/de\/#breadcrumb\",\"itemListElement\":[{\"@type\":\"ListItem\",\"position\":1,\"name\":\"Accueil\",\"item\":\"https:\/\/www.campingangers.com\/de\/\"},{\"@type\":\"ListItem\",\"position\":2,\"name\":\"Accueil\"}]},{\"@type\":\"WebSite\",\"@id\":\"https:\/\/www.campingangers.com\/de\/#website\",\"url\":\"https:\/\/www.campingangers.com\/de\/\",\"name\":\"Camping d&#039;Angers - Lac de Maine\",\"description\":\"Un site utilisant Citykamp\",\"potentialAction\":[{\"@type\":\"SearchAction\",\"target\":{\"@type\":\"EntryPoint\",\"urlTemplate\":\"https:\/\/www.campingangers.com\/de\/?s={search_term_string}\"},\"query-input\":{\"@type\":\"PropertyValueSpecification\",\"valueRequired\":true,\"valueName\":\"search_term_string\"}}],\"inLanguage\":\"de-DE\"}]}<\/script>\n<!-- \/ Yoast SEO plugin. -->","yoast_head_json":{"title":"Camping d'Angers - Lac de Maine - Bleiben Sie im Val de Loire","description":"Dieser Campingplatz genie\u00dft eine privilegierte Lage im Herzen eines Parks von 120 Hektar. In der N\u00e4he von Angers gelegen, entdecken Sie das Loire-Tal und seine Schl\u00f6sser.","robots":{"index":"index","follow":"follow","max-snippet":"max-snippet:-1","max-image-preview":"max-image-preview:large","max-video-preview":"max-video-preview:-1"},"canonical":"https:\/\/www.campingangers.com\/de\/","og_locale":"de_DE","og_type":"article","og_title":"Camping d'Angers - Lac de Maine - Bleiben Sie im Val de Loire","og_description":"Dieser Campingplatz genie\u00dft eine privilegierte Lage im Herzen eines Parks von 120 Hektar. In der N\u00e4he von Angers gelegen, entdecken Sie das Loire-Tal und seine Schl\u00f6sser.","og_url":"https:\/\/www.campingangers.com\/de\/","og_site_name":"Camping d&#039;Angers - Lac de Maine","article_modified_time":"2026-02-24T14:14:55+00:00","og_image":[{"width":600,"height":400,"url":"https:\/\/www.campingangers.com\/uploads\/sites\/10\/2025\/07\/chalet-ottawa-angers-citykamp.jpg","type":"image\/jpeg"}],"twitter_card":"summary_large_image","twitter_misc":{"Est. reading time":"4 Minuten"},"schema":{"@context":"https:\/\/schema.org","@graph":[{"@type":"WebPage","@id":"https:\/\/www.campingangers.com\/de\/","url":"https:\/\/www.campingangers.com\/de\/","name":"Camping d'Angers - Lac de Maine - Bleiben Sie im Val de Loire","isPartOf":{"@id":"https:\/\/www.campingangers.com\/de\/#website"},"datePublished":"2018-02-26T09:25:44+00:00","dateModified":"2026-02-24T14:14:55+00:00","description":"Dieser Campingplatz genie\u00dft eine privilegierte Lage im Herzen eines Parks von 120 Hektar. In der N\u00e4he von Angers gelegen, entdecken Sie das Loire-Tal und seine Schl\u00f6sser.","breadcrumb":{"@id":"https:\/\/www.campingangers.com\/de\/#breadcrumb"},"inLanguage":"de-DE","potentialAction":[{"@type":"ReadAction","target":["https:\/\/www.campingangers.com\/de\/"]}]},{"@type":"BreadcrumbList","@id":"https:\/\/www.campingangers.com\/de\/#breadcrumb","itemListElement":[{"@type":"ListItem","position":1,"name":"Accueil","item":"https:\/\/www.campingangers.com\/de\/"},{"@type":"ListItem","position":2,"name":"Accueil"}]},{"@type":"WebSite","@id":"https:\/\/www.campingangers.com\/de\/#website","url":"https:\/\/www.campingangers.com\/de\/","name":"Camping d&#039;Angers - Lac de Maine","description":"Un site utilisant Citykamp","potentialAction":[{"@type":"SearchAction","target":{"@type":"EntryPoint","urlTemplate":"https:\/\/www.campingangers.com\/de\/?s={search_term_string}"},"query-input":{"@type":"PropertyValueSpecification","valueRequired":true,"valueName":"search_term_string"}}],"inLanguage":"de-DE"}]}},"_links":{"self":[{"href":"https:\/\/www.campingangers.com\/de\/wp-json\/wp\/v2\/pages\/485","targetHints":{"allow":["GET"]}}],"collection":[{"href":"https:\/\/www.campingangers.com\/de\/wp-json\/wp\/v2\/pages"}],"about":[{"href":"https:\/\/www.campingangers.com\/de\/wp-json\/wp\/v2\/types\/page"}],"author":[{"embeddable":true,"href":"https:\/\/www.campingangers.com\/de\/wp-json\/wp\/v2\/users\/1"}],"replies":[{"embeddable":true,"href":"https:\/\/www.campingangers.com\/de\/wp-json\/wp\/v2\/comments?post=485"}],"version-history":[{"count":8,"href":"https:\/\/www.campingangers.com\/de\/wp-json\/wp\/v2\/pages\/485\/revisions"}],"predecessor-version":[{"id":89737,"href":"https:\/\/www.campingangers.com\/de\/wp-json\/wp\/v2\/pages\/485\/revisions\/89737"}],"wp:attachment":[{"href":"https:\/\/www.campingangers.com\/de\/wp-json\/wp\/v2\/media?parent=485"}],"curies":[{"name":"wp","href":"https:\/\/api.w.org\/{rel}","templated":true}]}}